{"id":9959,"date":"2024-12-16T09:56:34","date_gmt":"2024-12-16T12:56:34","guid":{"rendered":"https:\/\/tododescuento.cl\/?post_type=product&#038;p=9959"},"modified":"2025-02-04T01:33:24","modified_gmt":"2025-02-04T04:33:24","slug":"juego-set-supermercado-60-pcs-con-cesta","status":"publish","type":"product","link":"https:\/\/tododescuento.cl\/web\/producto\/juego-set-supermercado-60-pcs-con-cesta\/","title":{"rendered":"Juego Set Supermercado 60 Pcs con Cesta"},"content":{"rendered":"<p><span class=\"a-list-item\">Dale a tu peque\u00f1o su propia experiencia de compra. Este juego de cesta de compras es el regalo perfecto para un peque\u00f1o que ama ayudar con la tienda semanal. Los ni\u00f1os pueden disfrutar jugando un juego de simulaci\u00f3n realista<\/span><\/p>\n<p><span class=\"a-list-item\">El set de supermercado con cesta de compras para ni\u00f1os deja que la imaginaci\u00f3n y la curiosidad de tus hijos se vuelva loca siendo capaces de crear sus propias narrativas y entretenerse solos o con amigos y familiares.<\/span><\/p>\n<p><span class=\"a-list-item\">Este juego incluye m\u00e1s de 50 accesorios de compras que a tu hijo le encantar\u00e1n. Incluso hay un carrito de compras y un esc\u00e1ner que funciona que proporciona un juego m\u00e1s interactivo para su peque\u00f1o. Tambi\u00e9n se incluyen funciones de luz y sonido para crear un juego m\u00e1s realista para tu peque\u00f1o.<\/span><\/p>\n<p><span class=\"a-list-item\">Materiales seguros y de alta calidad: los juguetes de supermercado est\u00e1n hechos de materiales duraderos, colores brillantes y f\u00e1ciles de limpiar. Tiene bordes lisos y sin rebabas para garantizar la seguridad al jugar.<\/span><\/p>\n","protected":false},"excerpt":{"rendered":"<p><span class=\"a-list-item\">Deja volar la imaginaci\u00f3n y la curiosidad de tu hijo con este Set de Supermercado.\u00a0<\/span><\/p>\n","protected":false},"featured_media":9961,"comment_status":"open","ping_status":"closed","template":"","meta":[],"product_brand":[],"product_cat":[295,294,561],"product_tag":[723,722],"class_list":{"0":"post-9959","1":"product","2":"type-product","3":"status-publish","4":"has-post-thumbnail","6":"product_cat-juguetes-didacticos","7":"product_cat-ninos","8":"product_cat-tododescuento","9":"product_tag-juego-juguete-nino","10":"product_tag-supermercado","12":"first","13":"instock","14":"sale","15":"shipping-taxable","16":"purchasable","17":"product-type-simple"},"_links":{"self":[{"href":"https:\/\/tododescuento.cl\/web\/wp-json\/wp\/v2\/product\/9959","targetHints":{"allow":["GET"]}}],"collection":[{"href":"https:\/\/tododescuento.cl\/web\/wp-json\/wp\/v2\/product"}],"about":[{"href":"https:\/\/tododescuento.cl\/web\/wp-json\/wp\/v2\/types\/product"}],"replies":[{"embeddable":true,"href":"https:\/\/tododescuento.cl\/web\/wp-json\/wp\/v2\/comments?post=9959"}],"wp:featuredmedia":[{"embeddable":true,"href":"https:\/\/tododescuento.cl\/web\/wp-json\/wp\/v2\/media\/9961"}],"wp:attachment":[{"href":"https:\/\/tododescuento.cl\/web\/wp-json\/wp\/v2\/media?parent=9959"}],"wp:term":[{"taxonomy":"product_brand","embeddable":true,"href":"https:\/\/tododescuento.cl\/web\/wp-json\/wp\/v2\/product_brand?post=9959"},{"taxonomy":"product_cat","embeddable":true,"href":"https:\/\/tododescuento.cl\/web\/wp-json\/wp\/v2\/product_cat?post=9959"},{"taxonomy":"product_tag","embeddable":true,"href":"https:\/\/tododescuento.cl\/web\/wp-json\/wp\/v2\/product_tag?post=9959"}],"curies":[{"name":"wp","href":"https:\/\/api.w.org\/{rel}","templated":true}]}}