{"id":9891,"date":"2024-12-09T08:34:09","date_gmt":"2024-12-09T11:34:09","guid":{"rendered":"https:\/\/tododescuento.cl\/?post_type=product&#038;p=9891"},"modified":"2025-12-26T23:15:50","modified_gmt":"2025-12-27T02:15:50","slug":"juego-mesa-de-herramientas-para-ninos-78-psc","status":"publish","type":"product","link":"https:\/\/tododescuento.cl\/web\/producto\/juego-mesa-de-herramientas-para-ninos-78-psc\/","title":{"rendered":"Juego Mesa de Herramientas Kids Tool 78 Psc"},"content":{"rendered":"<p><span class=\"a-list-item\">Material duradero y seguro: el juego banco de herramientas para ni\u00f1os est\u00e1 hecho de ABS de alta calidad, que es seguro, respetuoso con el medio ambiente y resistente. La superficie del juego de herramientas es lisa, los ni\u00f1os pueden jugar sin peligro.<\/span><\/p>\n<p><span class=\"a-list-item\">Utiliza juguetes de simulaci\u00f3n para el aprendizaje STEM, lo que ayudar\u00e1 a desarrollar las habilidades pr\u00e1cticas del ni\u00f1o y aprender a usar las herramientas diarias. Tambi\u00e9n puede inspirar su imaginaci\u00f3n y conocimiento de la ingenier\u00eda cient\u00edfica.<\/span><\/p>\n<p><span class=\"a-list-item\">El banco de trabajo para ni\u00f1os contiene una variedad de herramientas, como juguetes de taladro el\u00e9ctrico, cinta m\u00e9trica, martillos, destornilladores, llaves y tornillos. Los padres pueden jugar con los ni\u00f1os y resolver problemas realistas ense\u00f1\u00e1ndoles c\u00f3mo usar las herramientas correctamente.<\/span><\/p>\n<p>El dise\u00f1o 3 en 1 permite la conversi\u00f3n en un banco de trabajo de herramientas, una caja de herramientas port\u00e1til o una caja de carro<\/p>\n<p>Forma 1: un banco de trabajo de pie que se puede colocar en cualquier lugar, los ni\u00f1os pueden pararse o sentarse y disfrutar jugando con los juguetes de herramientas.<\/p>\n<p>Forma 2: una caja de herramientas que puede almacenar todos los accesorios de herramientas.<\/p>\n<p>Forma 3: una maleta de herramientas de arrastrar y soltar con varilla telesc\u00f3pica y ruedas, los ni\u00f1os pueden llevarla a cualquier parte.<\/p>\n","protected":false},"excerpt":{"rendered":"<p>Promueve el desarrollo de habilidades, imaginaci\u00f3n, curiosidad y atenci\u00f3n en los ni\u00f1os Ideal como juguete educativo STEM.<\/p>\n","protected":false},"featured_media":9900,"comment_status":"open","ping_status":"closed","template":"","meta":[],"product_brand":[],"product_cat":[295,294,561],"product_tag":[717,716,689,718],"class_list":{"0":"post-9891","1":"product","2":"type-product","3":"status-publish","4":"has-post-thumbnail","6":"product_cat-juguetes-didacticos","7":"product_cat-ninos","8":"product_cat-tododescuento","9":"product_tag-herraminetas","10":"product_tag-juego-de-herramientas","11":"product_tag-nino","12":"product_tag-rol","14":"first","15":"instock","16":"sale","17":"shipping-taxable","18":"purchasable","19":"product-type-simple"},"_links":{"self":[{"href":"https:\/\/tododescuento.cl\/web\/wp-json\/wp\/v2\/product\/9891","targetHints":{"allow":["GET"]}}],"collection":[{"href":"https:\/\/tododescuento.cl\/web\/wp-json\/wp\/v2\/product"}],"about":[{"href":"https:\/\/tododescuento.cl\/web\/wp-json\/wp\/v2\/types\/product"}],"replies":[{"embeddable":true,"href":"https:\/\/tododescuento.cl\/web\/wp-json\/wp\/v2\/comments?post=9891"}],"wp:featuredmedia":[{"embeddable":true,"href":"https:\/\/tododescuento.cl\/web\/wp-json\/wp\/v2\/media\/9900"}],"wp:attachment":[{"href":"https:\/\/tododescuento.cl\/web\/wp-json\/wp\/v2\/media?parent=9891"}],"wp:term":[{"taxonomy":"product_brand","embeddable":true,"href":"https:\/\/tododescuento.cl\/web\/wp-json\/wp\/v2\/product_brand?post=9891"},{"taxonomy":"product_cat","embeddable":true,"href":"https:\/\/tododescuento.cl\/web\/wp-json\/wp\/v2\/product_cat?post=9891"},{"taxonomy":"product_tag","embeddable":true,"href":"https:\/\/tododescuento.cl\/web\/wp-json\/wp\/v2\/product_tag?post=9891"}],"curies":[{"name":"wp","href":"https:\/\/api.w.org\/{rel}","templated":true}]}}