{"id":9854,"date":"2024-12-02T13:11:42","date_gmt":"2024-12-02T16:11:42","guid":{"rendered":"https:\/\/tododescuento.cl\/?post_type=product&#038;p=9854"},"modified":"2025-03-10T15:08:47","modified_gmt":"2025-03-10T18:08:47","slug":"pack-4-taburetes-tolix-77cm-base-madera-negro","status":"publish","type":"product","link":"https:\/\/tododescuento.cl\/web\/producto\/pack-4-taburetes-tolix-77cm-base-madera-negro\/","title":{"rendered":"Pack 4 Taburetes Tolix 77cm Base Madera- Negro"},"content":{"rendered":"<p>El \u00e1ngulo del respaldo del taburete est\u00e1 formado con un dise\u00f1o ergon\u00f3mico<\/p>\n<p>Posee goma antideslizante en sus patas para proteger el suelo. Est\u00e1 protegido por pintura de alta calidad que forma una pel\u00edcula protectora en la superficie, es resistente a ara\u00f1azos, f\u00e1cil de limpiar proporcionando comodidad en su transporte y simplificando su almacenamiento en espacios compactos.<\/p>\n<p>\u2022 Medidas del taburete:<\/p>\n<p>Altura Total: 98 cm<\/p>\n<p>Alto del piso al Asiento: 77 cm<\/p>\n<p>Ancho del asiento: 36 cm<\/p>\n<p>Profundidad: 36 cm<\/p>\n<p>Este taburete de estilo industrial est\u00e1 fabricado en metal galvanizado, es perfecto para restaurantes o para el hogar<\/p>\n","protected":false},"excerpt":{"rendered":"<p>El taburete Tolix ofrece durabilidad de grado comercial y un estilo moderno y robusto.<\/p>\n<p>&nbsp;<\/p>\n","protected":false},"featured_media":9936,"comment_status":"closed","ping_status":"closed","template":"","meta":[],"product_brand":[],"product_cat":[270,278,561],"product_tag":[530,246,659,593,279],"class_list":{"0":"post-9854","1":"product","2":"type-product","3":"status-publish","4":"has-post-thumbnail","6":"product_cat-muebles","7":"product_cat-taburetes","8":"product_cat-tododescuento","9":"product_tag-madera","10":"product_tag-negro","11":"product_tag-pisos","12":"product_tag-taburete","13":"product_tag-tolix","15":"first","16":"instock","17":"sale","18":"purchasable","19":"product-type-simple"},"_links":{"self":[{"href":"https:\/\/tododescuento.cl\/web\/wp-json\/wp\/v2\/product\/9854","targetHints":{"allow":["GET"]}}],"collection":[{"href":"https:\/\/tododescuento.cl\/web\/wp-json\/wp\/v2\/product"}],"about":[{"href":"https:\/\/tododescuento.cl\/web\/wp-json\/wp\/v2\/types\/product"}],"replies":[{"embeddable":true,"href":"https:\/\/tododescuento.cl\/web\/wp-json\/wp\/v2\/comments?post=9854"}],"wp:featuredmedia":[{"embeddable":true,"href":"https:\/\/tododescuento.cl\/web\/wp-json\/wp\/v2\/media\/9936"}],"wp:attachment":[{"href":"https:\/\/tododescuento.cl\/web\/wp-json\/wp\/v2\/media?parent=9854"}],"wp:term":[{"taxonomy":"product_brand","embeddable":true,"href":"https:\/\/tododescuento.cl\/web\/wp-json\/wp\/v2\/product_brand?post=9854"},{"taxonomy":"product_cat","embeddable":true,"href":"https:\/\/tododescuento.cl\/web\/wp-json\/wp\/v2\/product_cat?post=9854"},{"taxonomy":"product_tag","embeddable":true,"href":"https:\/\/tododescuento.cl\/web\/wp-json\/wp\/v2\/product_tag?post=9854"}],"curies":[{"name":"wp","href":"https:\/\/api.w.org\/{rel}","templated":true}]}}