{"id":9743,"date":"2024-11-25T10:53:24","date_gmt":"2024-11-25T13:53:24","guid":{"rendered":"https:\/\/tododescuento.cl\/?post_type=product&#038;p=9743"},"modified":"2024-11-25T14:25:52","modified_gmt":"2024-11-25T17:25:52","slug":"sillon-individual-gracia-verde","status":"publish","type":"product","link":"https:\/\/tododescuento.cl\/web\/producto\/sillon-individual-gracia-verde\/","title":{"rendered":"Sill\u00f3n Individual Grace- Verde"},"content":{"rendered":"<p>Dise\u00f1ado para acoger el cuerpo con total comodidad y relajaci\u00f3n gracias al generoso acolchado,\u00a0 La estructura fabricada en polipropileno con base met\u00e1lica se completa con un asiento extra\u00edble y lavable.<\/p>\n<p>Divertida y moderna, es ideal para ambientes informales y se adapta no s\u00f3lo a ambientes interiores, sino tambi\u00e9n a espacios exteriores.<\/p>\n<p><strong>CARACTER\u00cdSTICAS DEL PRODUCTO<\/strong><\/p>\n<p>\u2022 Sill\u00f3n en polipropileno<br \/>\n\u2022 Cojines acolchados con fundas desenfundables<br \/>\n\u2022 Cojines de tela<br \/>\n\u2022 Base met\u00e1lica<\/p>\n<p><strong>Material<\/strong><\/p>\n<p>Estructura: Polipropileno<br \/>\nMetal base<br \/>\nRevestimiento: Tela<br \/>\nDimensiones totales<br \/>\nLPH 74 x 85 x 86<\/p>\n<p><strong>Medidas del producto<\/strong><\/p>\n<p>Ancho: 79cm<\/p>\n<p>Profundidad: 91 cm<\/p>\n<p>Altura: 86cm<\/p>\n<p>Altura del piso al asiento; 42cm<\/p>\n<p>Peso neto: 12 kilogramos<\/p>\n","protected":false},"excerpt":{"rendered":"<p>Grace es el sill\u00f3n que invita a sentarse y experimentar su comodidad.<\/p>\n","protected":false},"featured_media":9745,"comment_status":"open","ping_status":"closed","template":"","meta":[],"product_brand":[],"product_cat":[346,561],"product_tag":[706,669,704,341],"class_list":{"0":"post-9743","1":"product","2":"type-product","3":"status-publish","4":"has-post-thumbnail","6":"product_cat-sillon","7":"product_cat-tododescuento","8":"product_tag-grace","9":"product_tag-sillon","10":"product_tag-sofa","11":"product_tag-verde","13":"first","14":"instock","15":"sale","16":"shipping-taxable","17":"purchasable","18":"product-type-simple"},"_links":{"self":[{"href":"https:\/\/tododescuento.cl\/web\/wp-json\/wp\/v2\/product\/9743","targetHints":{"allow":["GET"]}}],"collection":[{"href":"https:\/\/tododescuento.cl\/web\/wp-json\/wp\/v2\/product"}],"about":[{"href":"https:\/\/tododescuento.cl\/web\/wp-json\/wp\/v2\/types\/product"}],"replies":[{"embeddable":true,"href":"https:\/\/tododescuento.cl\/web\/wp-json\/wp\/v2\/comments?post=9743"}],"wp:featuredmedia":[{"embeddable":true,"href":"https:\/\/tododescuento.cl\/web\/wp-json\/wp\/v2\/media\/9745"}],"wp:attachment":[{"href":"https:\/\/tododescuento.cl\/web\/wp-json\/wp\/v2\/media?parent=9743"}],"wp:term":[{"taxonomy":"product_brand","embeddable":true,"href":"https:\/\/tododescuento.cl\/web\/wp-json\/wp\/v2\/product_brand?post=9743"},{"taxonomy":"product_cat","embeddable":true,"href":"https:\/\/tododescuento.cl\/web\/wp-json\/wp\/v2\/product_cat?post=9743"},{"taxonomy":"product_tag","embeddable":true,"href":"https:\/\/tododescuento.cl\/web\/wp-json\/wp\/v2\/product_tag?post=9743"}],"curies":[{"name":"wp","href":"https:\/\/api.w.org\/{rel}","templated":true}]}}