{"id":9734,"date":"2024-11-22T16:55:10","date_gmt":"2024-11-22T19:55:10","guid":{"rendered":"https:\/\/tododescuento.cl\/?post_type=product&#038;p=9734"},"modified":"2025-02-18T08:57:24","modified_gmt":"2025-02-18T11:57:24","slug":"sillon-individual-ostra-azul","status":"publish","type":"product","link":"https:\/\/tododescuento.cl\/web\/producto\/sillon-individual-ostra-azul\/","title":{"rendered":"Sill\u00f3n Individual Ostra- Azul"},"content":{"rendered":"<p>Nuestro sill\u00f3n de patas de metal dorado esta dise\u00f1ado con un respaldo en forma de ostra que se adapta al \u00e1ngulo de inclinaci\u00f3n del cuerpo y un asiento lleno de espuma de alta densidad para que pueda sentarse durante mucho tiempo sin cansarse.<\/p>\n<p>El tejido de terciopelo suave y delicado es muy suave al tacto y proporciona una sensaci\u00f3n suave y c\u00f3moda. El asiento en forma de p\u00e9talo lo sostendr\u00e1 de manera segura en \u00e9l, envolviendo su cuerpo mientras proporciona una sensaci\u00f3n de seguridad y comodidad. Sus patas de acero inoxidable galvanizadas tienen una fuerte capacidad de carga y no solo son efectivas contra el \u00f3xido, sino tambi\u00e9n duraderas.<\/p>\n<p><strong>Funciones<\/strong><\/p>\n<p>1. Nuestro Sill\u00f3n Ostra Azul Claro est\u00e1 hecho de terciopelo resistente al desgaste de alta calidad, con buena transpirabilidad y una textura suave y delgada, lisa y el\u00e1stica al tacto.<\/p>\n<p>2. Las patas met\u00e1licas del sof\u00e1 se han horneado a alta temperatura para evitar el \u00f3xido, con una fuerte capacidad de carga y un alto factor de seguridad, con una capacidad de carga de 350KG.<\/p>\n<p>3. El asiento del sill\u00f3n est\u00e1 lleno de esponja de alta densidad, que es altamente resistente y no se derrumba despu\u00e9s de estar sentado durante mucho tiempo.<\/p>\n<ul style=\"font-weight: 400\">\n<li style=\"font-style: inherit;font-weight: inherit\"><span style=\"font-style: inherit;font-weight: inherit\">Sill\u00f3n muy c\u00f3modo y pr\u00e1ctico especial para momentos de relajo<\/span><\/li>\n<li style=\"font-style: inherit;font-weight: inherit\"><span style=\"font-style: inherit;font-weight: inherit\">Dise\u00f1o exclusivo, moderno y muy decorativo, lo hace apto para cualquier espacio de su casa, como living, sala de estar, dormitorios, terrazas o su lugar de descanso<\/span><\/li>\n<li style=\"font-style: inherit;font-weight: inherit\"><span style=\"font-style: inherit;font-weight: inherit\">Asiento redondeado, suave y espacioso, con respaldo, lo que permite una mayor comodidad con espuma de alta densidad\u00a0<\/span><\/li>\n<li style=\"font-style: inherit;font-weight: inherit\"><span style=\"font-style: inherit;font-weight: inherit\">Muy f\u00e1cil de limpiar<\/span><\/li>\n<li style=\"font-style: inherit;font-weight: inherit\"><span style=\"font-style: inherit;font-weight: inherit\">Material del relleno: Espuma de alta densidad<\/span><\/li>\n<li style=\"font-style: inherit;font-weight: inherit\"><span style=\"font-style: inherit;font-weight: inherit\">Costura reforzada<\/span><\/li>\n<li style=\"font-style: inherit;font-weight: inherit\"><span style=\"font-style: inherit;font-weight: inherit\">Estructuran de madera<\/span><\/li>\n<li style=\"font-style: inherit;font-weight: inherit\"><span style=\"font-style: inherit;font-weight: inherit\">Material de las patas: Aluminio doradas<\/span><\/li>\n<li style=\"font-style: inherit;font-weight: inherit\"><span style=\"font-style: inherit;font-weight: inherit\">Material del tapiz: Terciopelo suave<\/span><\/li>\n<li style=\"font-style: inherit;font-weight: inherit\"><span style=\"font-style: inherit;font-weight: inherit\">Di\u00e1metro mayor 80cm, di\u00e1metro asiento 60 cm, altura total 75 cm, altura asiento 40cm<\/span><\/li>\n<li style=\"font-style: inherit;font-weight: inherit\"><span style=\"font-style: inherit;font-weight: inherit\">Di\u00e1metro: 80cm<\/span><\/li>\n<li style=\"font-style: inherit;font-weight: inherit\"><span style=\"font-style: inherit;font-weight: inherit\">Alto: 75 cm<\/span><\/li>\n<\/ul>\n","protected":false},"excerpt":{"rendered":"<p>\u00a1Toma asiento en tu Sill\u00f3n de terciopelo Ostra! Esta comodidad est\u00e1 tapizada en terciopelo suave, para mayor comodidad y elegancia.<\/p>\n","protected":false},"featured_media":9736,"comment_status":"open","ping_status":"closed","template":"","meta":[],"product_brand":[],"product_cat":[346,561],"product_tag":[296,705,669,704],"class_list":{"0":"post-9734","1":"product","2":"type-product","3":"status-publish","4":"has-post-thumbnail","6":"product_cat-sillon","7":"product_cat-tododescuento","8":"product_tag-azul","9":"product_tag-ostra","10":"product_tag-sillon","11":"product_tag-sofa","13":"first","14":"instock","15":"sale","16":"shipping-taxable","17":"purchasable","18":"product-type-simple"},"_links":{"self":[{"href":"https:\/\/tododescuento.cl\/web\/wp-json\/wp\/v2\/product\/9734","targetHints":{"allow":["GET"]}}],"collection":[{"href":"https:\/\/tododescuento.cl\/web\/wp-json\/wp\/v2\/product"}],"about":[{"href":"https:\/\/tododescuento.cl\/web\/wp-json\/wp\/v2\/types\/product"}],"replies":[{"embeddable":true,"href":"https:\/\/tododescuento.cl\/web\/wp-json\/wp\/v2\/comments?post=9734"}],"wp:featuredmedia":[{"embeddable":true,"href":"https:\/\/tododescuento.cl\/web\/wp-json\/wp\/v2\/media\/9736"}],"wp:attachment":[{"href":"https:\/\/tododescuento.cl\/web\/wp-json\/wp\/v2\/media?parent=9734"}],"wp:term":[{"taxonomy":"product_brand","embeddable":true,"href":"https:\/\/tododescuento.cl\/web\/wp-json\/wp\/v2\/product_brand?post=9734"},{"taxonomy":"product_cat","embeddable":true,"href":"https:\/\/tododescuento.cl\/web\/wp-json\/wp\/v2\/product_cat?post=9734"},{"taxonomy":"product_tag","embeddable":true,"href":"https:\/\/tododescuento.cl\/web\/wp-json\/wp\/v2\/product_tag?post=9734"}],"curies":[{"name":"wp","href":"https:\/\/api.w.org\/{rel}","templated":true}]}}