{"id":9703,"date":"2024-11-21T18:14:21","date_gmt":"2024-11-21T21:14:21","guid":{"rendered":"https:\/\/tododescuento.cl\/?post_type=product&#038;p=9703"},"modified":"2024-11-29T19:24:57","modified_gmt":"2024-11-29T22:24:57","slug":"pack-2-sitiales-jazz-gris","status":"publish","type":"product","link":"https:\/\/tododescuento.cl\/web\/producto\/pack-2-sitiales-jazz-gris\/","title":{"rendered":"Pack 2 Sitiales Jazz- Gris"},"content":{"rendered":"<p>Esta silla cuenta con una hermosa cubierta de tela y patas de metal d\u00e1ndole as\u00ed un toque sofisticado y moderno a cualquier parte de tu hogar.<\/p>\n<p>El sitial Jazz es dise\u00f1ado con apoya brazos, para combinar a la perfecci\u00f3n estilo y comodidad, tiene un estilo escandinavo, su forma curva otorga fluidez y su asiento y respaldo ofrecen confort y una agradable postura relajada.<\/p>\n<p>Es el sitial deal para dar un toque moderno y elegante a cualquier espacio. El montaje no te llevar\u00e1 mucho tiempo, todas las instrucciones de armado y las herramientas necesarias est\u00e1n incluidas en el empaque. Soporta un peso m\u00e1ximo de 120 kg.<\/p>\n<p><strong>BASE<\/strong>: Estructura de cuatro patas en madera de haya, cada juego de patas es fabricada en una sola pieza con dobles en forma de \u201cU\u201d invertida, con perforaciones cada para unirse a refuerzos en polipropileno de alto impacto en color negro por medio de tornillos con rondana de presi\u00f3n, rondana plana.<\/p>\n<p><strong>ASIENTO Y RESPALDO:\u00a0<\/strong>En una sola pieza de polipropileno revestido con espuma y delcron tapizado en tela 100% poli\u00e9ster , asiento inferior con insertos roscados para fi\u00adjarse a refuerzo en polipropileno de alto impacto.<\/p>\n<p><strong>MEDIDAS:<\/strong><\/p>\n<p>Alto: 76,5 cm<br \/>\nAlto del piso a la asiento: 45 cm<br \/>\nAncho: 56 cm<br \/>\nProfundidad: 56,5 cm<\/p>\n<p><strong>PESO:<\/strong><\/p>\n<p>7 Kg<\/p>\n","protected":false},"excerpt":{"rendered":"<p>Impresiona a todos con este moderno y c\u00f3modo sitial al momento de invitarlos a tu hogar.<\/p>\n","protected":false},"featured_media":9704,"comment_status":"open","ping_status":"closed","template":"","meta":[],"product_brand":[],"product_cat":[712,271,561],"product_tag":[315,701,430,700],"class_list":{"0":"post-9703","1":"product","2":"type-product","3":"status-publish","4":"has-post-thumbnail","6":"product_cat-ofertas","7":"product_cat-sillas","8":"product_cat-tododescuento","9":"product_tag-gris","10":"product_tag-jazz","11":"product_tag-silla","12":"product_tag-sitial","14":"first","15":"instock","16":"sale","17":"shipping-taxable","18":"purchasable","19":"product-type-simple"},"_links":{"self":[{"href":"https:\/\/tododescuento.cl\/web\/wp-json\/wp\/v2\/product\/9703","targetHints":{"allow":["GET"]}}],"collection":[{"href":"https:\/\/tododescuento.cl\/web\/wp-json\/wp\/v2\/product"}],"about":[{"href":"https:\/\/tododescuento.cl\/web\/wp-json\/wp\/v2\/types\/product"}],"replies":[{"embeddable":true,"href":"https:\/\/tododescuento.cl\/web\/wp-json\/wp\/v2\/comments?post=9703"}],"wp:featuredmedia":[{"embeddable":true,"href":"https:\/\/tododescuento.cl\/web\/wp-json\/wp\/v2\/media\/9704"}],"wp:attachment":[{"href":"https:\/\/tododescuento.cl\/web\/wp-json\/wp\/v2\/media?parent=9703"}],"wp:term":[{"taxonomy":"product_brand","embeddable":true,"href":"https:\/\/tododescuento.cl\/web\/wp-json\/wp\/v2\/product_brand?post=9703"},{"taxonomy":"product_cat","embeddable":true,"href":"https:\/\/tododescuento.cl\/web\/wp-json\/wp\/v2\/product_cat?post=9703"},{"taxonomy":"product_tag","embeddable":true,"href":"https:\/\/tododescuento.cl\/web\/wp-json\/wp\/v2\/product_tag?post=9703"}],"curies":[{"name":"wp","href":"https:\/\/api.w.org\/{rel}","templated":true}]}}