{"id":9678,"date":"2024-11-20T14:13:14","date_gmt":"2024-11-20T17:13:14","guid":{"rendered":"https:\/\/tododescuento.cl\/?post_type=product&#038;p=9678"},"modified":"2026-01-27T15:17:58","modified_gmt":"2026-01-27T18:17:58","slug":"velador-industrial-1-cajon-cafe-y-negro","status":"publish","type":"product","link":"https:\/\/tododescuento.cl\/web\/producto\/velador-industrial-1-cajon-cafe-y-negro\/","title":{"rendered":"Velador Industrial 1 Caj\u00f3n- Caf\u00e9 y Negro"},"content":{"rendered":"<div class=\"wpb_text_column wpb_content_element \">\n<div class=\"wpb_wrapper\">\n<p><span>Este hermoso velador con acabado en roble con marcos de metal con recubrimiento de polvo negro crear una soluci\u00f3n de almacenamiento industrial r\u00fastica y elegante que se puede personalizar para adaptarse a su espacio<\/span><\/p>\n<p><span>Esta mesa auxiliar independiente es el complemento perfecto, creando una decoraci\u00f3n uniforme en cualquier lugar de su hogar. Este velador cuenta con un caj\u00f3n grande con correderas suaves y manija de aro para un f\u00e1cil manejo y un estante inferior generoso para almacenamiento a la vista.<\/span><\/p>\n<\/div>\n<\/div>\n<div class=\"nectar-fancy-ul animated-in\" data-list-icon=\"fa fa-check\" data-animation=\"true\" data-animation-delay=\"0\" data-color=\"accent-color\" data-spacing=\"default\" data-alignment=\"left\">\n<ul>\n<li><i class=\"icon-default-style fa fa-check accent-color\"><\/i><span>Marco de metal recubierto de polvo negro<\/span><\/li>\n<li><i class=\"icon-default-style fa fa-check accent-color\"><\/i><span>Caj\u00f3n grande con gu\u00edas suaves y tirador de anilla<\/span><\/li>\n<li><i class=\"icon-default-style fa fa-check accent-color\"><\/i><span>Amplio espacio debajo de los estantes<\/span><\/li>\n<li><i class=\"icon-default-style fa fa-check accent-color\"><\/i><span>F\u00e1cil de montar<\/span><i class=\"icon-default-style fa fa-check accent-color\"><\/i><\/li>\n<\/ul>\n<p>Dimensiones: <strong>40 cm de ancho x 40 cm de profundidad x 50 cm de alto<\/strong><\/p>\n<p><span>Peso:\u00a0<\/span><strong><span>11,5 kg<\/span><\/strong><\/p>\n<\/div>\n","protected":false},"excerpt":{"rendered":"<p>Este velador en madera de roble y estructura met\u00e1lica ofrecen una excelente capacidad en su\u00a0 dise\u00f1o moderno que se adec\u00faa a cualquier espacio<\/p>\n","protected":false},"featured_media":9679,"comment_status":"open","ping_status":"closed","template":"","meta":[],"product_brand":[],"product_cat":[270,561,15],"product_tag":[290,698,699,655],"class_list":{"0":"post-9678","1":"product","2":"type-product","3":"status-publish","4":"has-post-thumbnail","6":"product_cat-muebles","7":"product_cat-tododescuento","8":"product_cat-variados","9":"product_tag-cafe","10":"product_tag-industrial","11":"product_tag-minimalista","12":"product_tag-velador","14":"first","15":"instock","16":"sale","17":"shipping-taxable","18":"purchasable","19":"product-type-simple"},"_links":{"self":[{"href":"https:\/\/tododescuento.cl\/web\/wp-json\/wp\/v2\/product\/9678","targetHints":{"allow":["GET"]}}],"collection":[{"href":"https:\/\/tododescuento.cl\/web\/wp-json\/wp\/v2\/product"}],"about":[{"href":"https:\/\/tododescuento.cl\/web\/wp-json\/wp\/v2\/types\/product"}],"replies":[{"embeddable":true,"href":"https:\/\/tododescuento.cl\/web\/wp-json\/wp\/v2\/comments?post=9678"}],"wp:featuredmedia":[{"embeddable":true,"href":"https:\/\/tododescuento.cl\/web\/wp-json\/wp\/v2\/media\/9679"}],"wp:attachment":[{"href":"https:\/\/tododescuento.cl\/web\/wp-json\/wp\/v2\/media?parent=9678"}],"wp:term":[{"taxonomy":"product_brand","embeddable":true,"href":"https:\/\/tododescuento.cl\/web\/wp-json\/wp\/v2\/product_brand?post=9678"},{"taxonomy":"product_cat","embeddable":true,"href":"https:\/\/tododescuento.cl\/web\/wp-json\/wp\/v2\/product_cat?post=9678"},{"taxonomy":"product_tag","embeddable":true,"href":"https:\/\/tododescuento.cl\/web\/wp-json\/wp\/v2\/product_tag?post=9678"}],"curies":[{"name":"wp","href":"https:\/\/api.w.org\/{rel}","templated":true}]}}