{"id":9568,"date":"2024-11-12T15:04:12","date_gmt":"2024-11-12T18:04:12","guid":{"rendered":"https:\/\/tododescuento.cl\/?post_type=product&#038;p=9568"},"modified":"2026-02-12T15:29:37","modified_gmt":"2026-02-12T18:29:37","slug":"auto-electrico-jeep-rubicon-negro","status":"publish","type":"product","link":"https:\/\/tododescuento.cl\/web\/producto\/auto-electrico-jeep-rubicon-negro\/","title":{"rendered":"Auto El\u00e9ctrico Off Road- Negro"},"content":{"rendered":"<p><strong>Auto de bater\u00eda de 2 plazas para ni\u00f1os<\/strong>, veh\u00edculos el\u00e9ctricos de 12 V, \u00a0con control remoto<\/p>\n<p>Con el aspecto real\u00edstico, nuestro auto el\u00e9ctrico los ni\u00f1os satisfacen su curiosidad de conducir. Estimular\u00e1n y desarrollar\u00e1n muchas habilidades y empezar\u00e1n a reconocer el mundo.<\/p>\n<p>Con 2 modalidades de control, puedes manipular el coche con el control Bluetooth prioritario y tu peque\u00f1o piloto tendr\u00e1 tambi\u00e9n la libertad de conducir solo con el pedal y el volante.<\/p>\n<p>Para llenar los momentos padre-hijo con m\u00fasica, diversi\u00f3n y amor, este veh\u00edculo el\u00e9ctrico entrada AUX, funci\u00f3n MP3 y conector USB, el volante con bocina y luces y 4 focos con ruidos divertidos.<\/p>\n<p>Es importante mencionar que la tecnolog\u00eda de arranque lento protege los ni\u00f1os de aceleraciones o frenazos repentinos. El cintur\u00f3n de seguridad multipunto tiene una configuraci\u00f3n est\u00e1ndar y evita que los ni\u00f1os se caigan mientras que las puertas con cierre magn\u00e9tico son c\u00f3modas para subir y bajar.<\/p>\n<ul>\n<li>Las luces garantizan la estabilidad tambi\u00e9n.<\/li>\n<li>Detalles real\u00edsticos que garantizan una divertida experiencia de conducci\u00f3n<\/li>\n<li>Los ni\u00f1os mejoran muchas habilidades y desencadenan la imaginaci\u00f3n<\/li>\n<li>Control con Bluetooth para los padres y con pedal y volante para los ni\u00f1os<\/li>\n<li>Con reproductor de MP3, puerta AUX, USB y tarjetas TF para escuchar m\u00fasica y divertirse<\/li>\n<li>Volante y luces con sonidos divertidos<\/li>\n<li>Capacidad de carga de 30 kg<\/li>\n<li>Ruedas resistentes al desgaste, antivuelco y amortiguadoras<\/li>\n<li>Con cintur\u00f3n multipunto para garantizar la seguridad de los ni\u00f1os<\/li>\n<li>Ninguna aceleraci\u00f3n repentina gracias al sistema de arranque lento<\/li>\n<li>Puertas con cierre magn\u00e9tica para que los ni\u00f1os entren f\u00e1cilmente y en toda seguridad<\/li>\n<\/ul>\n<p><strong><span class=\"a-text-bold\">Caracter\u00edsticas:<\/span><\/strong><\/p>\n<ul>\n<li>Di\u00e1metro ruedas: 34 cm<\/li>\n<li>Bater\u00eda: 12 V 7 Ah<\/li>\n<li>Cargador: 12 V 1000 MA<\/li>\n<li>Tiempo de recarga: 8-12 horas<\/li>\n<li>Velocidad: 3-6 km\/h<\/li>\n<li>Capacidad de carga: 30 kg<\/li>\n<li>Tama\u00f1o del producto: 125*80*80cm<\/li>\n<li>Tama\u00f1o de la caja: 132*70*40cm<\/li>\n<\/ul>\n","protected":false},"excerpt":{"rendered":"<p>Para los amantes de las aventuras Off Road. Este auto todo terreno a bater\u00eda brindar\u00e1 una experiencia emocionante y divertida por horas!<\/p>\n","protected":false},"featured_media":9570,"comment_status":"open","ping_status":"closed","template":"","meta":[],"product_brand":[],"product_cat":[305,294,712],"product_tag":[691,690,686,246,689,693,688],"class_list":{"0":"post-9568","1":"product","2":"type-product","3":"status-publish","4":"has-post-thumbnail","6":"product_cat-juguetes-electricos","7":"product_cat-ninos","8":"product_cat-ofertas","9":"product_tag-4x4","10":"product_tag-auto-electrico","11":"product_tag-jeep","12":"product_tag-negro","13":"product_tag-nino","14":"product_tag-off-road","15":"product_tag-radio-control","17":"first","18":"instock","19":"shipping-taxable","20":"purchasable","21":"product-type-simple"},"_links":{"self":[{"href":"https:\/\/tododescuento.cl\/web\/wp-json\/wp\/v2\/product\/9568","targetHints":{"allow":["GET"]}}],"collection":[{"href":"https:\/\/tododescuento.cl\/web\/wp-json\/wp\/v2\/product"}],"about":[{"href":"https:\/\/tododescuento.cl\/web\/wp-json\/wp\/v2\/types\/product"}],"replies":[{"embeddable":true,"href":"https:\/\/tododescuento.cl\/web\/wp-json\/wp\/v2\/comments?post=9568"}],"wp:featuredmedia":[{"embeddable":true,"href":"https:\/\/tododescuento.cl\/web\/wp-json\/wp\/v2\/media\/9570"}],"wp:attachment":[{"href":"https:\/\/tododescuento.cl\/web\/wp-json\/wp\/v2\/media?parent=9568"}],"wp:term":[{"taxonomy":"product_brand","embeddable":true,"href":"https:\/\/tododescuento.cl\/web\/wp-json\/wp\/v2\/product_brand?post=9568"},{"taxonomy":"product_cat","embeddable":true,"href":"https:\/\/tododescuento.cl\/web\/wp-json\/wp\/v2\/product_cat?post=9568"},{"taxonomy":"product_tag","embeddable":true,"href":"https:\/\/tododescuento.cl\/web\/wp-json\/wp\/v2\/product_tag?post=9568"}],"curies":[{"name":"wp","href":"https:\/\/api.w.org\/{rel}","templated":true}]}}