{"id":9535,"date":"2024-10-30T09:06:03","date_gmt":"2024-10-30T12:06:03","guid":{"rendered":"https:\/\/tododescuento.cl\/?post_type=product&#038;p=9535"},"modified":"2025-10-30T09:10:24","modified_gmt":"2025-10-30T12:10:24","slug":"pack-4-sillas-eames-transparentes","status":"publish","type":"product","link":"https:\/\/tododescuento.cl\/web\/producto\/pack-4-sillas-eames-transparentes\/","title":{"rendered":"Pack 4 Sillas Eames- Transparentes"},"content":{"rendered":"<p>La carcasa en polipropileno trasparente con patas antideslizantes, resulta moderno, ofrece estabilidad y confort, se adapta\u00a0magn\u00edficamente a todos los espacios y\u00a0con cualquier variedad de objetos decorativos.<\/p>\n<ul class=\"a-unordered-list a-vertical a-spacing-mini\">\n<li class=\"a-spacing-mini\"><span class=\"a-list-item\">Son ideales para cualquier sitio, ya sea casa, oficina, jard\u00edn, comedor, terraza, etc. Esta silla tapizada con asiento y respaldo c\u00f3modo de poliuretano tiene una est\u00e9tica simple pero moderna que la hace complementar con belleza cualquier espacio de tu casa, lo simple suele ser lo m\u00e1s elegante<\/span><\/li>\n<li class=\"a-spacing-mini\"><span class=\"a-list-item\">Satisface todos tus gustos y necesidades con estas incre\u00edbles sillas modernas gracias a que tienen un dise\u00f1o ergon\u00f3mico que es amigable y c\u00f3modo para tu espalda, por lo que puedes sentirte y sentarte como nunca antes, el dise\u00f1o de medio anillo alivia las molestias de tu columna. No lo pienses m\u00e1s, esta es una perfecta inversi\u00f3n para ti<\/span><\/li>\n<li class=\"a-spacing-mini\"><span class=\"a-list-item\">Encuentra elegancia en la simplicidad con estas magn\u00edficas sillas eames. El estilo minimalista cuenta con la filosof\u00eda de volver a lo b\u00e1sico, la est\u00e9tica minimalista se suele combinar con el estilo n\u00f3rdico para crear entornos acogedores, limpios y funcionales<\/span><\/li>\n<\/ul>\n<p><strong>-Caractaristicas:<\/strong><\/p>\n<ul>\n<li><b>Material asiento:\u00a0<\/b>Propileno<\/li>\n<li><b>Material estructura:\u00a0<\/b>Acero reforzado<\/li>\n<li><b>Acabado de estructura:\u00a0<\/b>Madera<\/li>\n<li><b>Lugar:\u00a0<\/b>Interior y Exterior<\/li>\n<li><b>Uso:\u00a0<\/b>Profesional y Dom\u00e9stico<\/li>\n<li><b>Estilo:\u00a0<\/b>N\u00f3rdico<\/li>\n<li><b>Ideal para:\u00a0<\/b>Comedor \/ cocina<\/li>\n<li><b>Peso que soporta:\u00a0<\/b>Hasta 150 kilos<\/li>\n<li><b>Requiere Armado:\u00a0<\/b>Si<\/li>\n<\/ul>\n<p><strong>-Medidas<\/strong><\/p>\n<ul>\n<li><b>Altura total:\u00a0<\/b>82,5 cm<\/li>\n<li><b>Profundidad del asiento:\u00a0<\/b>36 cm<\/li>\n<li><b>Ancho asiento:\u00a0<\/b>46 cm<\/li>\n<li><b>Altura hasta el asiento:\u00a0<\/b>42 cm<\/li>\n<li><b>Ancho Respaldo:\u00a0<\/b>44 cm<\/li>\n<li><b>Altura del respaldo:\u00a0<\/b>42 cm<\/li>\n<li><b>Altura Patas:\u00a0<\/b>42 cm<\/li>\n<li><b>Ancho, Patas:\u00a0<\/b>39,5 cm<\/li>\n<li><b>Profundidad Patas:\u00a0<\/b>40 cm<\/li>\n<li><b>Peso:\u00a0<\/b>3,8 kg<\/li>\n<\/ul>\n","protected":false},"excerpt":{"rendered":"<p>La Silla Eames transparente aporta\u00a0<strong>elegancia y delicadeza<\/strong><\/p>\n","protected":false},"featured_media":9544,"comment_status":"open","ping_status":"closed","template":"","meta":[],"product_brand":[],"product_cat":[570,271,561],"product_tag":[],"class_list":{"0":"post-9535","1":"product","2":"type-product","3":"status-publish","4":"has-post-thumbnail","6":"product_cat-ofertas-del-dia","7":"product_cat-sillas","8":"product_cat-tododescuento","10":"first","11":"instock","12":"sale","13":"shipping-taxable","14":"purchasable","15":"product-type-simple"},"_links":{"self":[{"href":"https:\/\/tododescuento.cl\/web\/wp-json\/wp\/v2\/product\/9535","targetHints":{"allow":["GET"]}}],"collection":[{"href":"https:\/\/tododescuento.cl\/web\/wp-json\/wp\/v2\/product"}],"about":[{"href":"https:\/\/tododescuento.cl\/web\/wp-json\/wp\/v2\/types\/product"}],"replies":[{"embeddable":true,"href":"https:\/\/tododescuento.cl\/web\/wp-json\/wp\/v2\/comments?post=9535"}],"wp:featuredmedia":[{"embeddable":true,"href":"https:\/\/tododescuento.cl\/web\/wp-json\/wp\/v2\/media\/9544"}],"wp:attachment":[{"href":"https:\/\/tododescuento.cl\/web\/wp-json\/wp\/v2\/media?parent=9535"}],"wp:term":[{"taxonomy":"product_brand","embeddable":true,"href":"https:\/\/tododescuento.cl\/web\/wp-json\/wp\/v2\/product_brand?post=9535"},{"taxonomy":"product_cat","embeddable":true,"href":"https:\/\/tododescuento.cl\/web\/wp-json\/wp\/v2\/product_cat?post=9535"},{"taxonomy":"product_tag","embeddable":true,"href":"https:\/\/tododescuento.cl\/web\/wp-json\/wp\/v2\/product_tag?post=9535"}],"curies":[{"name":"wp","href":"https:\/\/api.w.org\/{rel}","templated":true}]}}