{"id":9380,"date":"2024-10-08T08:55:32","date_gmt":"2024-10-08T11:55:32","guid":{"rendered":"https:\/\/tododescuento.cl\/?post_type=product&#038;p=9380"},"modified":"2025-02-14T14:37:00","modified_gmt":"2025-02-14T17:37:00","slug":"pack-2-taburetes-deluxe-terciopelo-verde","status":"publish","type":"product","link":"https:\/\/tododescuento.cl\/web\/producto\/pack-2-taburetes-deluxe-terciopelo-verde\/","title":{"rendered":"Pack 2 Taburetes Deluxe Terciopelo Verde"},"content":{"rendered":"<ul class=\"a-unordered-list a-vertical a-spacing-mini\">\n<li class=\"a-spacing-mini\"><span class=\"a-list-item\">Altura ajustable y rotaci\u00f3n de 360\u00b0: este no es un taburete ordinario, tiene una forma \u00fanica y caracter\u00edsticas multifuncionales. Puede girar 360 grados y ajustar diferentes alturas, lo que proporciona una gran comodidad y diversi\u00f3n a tu vida.<\/span><\/li>\n<li class=\"a-spacing-mini\"><span class=\"a-list-item\">Arte de tejido encantador: el respaldo curvado tejido con delicada tela de terciopelo, elegante y vintage, puede combinar con cualquier decoraci\u00f3n y estilo, ideal para comedores, cocinas, salas de estar, \u00e1reas de entretenimiento, \u00e1reas de descanso, comedores, oficinas, exposiciones, cafeter\u00edas, etc.<\/span><\/li>\n<li class=\"a-spacing-mini\"><span class=\"a-list-item\">Experiencia c\u00f3moda: el respaldo y reposapi\u00e9s de dise\u00f1o ergon\u00f3mico pueden proporcionar m\u00e1s apoyo a tu cuerpo mientras est\u00e1s sentado, lo que lo hace relajado y seguro al mismo tiempo. Dimensiones del producto: 52 cm de ancho x 47 cm de profundidad x 78 a 99 cm, altura del asiento: 62 a 82 cm, ancho del asiento: 43 cm, profundidad del asiento: 43 cm.<\/span><\/li>\n<li class=\"a-spacing-mini\"><span class=\"a-list-item\">Marco resistente: el taburete de bar tiene un marco de metal resistente, as\u00ed como c\u00f3modos cojines hechos de tela de alta calidad, y tiene una capacidad de hasta 120 Kilos. El anillo de goma debajo de la base evita ara\u00f1azos en el suelo y evita sonidos fuertes al mover el taburete.<\/span><\/li>\n<li class=\"a-spacing-mini\"><span class=\"a-list-item\">Montaje y mantenimiento: este juego de taburetes de bar requiere un poco de montaje. El juego incluye un manual de instrucciones f\u00e1cil de seguir e incluye todos los kits de herramientas e instrucciones. No tomar\u00e1 m\u00e1s de 15 minutos montarlos.\u00a0<\/span><\/li>\n<\/ul>\n<p>&nbsp;<\/p>\n","protected":false},"excerpt":{"rendered":"<p>Una fusi\u00f3n perfecta de dise\u00f1o moderno y de mediados de siglo, estas sillas se integran perfectamente en cualquier entorno del hogar.<\/p>\n","protected":false},"featured_media":9401,"comment_status":"open","ping_status":"closed","template":"","meta":[],"product_brand":[],"product_cat":[570,278,561],"product_tag":[683,606,659,593],"class_list":{"0":"post-9380","1":"product","2":"type-product","3":"status-publish","4":"has-post-thumbnail","6":"product_cat-ofertas-del-dia","7":"product_cat-taburetes","8":"product_cat-tododescuento","9":"product_tag-deluxe","10":"product_tag-pack","11":"product_tag-pisos","12":"product_tag-taburete","14":"first","15":"instock","16":"sale","17":"shipping-taxable","18":"purchasable","19":"product-type-simple"},"_links":{"self":[{"href":"https:\/\/tododescuento.cl\/web\/wp-json\/wp\/v2\/product\/9380","targetHints":{"allow":["GET"]}}],"collection":[{"href":"https:\/\/tododescuento.cl\/web\/wp-json\/wp\/v2\/product"}],"about":[{"href":"https:\/\/tododescuento.cl\/web\/wp-json\/wp\/v2\/types\/product"}],"replies":[{"embeddable":true,"href":"https:\/\/tododescuento.cl\/web\/wp-json\/wp\/v2\/comments?post=9380"}],"wp:featuredmedia":[{"embeddable":true,"href":"https:\/\/tododescuento.cl\/web\/wp-json\/wp\/v2\/media\/9401"}],"wp:attachment":[{"href":"https:\/\/tododescuento.cl\/web\/wp-json\/wp\/v2\/media?parent=9380"}],"wp:term":[{"taxonomy":"product_brand","embeddable":true,"href":"https:\/\/tododescuento.cl\/web\/wp-json\/wp\/v2\/product_brand?post=9380"},{"taxonomy":"product_cat","embeddable":true,"href":"https:\/\/tododescuento.cl\/web\/wp-json\/wp\/v2\/product_cat?post=9380"},{"taxonomy":"product_tag","embeddable":true,"href":"https:\/\/tododescuento.cl\/web\/wp-json\/wp\/v2\/product_tag?post=9380"}],"curies":[{"name":"wp","href":"https:\/\/api.w.org\/{rel}","templated":true}]}}