{"id":9294,"date":"2024-09-30T12:15:35","date_gmt":"2024-09-30T15:15:35","guid":{"rendered":"https:\/\/tododescuento.cl\/?post_type=product&#038;p=9294"},"modified":"2024-10-18T13:47:09","modified_gmt":"2024-10-18T16:47:09","slug":"pack-4-sillas-chiavari-blancas","status":"publish","type":"product","link":"https:\/\/tododescuento.cl\/web\/producto\/pack-4-sillas-chiavari-blancas\/","title":{"rendered":"Pack 4 Sillas Chiavari Blancas"},"content":{"rendered":"<p>Presentamos la silla Chiavari, e<span class=\"a-list-item\">stas atractivas sillas de exterior son perfectas para aquellos que buscan a\u00f1adir algunos asientos a su patio, jard\u00edn o patio trasero. Con un dise\u00f1o simple y elegante, est\u00e1n hechos de materiales de la m\u00e1s alta calidad, construidos con pl\u00e1stico de nailon para mayor resistencia y resistencia. Estos art\u00edculos seguramente atraer\u00e1n cumplidos de tus invitados.<\/span><\/p>\n<p>Adem\u00e1s, su dise\u00f1o minimalista y simple es elegante y moderno, con l\u00edneas limpias y acabados impecables, que la hacen un complemento perfecto para cualquier decoraci\u00f3n.<\/p>\n<p>La silla Chiavari es resistente, duradera y apilable, lo que la convierte en una excelente opci\u00f3n para tu comedor o terraza. Su construcci\u00f3n s\u00f3lida y su acabado de alta calidad hacen que esta silla sea pr\u00e1ctica y f\u00e1cil de mantener.<\/p>\n<ul class=\"a-unordered-list a-vertical a-spacing-mini\">\n<li class=\"a-spacing-mini\"><span class=\"a-list-item\">100% pl\u00e1stico de nailon de alta resistencia.<\/span><\/li>\n<li class=\"a-spacing-mini\"><span class=\"a-list-item\">Resistente a las manchas y a la corrosi\u00f3n, resistente a todo tipo de clima, requiere montaje<\/span><\/li>\n<\/ul>\n<p>Las sillas vienen completamente armadas.<\/p>\n<p><strong>Medidas:<\/strong><\/p>\n<p><strong>Profundidad:\u00a0<\/strong>43cm<br \/>\n<strong>Ancho:\u00a0<\/strong><em>43cm<\/em><br \/>\n<strong>Alto Asiento:<\/strong>\u00a045cm<br \/>\n<strong>Alto Total:<\/strong>\u00a092cm<strong><br \/>\n<\/strong><\/p>\n<p>****ATENCI\u00d3N****<\/p>\n<p>***Fotos de los art\u00edculos lo m\u00e1s fiel posible, pero sin ser contractuales, los tonos de color y la representaci\u00f3n de los materiales presentados en la pantalla pueden diferir de la realidad***<\/p>\n<p>***Nuestros despachos se coordinar\u00e1n en 48 Hrs. h\u00e1biles desde el momento de la compra***<\/p>\n<p>MAXIMO POR ENVIO 4 UNIDADES ( por tama\u00f1o y peso, no se puede transportar mas en un solo envi\u00f3 )<\/p>\n<p>&#8212;&#8212;&#8212;&#8212;&#8212;&#8212;&#8212;&#8212;&#8212;&#8212;&#8212;&#8212;&#8212;&#8212;&#8212;&#8212;&#8212;&#8212;&#8212;&#8212;&#8212;&#8211;<br \/>\nLos productos son revisados antes de ser despachados, por ende, debes revisarlo al recibir. Cualquier da\u00f1o debe ser informado a la agencia de transportes quienes son los responsables del producto durante el despacho.<br \/>\n&#8212;&#8212;&#8212;&#8212;&#8212;&#8212;&#8212;&#8212;&#8212;&#8212;&#8212;&#8212;&#8212;&#8212;&#8212;&#8212;&#8212;&#8212;&#8212;&#8212;&#8212;&#8211;<\/p>\n<p>*** Retiros en tienda de lunes a viernes de 10 a 13hrs y de 14 a 17hrs. ***<\/p>\n<p>Tienda establecida en Quinta Normal a 4 cuadras del (Metro Gruta de Lourdes)<\/p>\n<p>***Todo Descuento se acoge al derecho a retracto de cualquier cliente solo si este cumple con las siguientes consideraciones:<\/p>\n<p>El Producto debe devolverse en su empaque original y sellado.<br \/>\nEl producto no debe estar modificado o alterado de su estado original<br \/>\nNo debe presentar da\u00f1o alguno tanto en su empaque como el producto mismo.<br \/>\nNo debe presentar se\u00f1ales de uso.<\/p>\n<p>En caso de que reciba un producto con alg\u00fan detalle o desperfecto de fabrica se aceptaran los cambios o devoluciones solo si se cumplen las siguientes condiciones:<br \/>\nFotograf\u00eda del defecto<br \/>\nEtiquetado Completo<br \/>\nEmbalaje Original con sus protecciones sin da\u00f1os.<br \/>\nEl producto debe estar en buen estado y limpio<\/p>\n<p>En caso de que tu producto no cumpla con las condiciones para aceptar la devoluci\u00f3n. Te informaremos la raz\u00f3n por la cual no procede el cambio y\/o garant\u00eda y el producto ser\u00e1 devuelto a la direcci\u00f3n de env\u00edo inicial.<\/p>\n","protected":false},"excerpt":{"rendered":"<p>\u00a1Mejora tu experiencia de sentado con la silla Chiavari! Compra ahora y disfruta de la comodidad y el estilo en tu hogar<\/p>\n","protected":false},"featured_media":9300,"comment_status":"open","ping_status":"closed","template":"","meta":[],"product_brand":[],"product_cat":[271,561],"product_tag":[680,430],"class_list":{"0":"post-9294","1":"product","2":"type-product","3":"status-publish","4":"has-post-thumbnail","6":"product_cat-sillas","7":"product_cat-tododescuento","8":"product_tag-crossback","9":"product_tag-silla","11":"first","12":"instock","13":"sale","14":"shipping-taxable","15":"purchasable","16":"product-type-simple"},"_links":{"self":[{"href":"https:\/\/tododescuento.cl\/web\/wp-json\/wp\/v2\/product\/9294","targetHints":{"allow":["GET"]}}],"collection":[{"href":"https:\/\/tododescuento.cl\/web\/wp-json\/wp\/v2\/product"}],"about":[{"href":"https:\/\/tododescuento.cl\/web\/wp-json\/wp\/v2\/types\/product"}],"replies":[{"embeddable":true,"href":"https:\/\/tododescuento.cl\/web\/wp-json\/wp\/v2\/comments?post=9294"}],"wp:featuredmedia":[{"embeddable":true,"href":"https:\/\/tododescuento.cl\/web\/wp-json\/wp\/v2\/media\/9300"}],"wp:attachment":[{"href":"https:\/\/tododescuento.cl\/web\/wp-json\/wp\/v2\/media?parent=9294"}],"wp:term":[{"taxonomy":"product_brand","embeddable":true,"href":"https:\/\/tododescuento.cl\/web\/wp-json\/wp\/v2\/product_brand?post=9294"},{"taxonomy":"product_cat","embeddable":true,"href":"https:\/\/tododescuento.cl\/web\/wp-json\/wp\/v2\/product_cat?post=9294"},{"taxonomy":"product_tag","embeddable":true,"href":"https:\/\/tododescuento.cl\/web\/wp-json\/wp\/v2\/product_tag?post=9294"}],"curies":[{"name":"wp","href":"https:\/\/api.w.org\/{rel}","templated":true}]}}