{"id":9266,"date":"2024-09-17T12:28:12","date_gmt":"2024-09-17T15:28:12","guid":{"rendered":"https:\/\/tododescuento.cl\/?post_type=product&#038;p=9266"},"modified":"2025-02-13T13:50:34","modified_gmt":"2025-02-13T16:50:34","slug":"silla-tulip-con-ruedas-infantil-blanca","status":"publish","type":"product","link":"https:\/\/tododescuento.cl\/web\/producto\/silla-tulip-con-ruedas-infantil-blanca\/","title":{"rendered":"Silla Tulip con Ruedas Infantil Blanca"},"content":{"rendered":"<p>Gracias a los materiales utilizados, es funcional y duradero.<\/p>\n<p>Tiene una forma simple y ergon\u00f3mica. La altura de la silla es regulable de 81,5 a 93,5 cm.<\/p>\n<p>El asiento tiene un ancho de 45 cm y una profundidad de 40 cm. Su altura puede variar de 41 a 52,5 cm.<\/p>\n<p>Los muebles son f\u00e1ciles de mantener limpios y muy estables.<\/p>\n<p>Una pieza fundamental para la oficina que te invita a relajarte incluso en los momentos m\u00e1s estresantes.<\/p>\n<p>Es una silla de oficina con un dise\u00f1o diferente.<\/p>\n<p>PUNTOS FUERTES: estilo moderno, Asiento regulable en altura, Acabado: asiento y respaldo en rosa, estampado en el respaldo en rosa, coj\u00edn en rosa, base en plata, forma sencilla, Mobiliario funcional y espacioso.<\/p>\n<p>CARACTER\u00cdSTICAS T\u00c9CNICAS: Ancho 50cm, Profundidad 57cm, Altura 81,5 cm, Material: polipropileno, polipiel, cromo.<\/p>\n<p>****ATENCI\u00d3N****<\/p>\n<p>***Fotos de los art\u00edculos lo m\u00e1s fiel posible, pero sin ser contractuales, los tonos de color y la representaci\u00f3n de los materiales presentados en la pantalla pueden diferir de la realidad***<\/p>\n<p>***Nuestros despachos se coordinar\u00e1n en 48 Hrs. h\u00e1biles desde el momento de la compra***<\/p>\n<p>MAXIMO POR ENVIO 4 UNIDADES ( por tama\u00f1o y peso, no se puede transportar mas en un solo envi\u00f3 )<\/p>\n<p>&#8212;&#8212;&#8212;&#8212;&#8212;&#8212;&#8212;&#8212;&#8212;&#8212;&#8212;&#8212;&#8212;&#8212;&#8212;&#8212;&#8212;&#8212;&#8212;&#8212;&#8212;&#8211;<br \/>\nLos productos son revisados antes de ser despachados, por ende, debes revisarlo al recibir. Cualquier da\u00f1o debe ser informado a la agencia de transportes quienes son los responsables del producto durante el despacho.<br \/>\n&#8212;&#8212;&#8212;&#8212;&#8212;&#8212;&#8212;&#8212;&#8212;&#8212;&#8212;&#8212;&#8212;&#8212;&#8212;&#8212;&#8212;&#8212;&#8212;&#8212;&#8212;&#8211;<\/p>\n<p>&nbsp;<\/p>\n<p>***Todo Descuento se acoge al derecho a retracto de cualquier cliente solo si este cumple con las siguientes consideraciones:<\/p>\n<p>El Producto debe devolverse en su empaque original y sellado.<br \/>\nEl producto no debe estar modificado o alterado de su estado original<br \/>\nNo debe presentar da\u00f1o alguno tanto en su empaque como el producto mismo.<br \/>\nNo debe presentar se\u00f1ales de uso.<\/p>\n<p>En caso de que reciba un producto con alg\u00fan detalle o desperfecto de fabrica se aceptaran los cambios o devoluciones solo si se cumplen las siguientes condiciones:<br \/>\nFotograf\u00eda del defecto<br \/>\nEtiquetado Completo<br \/>\nEmbalaje Original con sus protecciones sin da\u00f1os.<br \/>\nEl producto debe estar en buen estado y limpio<\/p>\n<p>En caso de que tu producto no cumpla con las condiciones para aceptar la devoluci\u00f3n. Te informaremos la raz\u00f3n por la cual no procede el cambio y\/o garant\u00eda y el producto ser\u00e1 devuelto a la direcci\u00f3n de env\u00edo inicial.<\/p>\n","protected":false},"excerpt":{"rendered":"<p>La silla giratoria Tulip es el mueble perfecto para la habitaci\u00f3n de un ni\u00f1o o una oficina en casa<\/p>\n","protected":false},"featured_media":9312,"comment_status":"open","ping_status":"closed","template":"","meta":[],"product_brand":[],"product_cat":[271,561],"product_tag":[678,627,430,527],"class_list":{"0":"post-9266","1":"product","2":"type-product","3":"status-publish","4":"has-post-thumbnail","6":"product_cat-sillas","7":"product_cat-tododescuento","8":"product_tag-infantil","9":"product_tag-oficina","10":"product_tag-silla","11":"product_tag-tulip","13":"first","14":"instock","15":"sale","16":"shipping-taxable","17":"purchasable","18":"product-type-simple"},"_links":{"self":[{"href":"https:\/\/tododescuento.cl\/web\/wp-json\/wp\/v2\/product\/9266","targetHints":{"allow":["GET"]}}],"collection":[{"href":"https:\/\/tododescuento.cl\/web\/wp-json\/wp\/v2\/product"}],"about":[{"href":"https:\/\/tododescuento.cl\/web\/wp-json\/wp\/v2\/types\/product"}],"replies":[{"embeddable":true,"href":"https:\/\/tododescuento.cl\/web\/wp-json\/wp\/v2\/comments?post=9266"}],"wp:featuredmedia":[{"embeddable":true,"href":"https:\/\/tododescuento.cl\/web\/wp-json\/wp\/v2\/media\/9312"}],"wp:attachment":[{"href":"https:\/\/tododescuento.cl\/web\/wp-json\/wp\/v2\/media?parent=9266"}],"wp:term":[{"taxonomy":"product_brand","embeddable":true,"href":"https:\/\/tododescuento.cl\/web\/wp-json\/wp\/v2\/product_brand?post=9266"},{"taxonomy":"product_cat","embeddable":true,"href":"https:\/\/tododescuento.cl\/web\/wp-json\/wp\/v2\/product_cat?post=9266"},{"taxonomy":"product_tag","embeddable":true,"href":"https:\/\/tododescuento.cl\/web\/wp-json\/wp\/v2\/product_tag?post=9266"}],"curies":[{"name":"wp","href":"https:\/\/api.w.org\/{rel}","templated":true}]}}