{"id":8157,"date":"2024-02-14T18:10:11","date_gmt":"2024-02-14T21:10:11","guid":{"rendered":"https:\/\/tododescuento.cl\/?post_type=product&#038;p=8157"},"modified":"2025-05-26T14:23:34","modified_gmt":"2025-05-26T18:23:34","slug":"carro-organizador-estante-de-almacenamiento-3-niveles-negro","status":"publish","type":"product","link":"https:\/\/tododescuento.cl\/web\/producto\/carro-organizador-estante-de-almacenamiento-3-niveles-negro\/","title":{"rendered":"Carro Organizador Estante De Almacenamiento 3 Niveles\/ Negro"},"content":{"rendered":"<p>El carro con estantes y ruedas es especialmente de gran utilidad y ofrece mucho espacio para guardar herramientas, alimentos, cosm\u00e9ticos, utensilios de ba\u00f1o o utensilios de peluquer\u00eda. No hay l\u00edmites a los posibles usos.<\/p>\n<p>Tambi\u00e9n es f\u00e1cil de limpiar con un pa\u00f1o suave humedecido con agua y un detergente o jab\u00f3n suave si es necesario.<\/p>\n<p>La versatilidad del carrito plegable utilitario lo convierte en un excelente art\u00edculo para tener en el hogar, la cocina, la sala de estar, la oficina, los dormitorios y otros lugares que necesitan organizaci\u00f3n adicional.<\/p>\n<p>El carro organizador tiene las siguientes medidas;<\/p>\n<p>aproximadas: Alto: 87 cm I Ancho: 45 cm I Profundidad: 35 cm I . Carga m\u00e1xima: aprox. 15 kg por estante I Peso: 5 kg.<\/p>\n<p>***ATENCION***<\/p>\n<p>Nuestros despachos se coordinar\u00e1n en 48 Hrs. h\u00e1biles desde el momento de la compra para ofrecerles un mejor y eficaz servicio.<\/p>\n<p>REGIONES (EXCEPTO REGION DE MAGALLANES, AYSEN, PUERTO NATALES, COYHAIQUE Y ZONA SUR DE PUERTO MONTT)<\/p>\n<p>R. METROPOLITANA (EXCEPTO COMUNA DE LA PINTANA Y LA GRANJA)<\/p>\n<p>&#8212;&#8212;&#8212;&#8212;&#8212;&#8212;&#8212;&#8212;&#8212;&#8212;&#8212;&#8212;&#8212;&#8212;&#8212;&#8212;&#8212;&#8212;&#8212;&#8212;&#8212;&#8211;<br \/>\nLos productos son revisados antes de ser despachados, por ende debes revisarlo al recibir. Cualquier da\u00f1o debe ser informado a la agencia de transportes quienes son los responsables del producto durante el despacho.<br \/>\n&#8212;&#8212;&#8212;&#8212;&#8212;&#8212;&#8212;&#8212;&#8212;&#8212;&#8212;&#8212;&#8212;&#8212;&#8212;&#8212;&#8212;&#8212;&#8212;&#8212;&#8212;&#8211;<\/p>\n<p>*** Retiros en tienda de lunes a viernes de 10 a 13hrs y de 14 a 17hrs. ***<\/p>\n<p>Tienda establecida en Quinta Normal a 4 cuadras del (Metro Gruta de Lourdes)<\/p>\n<p>. . . : : : T O D O D E S C U E N T O : : : . . .<\/p>\n","protected":false},"excerpt":{"rendered":"<p>El carro organizador de estantes tiene una robusta estructura met\u00e1lica y se puede mover f\u00e1cilmente gracias a las ruedas de pl\u00e1stico.<\/p>\n<p>Las ruedas se deslizan sin esfuerzo sobre el parquet, laminado, baldosas y moquetas. Tambi\u00e9n el asa met\u00e1lica facilita la conducci\u00f3n del carro.<\/p>\n","protected":false},"featured_media":8158,"comment_status":"open","ping_status":"closed","template":"","meta":[],"product_brand":[],"product_cat":[387,561],"product_tag":[613,611,389,612],"class_list":{"0":"post-8157","1":"product","2":"type-product","3":"status-publish","4":"has-post-thumbnail","6":"product_cat-estantes","7":"product_cat-tododescuento","8":"product_tag-3-niveles","9":"product_tag-carro","10":"product_tag-multiuso","11":"product_tag-organizador","13":"first","14":"instock","15":"sale","16":"shipping-taxable","17":"purchasable","18":"product-type-simple"},"_links":{"self":[{"href":"https:\/\/tododescuento.cl\/web\/wp-json\/wp\/v2\/product\/8157","targetHints":{"allow":["GET"]}}],"collection":[{"href":"https:\/\/tododescuento.cl\/web\/wp-json\/wp\/v2\/product"}],"about":[{"href":"https:\/\/tododescuento.cl\/web\/wp-json\/wp\/v2\/types\/product"}],"replies":[{"embeddable":true,"href":"https:\/\/tododescuento.cl\/web\/wp-json\/wp\/v2\/comments?post=8157"}],"wp:featuredmedia":[{"embeddable":true,"href":"https:\/\/tododescuento.cl\/web\/wp-json\/wp\/v2\/media\/8158"}],"wp:attachment":[{"href":"https:\/\/tododescuento.cl\/web\/wp-json\/wp\/v2\/media?parent=8157"}],"wp:term":[{"taxonomy":"product_brand","embeddable":true,"href":"https:\/\/tododescuento.cl\/web\/wp-json\/wp\/v2\/product_brand?post=8157"},{"taxonomy":"product_cat","embeddable":true,"href":"https:\/\/tododescuento.cl\/web\/wp-json\/wp\/v2\/product_cat?post=8157"},{"taxonomy":"product_tag","embeddable":true,"href":"https:\/\/tododescuento.cl\/web\/wp-json\/wp\/v2\/product_tag?post=8157"}],"curies":[{"name":"wp","href":"https:\/\/api.w.org\/{rel}","templated":true}]}}