{"id":8121,"date":"2024-02-13T17:20:17","date_gmt":"2024-02-13T20:20:17","guid":{"rendered":"https:\/\/tododescuento.cl\/?post_type=product&#038;p=8121"},"modified":"2025-07-28T12:37:37","modified_gmt":"2025-07-28T16:37:37","slug":"set-juego-de-6-toallas-100-algodon-suaves-400gr-colores","status":"publish","type":"product","link":"https:\/\/tododescuento.cl\/web\/producto\/set-juego-de-6-toallas-100-algodon-suaves-400gr-colores\/","title":{"rendered":"Set Juego de 6 Toallas 100% Algod\u00f3n 400gr"},"content":{"rendered":"<p>La toalla Prisma est\u00e1 confeccionada en 100% algod\u00f3n y 400 g, con detalles de viscosa en el dobladillo, s\u00faper suave y absorbente.<\/p>\n<p>Sus llamativos colores har\u00e1n que tu ba\u00f1o sea m\u00e1s encantador, elegante y sofisticado, aportando todo el confort, calidad y suavidad que te mereces.<\/p>\n<p>* 2 Toallas Medida (140 x 70 Cm)<\/p>\n<p>* 2 Toallas Medida (50 x 80 Cm)<\/p>\n<p>* 2 Toallas Medida (30 x 45 Cm)<\/p>\n<p>Tela Ligera, de secado R\u00e1pido<\/p>\n<p>Suave, c\u00f3moda y absorbente<\/p>\n<p>* Recomendaciones*<\/p>\n<p>Para un lavado ideal no abuses de una temperatura alta del agua.<br \/>\nEl algod\u00f3n es un tejido natural, su lavado debe hacerse entre 30 y 40\u00ba.<\/p>\n<p>Utilizar altas temperaturas puede afectar al tejido y provocar encogimiento.<\/p>\n<p>Utiliza detergentes neutros y ni se te ocurra utilizar lej\u00edas o suavizantes.<\/p>\n<p>Una vez lavadas, s\u00e1calas r\u00e1pidamente de la lavadora.<\/p>\n<p>Estas prendas enseguida se impregnan de olor a humedad.<br \/>\nComo cualquier otra prenda, su secado aconsejable es al aire libre, evitando una excesiva exposici\u00f3n al sol sobre aquellas que son de color.<\/p>\n<p>El exceso de sol puede variar las tonalidades del color.<\/p>\n<p>***ATENCION***<\/p>\n<p>Nuestros despachos se coordinar\u00e1n en 48 Hrs. h\u00e1biles desde el momento de la compra para ofrecerles un mejor y eficaz servicio.<\/p>\n<p>*Realizamos envios a domicilio menos a las siguientes zonas:<\/p>\n<p>REGIONES (EXCEPTO REGION DE MAGALLANES, AYSEN, PUERTO NATALES, COYHAIQUE Y ZONA SUR DE PUERTO MONTT)<\/p>\n<p>R. METROPOLITANA (EXCEPTO COMUNA DE LA PINTANA Y LA GRANJA)<\/p>\n<p>&#8212;&#8212;&#8212;&#8212;&#8212;&#8212;&#8212;&#8212;&#8212;&#8212;&#8212;&#8212;&#8212;&#8212;&#8212;&#8212;&#8212;&#8212;&#8212;&#8212;&#8212;&#8211;<br \/>\nLos productos son revisados antes de ser despachados, por ende debes revisarlo al recibir. Cualquier da\u00f1o debe ser informado a la agencia de transportes quienes son los responsables del producto durante el despacho.<br \/>\n&#8212;&#8212;&#8212;&#8212;&#8212;&#8212;&#8212;&#8212;&#8212;&#8212;&#8212;&#8212;&#8212;&#8212;&#8212;&#8212;&#8212;&#8212;&#8212;&#8212;&#8212;&#8211;<\/p>\n<p>*** Retiros en tienda de lunes a viernes de 10 a 13hrs y de 14 a 17hrs. ***<\/p>\n<p>Tienda establecida en Quinta Normal a 4 cuadras del (Metro Gruta de Lourdes)<\/p>\n<p>. . . : : : T O D O D E S C U E N T O : : : . . .<\/p>\n","protected":false},"excerpt":{"rendered":"<p>Set de 6 Toallas Premium 100% Algod\u00f3n con Bordado<\/p>\n<p>&nbsp;<\/p>\n","protected":false},"featured_media":8128,"comment_status":"open","ping_status":"closed","template":"","meta":[],"product_brand":[],"product_cat":[323,559],"product_tag":[607,608,606,609,604,605],"class_list":{"0":"post-8121","1":"product","2":"type-product","3":"status-publish","4":"has-post-thumbnail","6":"product_cat-hogar","7":"product_cat-toallas","8":"product_tag-100-algodon","9":"product_tag-bano","10":"product_tag-pack","11":"product_tag-prisma","12":"product_tag-set","13":"product_tag-toalla","15":"first","16":"instock","17":"sale","18":"shipping-taxable","19":"purchasable","20":"product-type-variable"},"_links":{"self":[{"href":"https:\/\/tododescuento.cl\/web\/wp-json\/wp\/v2\/product\/8121","targetHints":{"allow":["GET"]}}],"collection":[{"href":"https:\/\/tododescuento.cl\/web\/wp-json\/wp\/v2\/product"}],"about":[{"href":"https:\/\/tododescuento.cl\/web\/wp-json\/wp\/v2\/types\/product"}],"replies":[{"embeddable":true,"href":"https:\/\/tododescuento.cl\/web\/wp-json\/wp\/v2\/comments?post=8121"}],"wp:featuredmedia":[{"embeddable":true,"href":"https:\/\/tododescuento.cl\/web\/wp-json\/wp\/v2\/media\/8128"}],"wp:attachment":[{"href":"https:\/\/tododescuento.cl\/web\/wp-json\/wp\/v2\/media?parent=8121"}],"wp:term":[{"taxonomy":"product_brand","embeddable":true,"href":"https:\/\/tododescuento.cl\/web\/wp-json\/wp\/v2\/product_brand?post=8121"},{"taxonomy":"product_cat","embeddable":true,"href":"https:\/\/tododescuento.cl\/web\/wp-json\/wp\/v2\/product_cat?post=8121"},{"taxonomy":"product_tag","embeddable":true,"href":"https:\/\/tododescuento.cl\/web\/wp-json\/wp\/v2\/product_tag?post=8121"}],"curies":[{"name":"wp","href":"https:\/\/api.w.org\/{rel}","templated":true}]}}