{"id":7454,"date":"2023-12-17T14:31:13","date_gmt":"2023-12-17T17:31:13","guid":{"rendered":"https:\/\/tododescuento.cl\/?post_type=product&#038;p=7454"},"modified":"2026-01-30T09:14:45","modified_gmt":"2026-01-30T12:14:45","slug":"elador-mesa-de-noche-mod-odin-mueble-dormitorio","status":"publish","type":"product","link":"https:\/\/tododescuento.cl\/web\/producto\/elador-mesa-de-noche-mod-odin-mueble-dormitorio\/","title":{"rendered":"Velador, Mesa De Noche, Mod. Odin, Mueble, Dormitorio"},"content":{"rendered":"<p>El cual combina su estilo moderno que hoy en d\u00eda todos buscamos. Podr\u00e1s decorarlo de una manera que tu habitaci\u00f3n luzca bien.<\/p>\n<p>Proporciona un estilo elegante y de buen gusto a tus espacios favoritos con este hermoso velador.<\/p>\n<p>3 Cajones<\/p>\n<p>Los muebles se entregan desarmados y embalados.<\/p>\n<p>Madera aglomerada MDP<\/p>\n<table class=\"andes-table\">\n<tbody class=\"andes-table__body\">\n<tr class=\"andes-table__row\">\n<th class=\"andes-table__header andes-table__header--left ui-pdp-specs__table__column ui-pdp-specs__table__column-title\">Ancho<\/th>\n<td class=\"andes-table__column andes-table__column--left ui-pdp-specs__table__column\"><span class=\"andes-table__column--value\">44 cm<\/span><\/td>\n<\/tr>\n<\/tbody>\n<\/table>\n<p>&nbsp;<\/p>\n<table class=\"andes-table\">\n<tbody class=\"andes-table__body\">\n<tr class=\"andes-table__row\">\n<th class=\"andes-table__header andes-table__header--left ui-pdp-specs__table__column ui-pdp-specs__table__column-title\">Profundidad<\/th>\n<td class=\"andes-table__column andes-table__column--left ui-pdp-specs__table__column\"><span class=\"andes-table__column--value\">36 cm<\/span><\/td>\n<\/tr>\n<\/tbody>\n<\/table>\n<p>&nbsp;<\/p>\n<table class=\"andes-table\">\n<tbody class=\"andes-table__body\">\n<tr class=\"andes-table__row\">\n<th class=\"andes-table__header andes-table__header--left ui-pdp-specs__table__column ui-pdp-specs__table__column-title\">Altura<\/th>\n<td class=\"andes-table__column andes-table__column--left ui-pdp-specs__table__column\"><span class=\"andes-table__column--value\">73 cm<\/span><\/td>\n<\/tr>\n<\/tbody>\n<\/table>\n<p>&nbsp;<\/p>\n","protected":false},"excerpt":{"rendered":"<p>Renueva tu habitaci\u00f3n con nuestra Mesa De Noche Odin.<\/p>\n","protected":false},"featured_media":1434,"comment_status":"open","ping_status":"closed","template":"","meta":[],"product_brand":[],"product_cat":[270,398],"product_tag":[],"class_list":{"0":"post-7454","1":"product","2":"type-product","3":"status-publish","4":"has-post-thumbnail","6":"product_cat-muebles","7":"product_cat-veladores","9":"first","10":"instock","11":"sale","12":"shipping-taxable","13":"purchasable","14":"product-type-variable"},"_links":{"self":[{"href":"https:\/\/tododescuento.cl\/web\/wp-json\/wp\/v2\/product\/7454","targetHints":{"allow":["GET"]}}],"collection":[{"href":"https:\/\/tododescuento.cl\/web\/wp-json\/wp\/v2\/product"}],"about":[{"href":"https:\/\/tododescuento.cl\/web\/wp-json\/wp\/v2\/types\/product"}],"replies":[{"embeddable":true,"href":"https:\/\/tododescuento.cl\/web\/wp-json\/wp\/v2\/comments?post=7454"}],"wp:featuredmedia":[{"embeddable":true,"href":"https:\/\/tododescuento.cl\/web\/wp-json\/wp\/v2\/media\/1434"}],"wp:attachment":[{"href":"https:\/\/tododescuento.cl\/web\/wp-json\/wp\/v2\/media?parent=7454"}],"wp:term":[{"taxonomy":"product_brand","embeddable":true,"href":"https:\/\/tododescuento.cl\/web\/wp-json\/wp\/v2\/product_brand?post=7454"},{"taxonomy":"product_cat","embeddable":true,"href":"https:\/\/tododescuento.cl\/web\/wp-json\/wp\/v2\/product_cat?post=7454"},{"taxonomy":"product_tag","embeddable":true,"href":"https:\/\/tododescuento.cl\/web\/wp-json\/wp\/v2\/product_tag?post=7454"}],"curies":[{"name":"wp","href":"https:\/\/api.w.org\/{rel}","templated":true}]}}