{"id":7451,"date":"2023-12-17T14:31:12","date_gmt":"2023-12-17T17:31:12","guid":{"rendered":"https:\/\/tododescuento.cl\/?post_type=product&#038;p=7451"},"modified":"2025-04-24T23:44:23","modified_gmt":"2025-04-25T03:44:23","slug":"escritorio-slim-1-cajon-home-office","status":"publish","type":"product","link":"https:\/\/tododescuento.cl\/web\/producto\/escritorio-slim-1-cajon-home-office\/","title":{"rendered":"ESCRITORIO SLIM 1 CAJ\u00d3N, HOME OFFICE"},"content":{"rendered":"<div class=\"translate-tooltip-mtz translator-hidden\">\n<div class=\"translated-text\">\n<div class=\"words\">Su superficie no s\u00f3lo te servir\u00e1 de apoyo, sino que te permitir\u00e1 tener los recursos al alcance de la mano para facilitar tus tareas.<\/div>\n<div class=\"sentences\"><\/div>\n<\/div>\n<\/div>\n<p>Dimensiones del producto:<br \/>\n&#8211; Ancho: 72 cm<br \/>\n&#8211; Alto: 74 cm<br \/>\n&#8211; Fondo: 38,5 cm<\/p>\n<p>Peso: 13,00 kg<\/p>\n","protected":false},"excerpt":{"rendered":"<div class=\"translate-tooltip-mtz translator-hidden\">\n<div class=\"header\">\n<div class=\"header-controls\"><\/div>\n<\/div>\n<\/div>\n<p>Ya sea para estudiar o trabajar, este escritorio de 1 caj\u00f3n te ayudar\u00e1 a crear un ambiente confortable y sumar orden y funcionalidad a tus horas productivas.<\/p>\n","protected":false},"featured_media":1420,"comment_status":"open","ping_status":"closed","template":"","meta":[],"product_brand":[],"product_cat":[291],"product_tag":[485],"class_list":{"0":"post-7451","1":"product","2":"type-product","3":"status-publish","4":"has-post-thumbnail","6":"product_cat-escritorios","7":"product_tag-escritorio","9":"first","10":"instock","11":"sale","12":"shipping-taxable","13":"purchasable","14":"product-type-variable"},"_links":{"self":[{"href":"https:\/\/tododescuento.cl\/web\/wp-json\/wp\/v2\/product\/7451","targetHints":{"allow":["GET"]}}],"collection":[{"href":"https:\/\/tododescuento.cl\/web\/wp-json\/wp\/v2\/product"}],"about":[{"href":"https:\/\/tododescuento.cl\/web\/wp-json\/wp\/v2\/types\/product"}],"replies":[{"embeddable":true,"href":"https:\/\/tododescuento.cl\/web\/wp-json\/wp\/v2\/comments?post=7451"}],"wp:featuredmedia":[{"embeddable":true,"href":"https:\/\/tododescuento.cl\/web\/wp-json\/wp\/v2\/media\/1420"}],"wp:attachment":[{"href":"https:\/\/tododescuento.cl\/web\/wp-json\/wp\/v2\/media?parent=7451"}],"wp:term":[{"taxonomy":"product_brand","embeddable":true,"href":"https:\/\/tododescuento.cl\/web\/wp-json\/wp\/v2\/product_brand?post=7451"},{"taxonomy":"product_cat","embeddable":true,"href":"https:\/\/tododescuento.cl\/web\/wp-json\/wp\/v2\/product_cat?post=7451"},{"taxonomy":"product_tag","embeddable":true,"href":"https:\/\/tododescuento.cl\/web\/wp-json\/wp\/v2\/product_tag?post=7451"}],"curies":[{"name":"wp","href":"https:\/\/api.w.org\/{rel}","templated":true}]}}