{"id":7423,"date":"2023-12-17T14:31:02","date_gmt":"2023-12-17T17:31:02","guid":{"rendered":"https:\/\/tododescuento.cl\/?post_type=product&#038;p=7423"},"modified":"2025-10-27T15:17:55","modified_gmt":"2025-10-27T18:17:55","slug":"pack-4-taburetes-pisos-replica-tolix-respaldo-bajo-base-madera-66-cm","status":"publish","type":"product","link":"https:\/\/tododescuento.cl\/web\/producto\/pack-4-taburetes-pisos-replica-tolix-respaldo-bajo-base-madera-66-cm\/","title":{"rendered":"Pack 4 Taburetes Tolix 66 cm Base Madera"},"content":{"rendered":"<div class=\"translate-tooltip-mtz translator-hidden\">\n<div class=\"header\">\n<div class=\"header-controls\">\n<p>Este taburete de estilo industrial est\u00e1 fabricado en metal galvanizado, es perfecto para restaurantes o para el hogar<\/p>\n<div class=\"header-controls\">\n<p>El \u00e1ngulo del respaldo del taburete est\u00e1 formado con un dise\u00f1o ergon\u00f3mico.<\/p>\n<\/div>\n<div>Posee goma antideslizante en sus patas para proteger el suelo. Est\u00e1 protegido por pintura de alta calidad que forma una pel\u00edcula protectora en la superficie, es resistente a ara\u00f1azos, f\u00e1cil de limpiar proporcionando comodidad en su transporte y simplificando su almacenamiento en espacios compactos.<\/div>\n<div class=\"translate-tooltip-mtz translator-hidden\">\n<div class=\"header\">\n<div><\/div>\n<\/div>\n<\/div>\n<\/div>\n<\/div>\n<\/div>\n<p>\u2022 Medidas del taburete:<\/p>\n<p>Alto: 88 cm<\/p>\n<p>Alto del piso al asiento: 66 cm<br \/>\nAncho de la banqueta: 41,5 cm<br \/>\nAncho del asiento: 30,5 cm<br \/>\nProfundidad: 30 cm<\/p>\n<p>Respaldo: 18 cm<\/p>\n<div class=\"translate-tooltip-mtz translator-hidden\">\n<div class=\"header\"><\/div>\n<\/div>\n<p>&nbsp;<\/p>\n","protected":false},"excerpt":{"rendered":"<p>Ideal para mesones y barras de departamentos por su medida y estilo moderno<\/p>\n","protected":false},"featured_media":8251,"comment_status":"closed","ping_status":"closed","template":"","meta":[],"product_brand":[],"product_cat":[270,712,278],"product_tag":[660,659,593,279],"class_list":{"0":"post-7423","1":"product","2":"type-product","3":"status-publish","4":"has-post-thumbnail","6":"product_cat-muebles","7":"product_cat-ofertas","8":"product_cat-taburetes","9":"product_tag-66-cm","10":"product_tag-pisos","11":"product_tag-taburete","12":"product_tag-tolix","14":"first","15":"instock","16":"sale","17":"purchasable","18":"product-type-variable"},"_links":{"self":[{"href":"https:\/\/tododescuento.cl\/web\/wp-json\/wp\/v2\/product\/7423","targetHints":{"allow":["GET"]}}],"collection":[{"href":"https:\/\/tododescuento.cl\/web\/wp-json\/wp\/v2\/product"}],"about":[{"href":"https:\/\/tododescuento.cl\/web\/wp-json\/wp\/v2\/types\/product"}],"replies":[{"embeddable":true,"href":"https:\/\/tododescuento.cl\/web\/wp-json\/wp\/v2\/comments?post=7423"}],"wp:featuredmedia":[{"embeddable":true,"href":"https:\/\/tododescuento.cl\/web\/wp-json\/wp\/v2\/media\/8251"}],"wp:attachment":[{"href":"https:\/\/tododescuento.cl\/web\/wp-json\/wp\/v2\/media?parent=7423"}],"wp:term":[{"taxonomy":"product_brand","embeddable":true,"href":"https:\/\/tododescuento.cl\/web\/wp-json\/wp\/v2\/product_brand?post=7423"},{"taxonomy":"product_cat","embeddable":true,"href":"https:\/\/tododescuento.cl\/web\/wp-json\/wp\/v2\/product_cat?post=7423"},{"taxonomy":"product_tag","embeddable":true,"href":"https:\/\/tododescuento.cl\/web\/wp-json\/wp\/v2\/product_tag?post=7423"}],"curies":[{"name":"wp","href":"https:\/\/api.w.org\/{rel}","templated":true}]}}