{"id":7389,"date":"2023-12-17T14:30:55","date_gmt":"2023-12-17T17:30:55","guid":{"rendered":"https:\/\/tododescuento.cl\/?post_type=product&#038;p=7389"},"modified":"2025-12-29T17:47:33","modified_gmt":"2025-12-29T20:47:33","slug":"pack-4-sillas-replica-tolix","status":"publish","type":"product","link":"https:\/\/tododescuento.cl\/web\/producto\/pack-4-sillas-replica-tolix\/","title":{"rendered":"Pack 4 Sillas Tolix (Colores)"},"content":{"rendered":"<p>La\u00a0<em>silla Tolix<\/em> es muy vers\u00e1til y se adapta a cualquier espacio y estilo decorativo. Viste por si sola cualquier estancia y queda fenomenal sobre suelos r\u00fasticos o de madera<\/p>\n<p>El \u00e1ngulo del respaldo est\u00e1 formado con un dise\u00f1o ergon\u00f3mico.<\/p>\n<p>Posee goma antideslizante en sus patas para proteger el suelo. Est\u00e1 protegido por pintura de alta calidad que forma una pel\u00edcula protectora en la superficie, es resistente a ara\u00f1azos, f\u00e1cil de limpiar proporcionando comodidad en su transporte y simplificando su almacenamiento en espacios compactos.<\/p>\n<p>Medidas<br \/>\n&#8211; Alto: 84 cm<br \/>\n&#8211; Altura asiento: 45 cm<br \/>\n&#8211; Ancho: 45 cm<br \/>\n&#8211; Profundidad: 46 cm<\/p>\n<p>Embalaje<br \/>\n50x45x120cm<br \/>\nPeso 16Kg<\/p>\n<p>&nbsp;<\/p>\n<p>****ATENCI\u00d3N****<\/p>\n<p>***Fotos de los art\u00edculos lo m\u00e1s fiel posible, pero sin ser contractuales, los tonos de color y la representaci\u00f3n de los materiales presentados en la pantalla pueden diferir de la realidad***<\/p>\n<p>***Nuestros despachos se coordinar\u00e1n en 48 Hrs. h\u00e1biles desde el momento de la compra***<\/p>\n<p>MAXIMO POR ENVIO 4 UNIDADES ( por tama\u00f1o y peso, no se puede transportar mas en un solo envi\u00f3 )<\/p>\n<p>&#8212;&#8212;&#8212;&#8212;&#8212;&#8212;&#8212;&#8212;&#8212;&#8212;&#8212;&#8212;&#8212;&#8212;&#8212;&#8212;&#8212;&#8212;&#8212;&#8212;&#8212;&#8211;<br \/>\nLos productos son revisados antes de ser despachados, por ende, debes revisarlo al recibir. Cualquier da\u00f1o debe ser informado a la agencia de transportes quienes son los responsables del producto durante el despacho.<br \/>\n&#8212;&#8212;&#8212;&#8212;&#8212;&#8212;&#8212;&#8212;&#8212;&#8212;&#8212;&#8212;&#8212;&#8212;&#8212;&#8212;&#8212;&#8212;&#8212;&#8212;&#8212;&#8211;<\/p>\n<p>*** Retiros en tienda de lunes a viernes de 10 a 13hrs y de 14 a 17hrs. ***<\/p>\n<p>Tienda establecida en Quinta Normal a 4 cuadras del (Metro Gruta de Lourdes)<\/p>\n<p>***Todo Descuento se acoge al derecho a retracto de cualquier cliente solo si este cumple con las siguientes consideraciones:<\/p>\n<p>El Producto debe devolverse en su empaque original y sellado.<br \/>\nEl producto no debe estar modificado o alterado de su estado original<br \/>\nNo debe presentar da\u00f1o alguno tanto en su empaque como el producto mismo.<br \/>\nNo debe presentar se\u00f1ales de uso.<\/p>\n<p>En caso de que reciba un producto con alg\u00fan detalle o desperfecto de fabrica se aceptaran los cambios o devoluciones solo si se cumplen las siguientes condiciones:<br \/>\nFotograf\u00eda del defecto<br \/>\nEtiquetado Completo<br \/>\nEmbalaje Original con sus protecciones sin da\u00f1os.<br \/>\nEl producto debe estar en buen estado y limpio<\/p>\n<p>En caso de que tu producto no cumpla con las condiciones para aceptar la devoluci\u00f3n. Te informaremos la raz\u00f3n por la cual no procede el cambio y\/o garant\u00eda y el producto ser\u00e1 devuelto a la direcci\u00f3n de env\u00edo inicial.<\/p>\n","protected":false},"excerpt":{"rendered":"<p>La\u00a0<strong>silla Tolix<\/strong>, como hemos visto, es una silla con car\u00e1cter e historia que se ha convertido en un b\u00e1sico en la decoraci\u00f3n.<\/p>\n","protected":false},"featured_media":1215,"comment_status":"closed","ping_status":"closed","template":"","meta":[],"product_brand":[],"product_cat":[270,712,570,271,561],"product_tag":[430,279],"class_list":{"0":"post-7389","1":"product","2":"type-product","3":"status-publish","4":"has-post-thumbnail","6":"product_cat-muebles","7":"product_cat-ofertas","8":"product_cat-ofertas-del-dia","9":"product_cat-sillas","10":"product_cat-tododescuento","11":"product_tag-silla","12":"product_tag-tolix","14":"first","15":"instock","16":"sale","17":"purchasable","18":"product-type-variable"},"_links":{"self":[{"href":"https:\/\/tododescuento.cl\/web\/wp-json\/wp\/v2\/product\/7389","targetHints":{"allow":["GET"]}}],"collection":[{"href":"https:\/\/tododescuento.cl\/web\/wp-json\/wp\/v2\/product"}],"about":[{"href":"https:\/\/tododescuento.cl\/web\/wp-json\/wp\/v2\/types\/product"}],"replies":[{"embeddable":true,"href":"https:\/\/tododescuento.cl\/web\/wp-json\/wp\/v2\/comments?post=7389"}],"wp:featuredmedia":[{"embeddable":true,"href":"https:\/\/tododescuento.cl\/web\/wp-json\/wp\/v2\/media\/1215"}],"wp:attachment":[{"href":"https:\/\/tododescuento.cl\/web\/wp-json\/wp\/v2\/media?parent=7389"}],"wp:term":[{"taxonomy":"product_brand","embeddable":true,"href":"https:\/\/tododescuento.cl\/web\/wp-json\/wp\/v2\/product_brand?post=7389"},{"taxonomy":"product_cat","embeddable":true,"href":"https:\/\/tododescuento.cl\/web\/wp-json\/wp\/v2\/product_cat?post=7389"},{"taxonomy":"product_tag","embeddable":true,"href":"https:\/\/tododescuento.cl\/web\/wp-json\/wp\/v2\/product_tag?post=7389"}],"curies":[{"name":"wp","href":"https:\/\/api.w.org\/{rel}","templated":true}]}}