{"id":7375,"date":"2023-12-17T14:30:48","date_gmt":"2023-12-17T17:30:48","guid":{"rendered":"https:\/\/tododescuento.cl\/?post_type=product&#038;p=7375"},"modified":"2026-01-08T22:27:45","modified_gmt":"2026-01-09T01:27:45","slug":"filamento-3d-marca-tronxy-pla-de-1-75mm-y-1kg-2","status":"publish","type":"product","link":"https:\/\/tododescuento.cl\/web\/producto\/filamento-3d-marca-tronxy-pla-de-1-75mm-y-1kg-2\/","title":{"rendered":"Filamento 3D TRONXY PLA+ De 1.75mm y 1Kg"},"content":{"rendered":"<div class=\"translate-tooltip-mtz translator-hidden\">\n<div class=\"translated-text\"><\/div>\n<\/div>\n<p><iframe loading=\"lazy\" title=\"Review TRONXY PLA+ - #review #pla+\" width=\"1170\" height=\"658\" src=\"https:\/\/www.youtube.com\/embed\/JeQwfkHdzEo?start=478&#038;feature=oembed\" frameborder=\"0\" allow=\"accelerometer; autoplay; clipboard-write; encrypted-media; gyroscope; picture-in-picture; web-share\" referrerpolicy=\"strict-origin-when-cross-origin\" allowfullscreen><\/iframe><\/p>\n<p>El filamento TRONXY PLA+\u00a0 est\u00e1 hecho de material pla de primera calidad (\u00e1cido polil\u00e1ctico), que cuenta con una biodegradaci\u00f3n completa y una temperatura de fusi\u00f3n m\u00e1s baja.<\/p>\n<p>El PLA+ es el material recomendado para quienes se inician en el mundo de la impresi\u00f3n 3D ya que es compatible pr\u00e1cticamente con cualquier impresora. Su uso es simple, posee una gran adhesi\u00f3n entre capas al imprimirse, no precisa de cama caliente y es una fibra sint\u00e9tica biodegradable.<\/p>\n<p>Mantenemos el filamento PLA+ seco mediante un empaque herm\u00e9tico, evitamos la absorci\u00f3n de humedad del filamento, para que cada rollo de filamento llegue a las manos del usuario en perfectas condiciones, la calidad del filamento TRONXY es constante<\/p>\n<p>La creatividad no debe estar limitada por el color. TRONXY PLA+ tiene una gran variedad de colores.<\/p>\n<p>Todos los colores tienen alta pureza y alta saturaci\u00f3n. Solo para traerte una experiencia de color puro.<\/p>\n<p>imprime sin problemas, con alta pureza, baja contracci\u00f3n y excelente adhesi\u00f3n de capa para las necesidades de su proyecto de impresi\u00f3n de piezas funcionales de mayor tenacidad<\/p>\n<p>&nbsp;<\/p>\n<h3 style=\"text-align: center\" align=\"center\"><strong>ATENCI\u00d3N<\/strong><\/h3>\n<p style=\"text-align: center\" align=\"center\">Nuestros despachos se coordinar\u00e1n en 48 Hrs. h\u00e1biles desde el momento de la compra para ofrecerles un mejor y eficaz servicio.<\/p>\n<p style=\"text-align: center\" align=\"center\"><strong>*Realizamos envios a domicilio menos a las siguientes zonas:<\/strong><\/p>\n<p style=\"text-align: center\" align=\"center\">A Nivel Nacional:<\/p>\n<p style=\"text-align: center\" align=\"center\">Regi\u00f3n de Magallanes, Aysen, Puerto Natales, Coyhaique y Zona Sur de Puerto Montt.<\/p>\n<p style=\"text-align: center\" align=\"center\">Comuna de Ca\u00f1ete, Lebu, Andalloco, Illapel, Diego De Almagro, Las Cabras,\u00a0Tiltoco.<\/p>\n<p style=\"text-align: center\" align=\"center\">En la Regi\u00f3n Metropolitana:<\/p>\n<p style=\"text-align: center\" align=\"center\">Comuna de la Pintana y la Granja.<\/p>\n<p style=\"text-align: center\" align=\"center\">&#8212;&#8212;&#8212;&#8212;&#8212;&#8212;&#8212;&#8212;&#8212;&#8212;&#8212;&#8212;&#8212;&#8212;&#8212;&#8212;&#8212;&#8212;&#8212;&#8212;&#8212;&#8211;<br \/>\nLos productos son revisados antes de ser despachados, por ende, debes revisarlo al recibir. Cualquier da\u00f1o debe ser informado a la agencia de transportes quienes son los responsables del producto durante el despacho.<br \/>\n&#8212;&#8212;&#8212;&#8212;&#8212;&#8212;&#8212;&#8212;&#8212;&#8212;&#8212;&#8212;&#8212;&#8212;&#8212;&#8212;&#8212;&#8212;&#8212;&#8212;&#8212;&#8211;<\/p>\n<p style=\"text-align: center\" align=\"center\"><strong>*** Retiros en tienda los d\u00edas martes y jueves de 10 a 12:30 hrs y de 14 a 17hrs. ***<\/strong><\/p>\n","protected":false},"excerpt":{"rendered":"<p>Para que tus impresiones 3D tengan una precisi\u00f3n y resoluci\u00f3n excepcional necesitar\u00e1s el mejor material.<\/p>\n","protected":false},"featured_media":436,"comment_status":"open","ping_status":"closed","template":"","meta":[],"product_brand":[],"product_cat":[572,273,562],"product_tag":[275,276,277],"class_list":{"0":"post-7375","1":"product","2":"type-product","3":"status-publish","4":"has-post-thumbnail","6":"product_cat-filamentos","7":"product_cat-impresion-3d","8":"product_cat-tronxy","9":"product_tag-filamento-3d","10":"product_tag-pla","11":"product_tag-tronxy","13":"first","14":"instock","15":"sale","16":"purchasable","17":"product-type-variable"},"_links":{"self":[{"href":"https:\/\/tododescuento.cl\/web\/wp-json\/wp\/v2\/product\/7375","targetHints":{"allow":["GET"]}}],"collection":[{"href":"https:\/\/tododescuento.cl\/web\/wp-json\/wp\/v2\/product"}],"about":[{"href":"https:\/\/tododescuento.cl\/web\/wp-json\/wp\/v2\/types\/product"}],"replies":[{"embeddable":true,"href":"https:\/\/tododescuento.cl\/web\/wp-json\/wp\/v2\/comments?post=7375"}],"wp:featuredmedia":[{"embeddable":true,"href":"https:\/\/tododescuento.cl\/web\/wp-json\/wp\/v2\/media\/436"}],"wp:attachment":[{"href":"https:\/\/tododescuento.cl\/web\/wp-json\/wp\/v2\/media?parent=7375"}],"wp:term":[{"taxonomy":"product_brand","embeddable":true,"href":"https:\/\/tododescuento.cl\/web\/wp-json\/wp\/v2\/product_brand?post=7375"},{"taxonomy":"product_cat","embeddable":true,"href":"https:\/\/tododescuento.cl\/web\/wp-json\/wp\/v2\/product_cat?post=7375"},{"taxonomy":"product_tag","embeddable":true,"href":"https:\/\/tododescuento.cl\/web\/wp-json\/wp\/v2\/product_tag?post=7375"}],"curies":[{"name":"wp","href":"https:\/\/api.w.org\/{rel}","templated":true}]}}