{"id":7366,"date":"2023-12-17T14:30:47","date_gmt":"2023-12-17T17:30:47","guid":{"rendered":"https:\/\/tododescuento.cl\/?post_type=product&#038;p=7366"},"modified":"2025-12-08T17:21:01","modified_gmt":"2025-12-08T20:21:01","slug":"filamento-3d-marca-tronxy-petg-de-1-75mm-y-1kg","status":"publish","type":"product","link":"https:\/\/tododescuento.cl\/web\/producto\/filamento-3d-marca-tronxy-petg-de-1-75mm-y-1kg\/","title":{"rendered":"Filamento 3D Marca TRONXY PETG De 1.75MM Y 1Kg"},"content":{"rendered":"<p><iframe loading=\"lazy\" title=\"Review TRONXY PETG - #review #petg  (Video 3)\" width=\"1170\" height=\"658\" src=\"https:\/\/www.youtube.com\/embed\/3WJ3Pyba1xM?start=427&#038;feature=oembed\" frameborder=\"0\" allow=\"accelerometer; autoplay; clipboard-write; encrypted-media; gyroscope; picture-in-picture; web-share\" allowfullscreen><\/iframe><\/p>\n<p>Mantenemos el filamento PETG seco mediante un empaque herm\u00e9tico, evitamos la absorci\u00f3n de humedad del filamento, para que cada rollo de filamento llegue a las manos del usuario en perfectas condiciones, la calidad del filamento TRONXY es constante<\/p>\n<p>La creatividad no debe estar limitada por el color. TRONXY PETG tiene una gran variedad de colores.<\/p>\n<p>Todos los colores tienen alta pureza y alta saturaci\u00f3n. Solo para traerte una experiencia de color puro.<\/p>\n<p>imprime sin problemas, con alta pureza, baja contracci\u00f3n y excelente adhesi\u00f3n de capa para las necesidades de su proyecto de impresi\u00f3n de piezas funcionales de mayor tenacidad<\/p>\n<p>Ventajas de PETG<br \/>\n1. El filamento PETG tiene una buena capacidad de carga de impresi\u00f3n de filamento ABS y PLA, y es una alternativa perfecta.<br \/>\n2. El filamento de impresora 3d PETG tiene una alta resistencia a la tracci\u00f3n, resistencia al impacto y es m\u00e1s duradero que el PLA. Tampoco tiene olor, lo que permite una f\u00e1cil impresi\u00f3n en interiores. No se deforma y es reciclable, lo que lo hace mejor para el medio ambiente. Un nuevo pl\u00e1stico ligero.<br \/>\n3. Es ideal para la mayor\u00eda de las impresoras 3D (con cabezales de impresi\u00f3n adecuados para 250 \u00b0) y se puede imprimir f\u00e1cilmente en la mayor\u00eda de los sustratos de impresi\u00f3n, como vidrio, Bluetape, cinta crep\u00e9 y Buildtak.<br \/>\n4. Debido a su alta adhesi\u00f3n y resistencia de capa, PETG es ideal para la fabricaci\u00f3n de componentes sometidos a esfuerzos mec\u00e1nicos.<br \/>\n5. A diferencia del PLA, PETG es altamente resistente a temperaturas superiores a 60 \u00b0 C.<\/p>\n<p>Temperatura de extrusi\u00f3n: 200- 220 Celsius.<\/p>\n<p>Temperatura de la placa: 80~90 Celsius.<br \/>\nVelocidad de impresi\u00f3n: 30~60 mm\/s<br \/>\nVelocidad de movimiento: 30~60 mm\/s<\/p>\n<p>&nbsp;<\/p>\n<p>Estas son algunas de impresoras compatibles con los filamentos PETG:<\/p>\n<p>CREALITY CP-500, CREALITY CR-10 V2, CREALITY CR-10S PRO, CREALITY CR-10 MAX, CREALITY CR-10 S4, CREALITY CR-10 S5, CREALITY CR-10, CREALITY CR-10MINI, CREALITY CR-X, CREALITY CR20, CREALITY CR20 PRO, CREALITY ENDER-3, CREALITY ENDER-3 PRO, CREALITY ENDER-5, CREALITY ENDER-5 PLUS, CREALITY CR-100, CREALITY CR-5, CREALITY CR-5S, CREALITY CR-2020, CREALITY CR-3040, CREALITY CR-3040S, CREALITY CR-4040, CREALITY CR-5060, CREALITY CR-5080,<\/p>\n<p>ANYCUBICS MEGA i3, ANYCUBICS MEGA S, ANYCUBICS CHIRON, ANYCUBICS 4 MAX PRO, ANYCUBICS PREDATOR,<\/p>\n<p>ANET A8 , ANET A8 PLUSS, ANET A10, ANET A5, ANET E16, ANET E14, ANET ET4<\/p>\n<p>&nbsp;<\/p>\n<h3 style=\"text-align: center\" align=\"center\"><strong>ATENCI\u00d3N<\/strong><\/h3>\n<p style=\"text-align: center\" align=\"center\">Nuestros despachos se coordinar\u00e1n en 48 Hrs. h\u00e1biles desde el momento de la compra para ofrecerles un mejor y eficaz servicio.<\/p>\n<p style=\"text-align: center\" align=\"center\"><strong>*Realizamos envios a domicilio menos a las siguientes zonas:<\/strong><\/p>\n<p style=\"text-align: center\" align=\"center\">A Nivel Nacional:<\/p>\n<p style=\"text-align: center\" align=\"center\">Regi\u00f3n de Magallanes, Aysen, Puerto Natales, Coyhaique y Zona Sur de Puerto Montt.<\/p>\n<p style=\"text-align: center\" align=\"center\">Comuna de Ca\u00f1ete, Lebu, Andalloco, Illapel, Diego De Almagro, Las Cabras,\u00a0Tiltoco.<\/p>\n<p style=\"text-align: center\" align=\"center\">En la Regi\u00f3n Metropolitana:<\/p>\n<p style=\"text-align: center\" align=\"center\">Comuna de la Pintana y la Granja.<\/p>\n<p style=\"text-align: center\" align=\"center\">&#8212;&#8212;&#8212;&#8212;&#8212;&#8212;&#8212;&#8212;&#8212;&#8212;&#8212;&#8212;&#8212;&#8212;&#8212;&#8212;&#8212;&#8212;&#8212;&#8212;&#8212;&#8211;<br \/>\nLos productos son revisados antes de ser despachados, por ende, debes revisarlo al recibir. Cualquier da\u00f1o debe ser informado a la agencia de transportes quienes son los responsables del producto durante el despacho.<br \/>\n&#8212;&#8212;&#8212;&#8212;&#8212;&#8212;&#8212;&#8212;&#8212;&#8212;&#8212;&#8212;&#8212;&#8212;&#8212;&#8212;&#8212;&#8212;&#8212;&#8212;&#8212;&#8211;<\/p>\n<p style=\"text-align: center\" align=\"center\"><strong>*** Retiros en tienda los d\u00edas martes y jueves de 10 a 12:30 hrs y de 14 a 17hrs. ***<\/strong><\/p>\n","protected":false},"excerpt":{"rendered":"<p>Para que tus impresiones 3D tengan una precisi\u00f3n y resoluci\u00f3n excepcional necesitar\u00e1s el mejor material para poder crear y convertir en realidad los productos que imaginas.<\/p>\n<p>El filamento TRONXY PETG es un material r\u00edgido, resistente y de alto rendimiento que ofrece una excelente claridad, transmisi\u00f3n de luz y alto brillo. El filamento de la impresora 3D PETG es m\u00e1s fuerte que el PET y es tan r\u00edgido como el PLA.<\/p>\n","protected":false},"featured_media":1170,"comment_status":"open","ping_status":"closed","template":"","meta":[],"product_brand":[],"product_cat":[572,273],"product_tag":[275,503,277],"class_list":{"0":"post-7366","1":"product","2":"type-product","3":"status-publish","4":"has-post-thumbnail","6":"product_cat-filamentos","7":"product_cat-impresion-3d","8":"product_tag-filamento-3d","9":"product_tag-petg","10":"product_tag-tronxy","12":"first","13":"instock","14":"sale","15":"shipping-taxable","16":"purchasable","17":"product-type-variable","18":"has-default-attributes"},"_links":{"self":[{"href":"https:\/\/tododescuento.cl\/web\/wp-json\/wp\/v2\/product\/7366","targetHints":{"allow":["GET"]}}],"collection":[{"href":"https:\/\/tododescuento.cl\/web\/wp-json\/wp\/v2\/product"}],"about":[{"href":"https:\/\/tododescuento.cl\/web\/wp-json\/wp\/v2\/types\/product"}],"replies":[{"embeddable":true,"href":"https:\/\/tododescuento.cl\/web\/wp-json\/wp\/v2\/comments?post=7366"}],"wp:featuredmedia":[{"embeddable":true,"href":"https:\/\/tododescuento.cl\/web\/wp-json\/wp\/v2\/media\/1170"}],"wp:attachment":[{"href":"https:\/\/tododescuento.cl\/web\/wp-json\/wp\/v2\/media?parent=7366"}],"wp:term":[{"taxonomy":"product_brand","embeddable":true,"href":"https:\/\/tododescuento.cl\/web\/wp-json\/wp\/v2\/product_brand?post=7366"},{"taxonomy":"product_cat","embeddable":true,"href":"https:\/\/tododescuento.cl\/web\/wp-json\/wp\/v2\/product_cat?post=7366"},{"taxonomy":"product_tag","embeddable":true,"href":"https:\/\/tododescuento.cl\/web\/wp-json\/wp\/v2\/product_tag?post=7366"}],"curies":[{"name":"wp","href":"https:\/\/api.w.org\/{rel}","templated":true}]}}