{"id":7355,"date":"2023-12-17T14:30:40","date_gmt":"2023-12-17T17:30:40","guid":{"rendered":"https:\/\/tododescuento.cl\/?post_type=product&#038;p=7355"},"modified":"2025-05-19T20:51:40","modified_gmt":"2025-05-20T00:51:40","slug":"rack-panel-para-tv-de-hasta-78-pulgadas-modelo-chicago","status":"publish","type":"product","link":"https:\/\/tododescuento.cl\/web\/producto\/rack-panel-para-tv-de-hasta-78-pulgadas-modelo-chicago\/","title":{"rendered":"Rack Panel Para Tv De Hasta 78 Pulgadas, Modelo Chicago"},"content":{"rendered":"<p>El Rack Panel Chicago transformar\u00e1 tu sala de estar en un ambiente m\u00e1s organizado y vers\u00e1til para relajarte y recibir a amigos y familiares en cualquier ocasi\u00f3n. El Panel Exclusivo es perfecto para quienes gustan de la practicidad y la opci\u00f3n correcta que combina eficiencia y buen gusto.<\/p>\n<p>Tiene 2 repisas, 2 nichos y 2 cajones donde podr\u00e1s acomodar tus objetos decorativos, dispositivos electr\u00f3nicos, entre otros.<\/p>\n<p>&nbsp;<\/p>\n<p>Madera MDP<br \/>\nTipo de pintura: UV<\/p>\n<p>Medidas producto:<br \/>\nAlto: 162 cm<br \/>\nAncho: 180 cm<br \/>\nFondo: 29 cm<br \/>\nPeso: 58,70 Kg<\/p>\n<p>Caracter\u00edsticas:<br \/>\nTiene iluminaci\u00f3n: Si<br \/>\nL\u00e1mpara Led Bivolt<br \/>\nEspacio para decoraci\u00f3n<br \/>\nTecho 25mm<br \/>\nEspacio libre para TV 180x112x29 cm<br \/>\nEncimera 25mm<br \/>\nPuerta abatible: 02<br \/>\nTipo de puerta: Abierto (toggle)<br \/>\nEspacio para recibidores<\/p>\n","protected":false},"excerpt":{"rendered":"<p>El panel Chicago para tv de hasta 78 pulgadas, lleg\u00f3 a complementar su habitaci\u00f3n. Con un dise\u00f1o moderno e innovador, agregar\u00e1 mucho m\u00e1s encanto y refinamiento a su habitaci\u00f3n. Con nichos modernos y una innovaci\u00f3n que este producto trae al mercado.<\/p>\n","protected":false},"featured_media":1138,"comment_status":"open","ping_status":"closed","template":"","meta":[],"product_brand":[],"product_cat":[323],"product_tag":[489],"class_list":{"0":"post-7355","1":"product","2":"type-product","3":"status-publish","4":"has-post-thumbnail","6":"product_cat-hogar","7":"product_tag-chicago","9":"first","10":"instock","11":"sale","12":"shipping-taxable","13":"purchasable","14":"product-type-simple"},"_links":{"self":[{"href":"https:\/\/tododescuento.cl\/web\/wp-json\/wp\/v2\/product\/7355","targetHints":{"allow":["GET"]}}],"collection":[{"href":"https:\/\/tododescuento.cl\/web\/wp-json\/wp\/v2\/product"}],"about":[{"href":"https:\/\/tododescuento.cl\/web\/wp-json\/wp\/v2\/types\/product"}],"replies":[{"embeddable":true,"href":"https:\/\/tododescuento.cl\/web\/wp-json\/wp\/v2\/comments?post=7355"}],"wp:featuredmedia":[{"embeddable":true,"href":"https:\/\/tododescuento.cl\/web\/wp-json\/wp\/v2\/media\/1138"}],"wp:attachment":[{"href":"https:\/\/tododescuento.cl\/web\/wp-json\/wp\/v2\/media?parent=7355"}],"wp:term":[{"taxonomy":"product_brand","embeddable":true,"href":"https:\/\/tododescuento.cl\/web\/wp-json\/wp\/v2\/product_brand?post=7355"},{"taxonomy":"product_cat","embeddable":true,"href":"https:\/\/tododescuento.cl\/web\/wp-json\/wp\/v2\/product_cat?post=7355"},{"taxonomy":"product_tag","embeddable":true,"href":"https:\/\/tododescuento.cl\/web\/wp-json\/wp\/v2\/product_tag?post=7355"}],"curies":[{"name":"wp","href":"https:\/\/api.w.org\/{rel}","templated":true}]}}