{"id":7219,"date":"2023-12-17T14:30:06","date_gmt":"2023-12-17T17:30:06","guid":{"rendered":"https:\/\/tododescuento.cl\/?post_type=product&#038;p=7219"},"modified":"2023-12-17T14:30:36","modified_gmt":"2023-12-17T17:30:36","slug":"cortina-de-pano-semi-blackout-90","status":"publish","type":"product","link":"https:\/\/tododescuento.cl\/web\/producto\/cortina-de-pano-semi-blackout-90\/","title":{"rendered":"CORTINA DE PA\u00d1O SEMI BLACKOUT 90%"},"content":{"rendered":"<p>&#8216;- Tecnolog\u00eda Blackout de tejido entramado permite una ca\u00edda ligera sin sacrificar el filtro de luz.<\/p>\n<p>&#8211; No son engomadas, son m\u00e1s duraderas y eso ES GENIAL.<\/p>\n<p>&#8211; El rev\u00e9s es del mismo color para no desentonar con tu decoraci\u00f3n.<\/p>\n<p>&#8211; A\u00edslan la temperatura para mantener el ambiente fresco en verano y en invierno te ayuda a conservar la temperatura interior por m\u00e1s tiempo, porque ahorrar en calefacci\u00f3n o ventilaci\u00f3n a todos nos parece una buena idea.<\/p>\n<p>Escoge entre 3 hermosos colores que har\u00e1n juego perfecto con tus espacios.<\/p>\n<p>&#8212;&#8212;&#8212;&#8212;&#8212;&#8212;&#8212;&#8212;&#8212;&#8212;&#8212;&#8212;&#8212;&#8212;&#8212;&#8212;&#8212;&#8212;&#8212;&#8212;&#8212;&#8212;&#8212;&#8212;&#8212;<br \/>\nFICHA T\u00c9CNICA<br \/>\n&#8211; Materialidad: Tela con tejido entramado.<br \/>\n&#8211; Medidas: 240 cm de largo (incluye las argollas) x 140 cm de ancho por cada pa\u00f1o.<br \/>\n&#8211; Colores: Beige, Gris Oscuro, Caf\u00e9.<br \/>\nSelecciona el color de tu preferencia al momento de agregar al carrito.<br \/>\n&#8212;&#8212;&#8212;&#8212;&#8212;&#8212;&#8212;&#8212;&#8212;&#8212;&#8212;&#8212;&#8212;&#8212;&#8212;&#8212;&#8212;&#8212;&#8212;&#8212;&#8212;&#8212;&#8212;&#8212;&#8212;<\/p>\n<p>QUE VIENE EN EL EMBALAJE<\/p>\n<p>&#8211; 1 Pa\u00f1o de Cortina 90% Blackout Top Deco<\/p>\n<p>&nbsp;<\/p>\n","protected":false},"excerpt":{"rendered":"<p>Cortina de pa\u00f1o 90% Blackout Top Deco, descansa del brillo del sol todo el tiempo que quieras.<\/p>\n<p>-Disfruta de la apariencia de unas cortinas tradicionales que te permiten atenuar la luz del d\u00eda con solo cerrarlas.<\/p>\n<p>1 Pa\u00f1o de 140 x 240 cm con gran ca\u00edda que le dar\u00e1 un toque elegante a tus ambientes.<\/p>\n","protected":false},"featured_media":973,"comment_status":"closed","ping_status":"closed","template":"","meta":[],"product_brand":[],"product_cat":[452,323],"product_tag":[466],"class_list":{"0":"post-7219","1":"product","2":"type-product","3":"status-publish","4":"has-post-thumbnail","6":"product_cat-cortinas","7":"product_cat-hogar","8":"product_tag-cortina","10":"first","11":"instock","12":"sale","13":"purchasable","14":"product-type-variable"},"_links":{"self":[{"href":"https:\/\/tododescuento.cl\/web\/wp-json\/wp\/v2\/product\/7219","targetHints":{"allow":["GET"]}}],"collection":[{"href":"https:\/\/tododescuento.cl\/web\/wp-json\/wp\/v2\/product"}],"about":[{"href":"https:\/\/tododescuento.cl\/web\/wp-json\/wp\/v2\/types\/product"}],"replies":[{"embeddable":true,"href":"https:\/\/tododescuento.cl\/web\/wp-json\/wp\/v2\/comments?post=7219"}],"wp:featuredmedia":[{"embeddable":true,"href":"https:\/\/tododescuento.cl\/web\/wp-json\/wp\/v2\/media\/973"}],"wp:attachment":[{"href":"https:\/\/tododescuento.cl\/web\/wp-json\/wp\/v2\/media?parent=7219"}],"wp:term":[{"taxonomy":"product_brand","embeddable":true,"href":"https:\/\/tododescuento.cl\/web\/wp-json\/wp\/v2\/product_brand?post=7219"},{"taxonomy":"product_cat","embeddable":true,"href":"https:\/\/tododescuento.cl\/web\/wp-json\/wp\/v2\/product_cat?post=7219"},{"taxonomy":"product_tag","embeddable":true,"href":"https:\/\/tododescuento.cl\/web\/wp-json\/wp\/v2\/product_tag?post=7219"}],"curies":[{"name":"wp","href":"https:\/\/api.w.org\/{rel}","templated":true}]}}