{"id":7218,"date":"2023-12-17T14:30:06","date_gmt":"2023-12-17T17:30:06","guid":{"rendered":"https:\/\/tododescuento.cl\/?post_type=product&#038;p=7218"},"modified":"2025-01-30T18:11:05","modified_gmt":"2025-01-30T21:11:05","slug":"cortina-roller-blackout","status":"publish","type":"product","link":"https:\/\/tododescuento.cl\/web\/producto\/cortina-roller-blackout\/","title":{"rendered":"Cortina Roller Blackout"},"content":{"rendered":"<p>Renueva tus espacios con la nueva l\u00ednea de cortinas Roller Blackout Top Deco. Una alternativa ideal para bloquear la luz solar en aquellos espacios que no requieran mucha claridad. Son pr\u00e1cticas y resistentes, siendo adem\u00e1s f\u00e1ciles y sencillas de mantener.<\/p>\n<p>La cortina BlackOut trae un tubo enrollable con un sistema de deslizamiento que permite subir y bajar las telas y as\u00ed determinar cu\u00e1nta luz ingresar\u00e1 del exterior. Los soportes permiten que se instale tanto en muro como en techo.<\/p>\n<p>Para limpiarla, solo necesitar\u00e1s de un pa\u00f1o h\u00famedo. Una de las ventajas de las cortinas roller, es que son adaptables en tama\u00f1o a la medida mas especifica que pueda tener su ventana. Blackout<\/p>\n<p>Impermeable, mantiene la Temperatura en las habitaciones, otorga oscuridad y bloquea tanto el calor exterior como la p\u00e9rdida de calefacci\u00f3n. Bloquea la visi\u00f3n al 100% d\u00e1ndole un look moderno y elegante a su hogar<\/p>\n<p>F\u00e1cil de limpiar, alta resistencia a los rayos UV. Bloquea la visi\u00f3n en un 100%.<\/p>\n<p>La Cortina Roller Balckout es elaborada en algod\u00f3n-poli\u00e9ster + 3 capas de laminado<\/p>\n<p>&nbsp;<\/p>\n","protected":false},"excerpt":{"rendered":"<p>Si est\u00e1 buscando renovar la decoraci\u00f3n de su hogar con cortinas para living o dormitorio, esta cortina es ideal para que su casa tenga el mejor estilo.<\/p>\n<p>&nbsp;<\/p>\n","protected":false},"featured_media":971,"comment_status":"closed","ping_status":"closed","template":"","meta":[],"product_brand":[],"product_cat":[452,323],"product_tag":[465],"class_list":{"0":"post-7218","1":"product","2":"type-product","3":"status-publish","4":"has-post-thumbnail","6":"product_cat-cortinas","7":"product_cat-hogar","8":"product_tag-blackout","10":"first","11":"instock","12":"purchasable","13":"product-type-variable"},"_links":{"self":[{"href":"https:\/\/tododescuento.cl\/web\/wp-json\/wp\/v2\/product\/7218","targetHints":{"allow":["GET"]}}],"collection":[{"href":"https:\/\/tododescuento.cl\/web\/wp-json\/wp\/v2\/product"}],"about":[{"href":"https:\/\/tododescuento.cl\/web\/wp-json\/wp\/v2\/types\/product"}],"replies":[{"embeddable":true,"href":"https:\/\/tododescuento.cl\/web\/wp-json\/wp\/v2\/comments?post=7218"}],"wp:featuredmedia":[{"embeddable":true,"href":"https:\/\/tododescuento.cl\/web\/wp-json\/wp\/v2\/media\/971"}],"wp:attachment":[{"href":"https:\/\/tododescuento.cl\/web\/wp-json\/wp\/v2\/media?parent=7218"}],"wp:term":[{"taxonomy":"product_brand","embeddable":true,"href":"https:\/\/tododescuento.cl\/web\/wp-json\/wp\/v2\/product_brand?post=7218"},{"taxonomy":"product_cat","embeddable":true,"href":"https:\/\/tododescuento.cl\/web\/wp-json\/wp\/v2\/product_cat?post=7218"},{"taxonomy":"product_tag","embeddable":true,"href":"https:\/\/tododescuento.cl\/web\/wp-json\/wp\/v2\/product_tag?post=7218"}],"curies":[{"name":"wp","href":"https:\/\/api.w.org\/{rel}","templated":true}]}}