{"id":7217,"date":"2023-12-17T14:30:05","date_gmt":"2023-12-17T17:30:05","guid":{"rendered":"https:\/\/tododescuento.cl\/?post_type=product&#038;p=7217"},"modified":"2026-01-25T22:05:23","modified_gmt":"2026-01-26T01:05:23","slug":"cortina-roller-blackout-texturada","status":"publish","type":"product","link":"https:\/\/tododescuento.cl\/web\/producto\/cortina-roller-blackout-texturada\/","title":{"rendered":"CORTINA ROLLER  BLACKOUT TEXTURADA"},"content":{"rendered":"<p>La cortina blackout trae un tubo enrollable con un sistema de deslizamiento que permite subir y bajar las telas y as\u00ed determinar cu\u00e1nta luz ingresar\u00e1 del exterior. Los soportes de la Cortina Enrollable blackout permiten que se instale tanto en muro como en techo.<br \/>\nPara limpiarla, solo necesitar\u00e1s de un pa\u00f1o h\u00famedo. Una de las ventajas de las cortinas roller, es que son adaptables en tama\u00f1o a la medida mas especifica que pueda tener su ventana. blackout texturada<\/p>\n","protected":false},"excerpt":{"rendered":"<p>Evite la luz fuerte, a\u00edsle fr\u00edo y calor y dele un look moderno y elegante a su hogar con esta cortina RollerBlackout Blanca. Esta cortina rollerblackout impide el paso de la luz.<br \/>\nSi est\u00e1 buscando renovar la decoraci\u00f3n de su hogar con cortinas para living o dormitorio, esta Cortina RollerBlackout es ideal para que su casa tenga el mejor estilo. Contamos con dise\u00f1os de cortinas blackout exclusivos en el pa\u00eds, y lo mejor de todo con un precio incomparable.<\/p>\n<p>&nbsp;<\/p>\n","protected":false},"featured_media":962,"comment_status":"closed","ping_status":"closed","template":"","meta":[],"product_brand":[],"product_cat":[452,323],"product_tag":[461],"class_list":{"0":"post-7217","1":"product","2":"type-product","3":"status-publish","4":"has-post-thumbnail","6":"product_cat-cortinas","7":"product_cat-hogar","8":"product_tag-blackout-texturada","10":"first","11":"instock","12":"purchasable","13":"product-type-variable"},"_links":{"self":[{"href":"https:\/\/tododescuento.cl\/web\/wp-json\/wp\/v2\/product\/7217","targetHints":{"allow":["GET"]}}],"collection":[{"href":"https:\/\/tododescuento.cl\/web\/wp-json\/wp\/v2\/product"}],"about":[{"href":"https:\/\/tododescuento.cl\/web\/wp-json\/wp\/v2\/types\/product"}],"replies":[{"embeddable":true,"href":"https:\/\/tododescuento.cl\/web\/wp-json\/wp\/v2\/comments?post=7217"}],"wp:featuredmedia":[{"embeddable":true,"href":"https:\/\/tododescuento.cl\/web\/wp-json\/wp\/v2\/media\/962"}],"wp:attachment":[{"href":"https:\/\/tododescuento.cl\/web\/wp-json\/wp\/v2\/media?parent=7217"}],"wp:term":[{"taxonomy":"product_brand","embeddable":true,"href":"https:\/\/tododescuento.cl\/web\/wp-json\/wp\/v2\/product_brand?post=7217"},{"taxonomy":"product_cat","embeddable":true,"href":"https:\/\/tododescuento.cl\/web\/wp-json\/wp\/v2\/product_cat?post=7217"},{"taxonomy":"product_tag","embeddable":true,"href":"https:\/\/tododescuento.cl\/web\/wp-json\/wp\/v2\/product_tag?post=7217"}],"curies":[{"name":"wp","href":"https:\/\/api.w.org\/{rel}","templated":true}]}}