{"id":7216,"date":"2023-12-17T14:30:05","date_gmt":"2023-12-17T17:30:05","guid":{"rendered":"https:\/\/tododescuento.cl\/?post_type=product&#038;p=7216"},"modified":"2024-11-20T09:01:19","modified_gmt":"2024-11-20T12:01:19","slug":"cortina-roller-zebra-duo-120x120-rosado","status":"publish","type":"product","link":"https:\/\/tododescuento.cl\/web\/producto\/cortina-roller-zebra-duo-120x120-rosado\/","title":{"rendered":"CORTINA ROLLER ZEBRA (DUO)"},"content":{"rendered":"<p>Una alternativa ideal para disminuir el paso de la luz solar sin oscurecer totalmente aquellos espacios de tu hogar. Son pr\u00e1cticas y resistentes, siendo adem\u00e1s f\u00e1ciles y sencillas de mantener.<\/p>\n<p>Si est\u00e1 buscando renovar la decoraci\u00f3n de su hogar con cortinas para living o dormitorio, esta cortina es ideal para que su casa tenga el mejor estilo.<\/p>\n<p>Esta Cortina Roller Zebra (D\u00fao) es ideal para que tu casa tenga el mejor estilo. Son b\u00e1sicamente cortinas enrollables en telas de franjas horizontales dobles que se traslapan entre tejidos cerrados para la privacidad y tejidos abiertos del tipo Malla o Velo para mayor visibilidad.<\/p>\n<p>El accionamiento permite que se intercalen las franjas logrando un efecto d\u00fao (duplex) por lo tanto un solo producto entrega doble funcionalidad Velo y Cortina en un s\u00f3lo sistema.<br \/>\nUna soluci\u00f3n elegante y vers\u00e1til para el control de la luz y la privacidad en cualquier espacio. Con un dise\u00f1o innovador, esta cortina permite ajustar f\u00e1cilmente la luminosidad seg\u00fan las preferencias del usuario y las necesidades del momento. F\u00e1cil de limpiar, alta resistencia a los rayos UV.<\/p>\n","protected":false},"excerpt":{"rendered":"<p>Si est\u00e1s buscando una cortina que sea pr\u00e1ctica, f\u00e1cil de usar y segura, entonces una cortina Roller Zebra (D\u00fao) es una excelente opci\u00f3n.<\/p>\n","protected":false},"featured_media":955,"comment_status":"closed","ping_status":"closed","template":"","meta":[],"product_brand":[],"product_cat":[452,323],"product_tag":[457,310,460],"class_list":{"0":"post-7216","1":"product","2":"type-product","3":"status-publish","4":"has-post-thumbnail","6":"product_cat-cortinas","7":"product_cat-hogar","8":"product_tag-120cm-ancho-x-120cm-largo","9":"product_tag-rosado","10":"product_tag-zebra-duo","12":"first","13":"instock","14":"purchasable","15":"product-type-simple"},"_links":{"self":[{"href":"https:\/\/tododescuento.cl\/web\/wp-json\/wp\/v2\/product\/7216","targetHints":{"allow":["GET"]}}],"collection":[{"href":"https:\/\/tododescuento.cl\/web\/wp-json\/wp\/v2\/product"}],"about":[{"href":"https:\/\/tododescuento.cl\/web\/wp-json\/wp\/v2\/types\/product"}],"replies":[{"embeddable":true,"href":"https:\/\/tododescuento.cl\/web\/wp-json\/wp\/v2\/comments?post=7216"}],"wp:featuredmedia":[{"embeddable":true,"href":"https:\/\/tododescuento.cl\/web\/wp-json\/wp\/v2\/media\/955"}],"wp:attachment":[{"href":"https:\/\/tododescuento.cl\/web\/wp-json\/wp\/v2\/media?parent=7216"}],"wp:term":[{"taxonomy":"product_brand","embeddable":true,"href":"https:\/\/tododescuento.cl\/web\/wp-json\/wp\/v2\/product_brand?post=7216"},{"taxonomy":"product_cat","embeddable":true,"href":"https:\/\/tododescuento.cl\/web\/wp-json\/wp\/v2\/product_cat?post=7216"},{"taxonomy":"product_tag","embeddable":true,"href":"https:\/\/tododescuento.cl\/web\/wp-json\/wp\/v2\/product_tag?post=7216"}],"curies":[{"name":"wp","href":"https:\/\/api.w.org\/{rel}","templated":true}]}}