{"id":7214,"date":"2023-12-17T14:30:05","date_gmt":"2023-12-17T17:30:05","guid":{"rendered":"https:\/\/tododescuento.cl\/?post_type=product&#038;p=7214"},"modified":"2025-11-19T21:22:22","modified_gmt":"2025-11-20T00:22:22","slug":"cortina-roller-screen","status":"publish","type":"product","link":"https:\/\/tododescuento.cl\/web\/producto\/cortina-roller-screen\/","title":{"rendered":"CORTINA ROLLER SCREEN"},"content":{"rendered":"<p>Renueva tus espacios con la nueva l\u00ednea de cortinas Roller Screen Top Deco. Una alternativa ideal para bloquear la luz solar en aquellos espacios que no requieran mucha claridad. Son pr\u00e1cticas y resistentes, siendo adem\u00e1s f\u00e1ciles y sencillas de mantener.<br \/>\nSi est\u00e1s buscando una cortina que sea pr\u00e1ctica, f\u00e1cil de usar y segura, entonces una cortina Roller Screen es una excelente opci\u00f3n.<\/p>\n<p>Las cortinas Roller Screen ofrecen un excelente control de la luz natural, ya que permiten filtrar suavemente la luz del sol, creando un ambiente luminoso y agradable en el interior sin llegar a oscurecer completamente la habitaci\u00f3n. Al mismo tiempo, evitan el deslumbramiento y protegen de los rayos UV da\u00f1inos<\/p>\n<p>Apertura de luz 2%, f\u00e1cil de limpiar, alta resistencia a los rayos UV. Bloquea la visi\u00f3n en un 90%.<\/p>\n<p>La Cortina Roller Screen es elaborada en 27% poli\u00e9ster, 73% PVC.<\/p>\n<p>La tela screen es conocida por su resistencia y durabilidad, porque su composici\u00f3n de poli\u00e9ster y PVC lo hace resistente al desgaste, a la decoloraci\u00f3n y al desgarro, lo que\u00a0garantiza una vida \u00fatil prolongada y un aspecto impecable durante mucho tiempo.<\/p>\n<p>Higi\u00e9nica y f\u00e1cil de limpiar, repele el polvo, polen, bacterias y antihongos, por lo que se recomienda en colegios y h\u00e1bitats para personas que padecen alergias o asma.<\/p>\n<p>Resistente en ambientes h\u00famedos y salinos.<\/p>\n<p>Incluyen accesorios para la instalaci\u00f3n en techos o muros, mecanismo pl\u00e1stico con interior met\u00e1lico.<\/p>\n<p>&nbsp;<\/p>\n","protected":false},"excerpt":{"rendered":"<p>Si est\u00e1s buscando una cortina que sea pr\u00e1ctica, f\u00e1cil de usar y segura, entonces una cortina Roller Screen es una excelente opci\u00f3n.<\/p>\n","protected":false},"featured_media":948,"comment_status":"closed","ping_status":"closed","template":"","meta":[],"product_brand":[],"product_cat":[452,323],"product_tag":[453,455,456],"class_list":{"0":"post-7214","1":"product","2":"type-product","3":"status-publish","4":"has-post-thumbnail","6":"product_cat-cortinas","7":"product_cat-hogar","8":"product_tag-105cm-ancho-x-240cm-largo","9":"product_tag-beige","10":"product_tag-screen","12":"first","13":"instock","14":"purchasable","15":"product-type-variable"},"_links":{"self":[{"href":"https:\/\/tododescuento.cl\/web\/wp-json\/wp\/v2\/product\/7214","targetHints":{"allow":["GET"]}}],"collection":[{"href":"https:\/\/tododescuento.cl\/web\/wp-json\/wp\/v2\/product"}],"about":[{"href":"https:\/\/tododescuento.cl\/web\/wp-json\/wp\/v2\/types\/product"}],"replies":[{"embeddable":true,"href":"https:\/\/tododescuento.cl\/web\/wp-json\/wp\/v2\/comments?post=7214"}],"wp:featuredmedia":[{"embeddable":true,"href":"https:\/\/tododescuento.cl\/web\/wp-json\/wp\/v2\/media\/948"}],"wp:attachment":[{"href":"https:\/\/tododescuento.cl\/web\/wp-json\/wp\/v2\/media?parent=7214"}],"wp:term":[{"taxonomy":"product_brand","embeddable":true,"href":"https:\/\/tododescuento.cl\/web\/wp-json\/wp\/v2\/product_brand?post=7214"},{"taxonomy":"product_cat","embeddable":true,"href":"https:\/\/tododescuento.cl\/web\/wp-json\/wp\/v2\/product_cat?post=7214"},{"taxonomy":"product_tag","embeddable":true,"href":"https:\/\/tododescuento.cl\/web\/wp-json\/wp\/v2\/product_tag?post=7214"}],"curies":[{"name":"wp","href":"https:\/\/api.w.org\/{rel}","templated":true}]}}