{"id":7213,"date":"2023-12-17T14:30:05","date_gmt":"2023-12-17T17:30:05","guid":{"rendered":"https:\/\/tododescuento.cl\/?post_type=product&#038;p=7213"},"modified":"2025-07-09T15:22:49","modified_gmt":"2025-07-09T19:22:49","slug":"cortina-roller-sunscreen-5-de-apertura","status":"publish","type":"product","link":"https:\/\/tododescuento.cl\/web\/producto\/cortina-roller-sunscreen-5-de-apertura\/","title":{"rendered":"CORTINA ROLLER SUNSCREEN 5% DE APERTURA"},"content":{"rendered":"<p>Renueva tus espacios con la nueva l\u00ednea de cortinas Roller Sunscreen Top Deco. Una alternativa ideal para bloquear la luz solar en aquellos espacios que no requieran mucha claridad. Son pr\u00e1cticas y resistentes, siendo adem\u00e1s f\u00e1ciles y sencillas de mantener.<\/p>\n<p>Si est\u00e1s buscando una cortina que sea pr\u00e1ctica, f\u00e1cil de usar y segura, entonces una cortina Roller Sunscreen es una excelente opci\u00f3n.<\/p>\n<p>Las cortinas Roller Sunscreen ofrecen un excelente control de la luz natural, ya que permiten filtrar suavemente la luz del sol, creando un ambiente luminoso y agradable en el interior sin llegar a oscurecer completamente la habitaci\u00f3n. Al mismo tiempo, evitan el deslumbramiento y protegen de los rayos UV da\u00f1inos.<\/p>\n<p>Apertura de luz 5%, f\u00e1cil de limpiar, alta resistencia a los rayos UV. Bloquea la visi\u00f3n en un 80%.<br \/>\nLa Cortina Roller Sunscreen es elaborada en 30% poli\u00e9ster, 70% PVC.<\/p>\n<p>Las Cortinas Roller Sunscreen poseen micro perforaciones en la tela lo que permite obtener un ambiente iluminado y al mismo tiempo protegido de los rayos solares, es una tela altamente resistente y duradera, f\u00e1cil de limpiar sobre la que no se adhieren hongos.<\/p>\n<p>La tela Sunscreen es conocida por su resistencia y durabilidad, porque su composici\u00f3n de poli\u00e9ster y PVC lo hace resistente al desgaste, a la decoloraci\u00f3n y al desgarro, lo que garantiza una vida \u00fatil prolongada y un aspecto impecable durante mucho tiempo.<\/p>\n<p>Higi\u00e9nica y f\u00e1cil de limpiar, repele el polvo, polen, bacterias y antihongos, por lo que se recomienda en colegios y h\u00e1bitats para personas que padecen alergias o asma.<br \/>\nResistente en ambientes h\u00famedos y salinos.<\/p>\n<p>Incluyen accesorios para la instalaci\u00f3n en techos o muros, mecanismo pl\u00e1stico con interior met\u00e1lico.<\/p>\n","protected":false},"excerpt":{"rendered":"<p>Si est\u00e1s buscando una cortina que sea pr\u00e1ctica, f\u00e1cil de usar y segura, entonces una cortina Roller Sunscreen es una excelente opci\u00f3n.<\/p>\n","protected":false},"featured_media":934,"comment_status":"closed","ping_status":"closed","template":"","meta":[],"product_brand":[],"product_cat":[452,323],"product_tag":[453,315,454],"class_list":{"0":"post-7213","1":"product","2":"type-product","3":"status-publish","4":"has-post-thumbnail","6":"product_cat-cortinas","7":"product_cat-hogar","8":"product_tag-105cm-ancho-x-240cm-largo","9":"product_tag-gris","10":"product_tag-sunscreen","12":"first","13":"instock","14":"purchasable","15":"product-type-variable"},"_links":{"self":[{"href":"https:\/\/tododescuento.cl\/web\/wp-json\/wp\/v2\/product\/7213","targetHints":{"allow":["GET"]}}],"collection":[{"href":"https:\/\/tododescuento.cl\/web\/wp-json\/wp\/v2\/product"}],"about":[{"href":"https:\/\/tododescuento.cl\/web\/wp-json\/wp\/v2\/types\/product"}],"replies":[{"embeddable":true,"href":"https:\/\/tododescuento.cl\/web\/wp-json\/wp\/v2\/comments?post=7213"}],"wp:featuredmedia":[{"embeddable":true,"href":"https:\/\/tododescuento.cl\/web\/wp-json\/wp\/v2\/media\/934"}],"wp:attachment":[{"href":"https:\/\/tododescuento.cl\/web\/wp-json\/wp\/v2\/media?parent=7213"}],"wp:term":[{"taxonomy":"product_brand","embeddable":true,"href":"https:\/\/tododescuento.cl\/web\/wp-json\/wp\/v2\/product_brand?post=7213"},{"taxonomy":"product_cat","embeddable":true,"href":"https:\/\/tododescuento.cl\/web\/wp-json\/wp\/v2\/product_cat?post=7213"},{"taxonomy":"product_tag","embeddable":true,"href":"https:\/\/tododescuento.cl\/web\/wp-json\/wp\/v2\/product_tag?post=7213"}],"curies":[{"name":"wp","href":"https:\/\/api.w.org\/{rel}","templated":true}]}}