{"id":7208,"date":"2023-12-17T14:30:05","date_gmt":"2023-12-17T17:30:05","guid":{"rendered":"https:\/\/tododescuento.cl\/?post_type=product&#038;p=7208"},"modified":"2024-03-27T11:47:17","modified_gmt":"2024-03-27T14:47:17","slug":"plumon-relleno-de-seda-mulberry","status":"publish","type":"product","link":"https:\/\/tododescuento.cl\/web\/producto\/plumon-relleno-de-seda-mulberry\/","title":{"rendered":"Plum\u00f3n Queen relleno 100% seda Mulberry Blanco"},"content":{"rendered":"<p>Medidas Queen\u00a0: 210&#215;230 cm<br \/>\nNO Clorar &#8211; NO Lavar en seco &#8211; NO planchar &#8211; Secar al aire Libre.<\/p>\n","protected":false},"excerpt":{"rendered":"<p>Plum\u00f3n Relleno 100% de Seda Mulberry en un sofisticado y suave cobertor 100% Algod\u00f3n.<\/p>\n<p>La Seda Mulberry se caracteriza por ser de capullo de gusano de seda joven, el proceso de producci\u00f3n es de estricto cuidado sobre su temperatura interior y humedad para hacer hilo m\u00e1s ligeros, lubricados, uniforme y m\u00e1s duradero.<\/p>\n","protected":false},"featured_media":8566,"comment_status":"closed","ping_status":"closed","template":"","meta":[],"product_brand":[],"product_cat":[323,444],"product_tag":[231,445,649],"class_list":{"0":"post-7208","1":"product","2":"type-product","3":"status-publish","4":"has-post-thumbnail","6":"product_cat-hogar","7":"product_cat-plumon","8":"product_tag-blanco","9":"product_tag-mulberry","10":"product_tag-seda","12":"first","13":"instock","14":"sale","15":"purchasable","16":"product-type-simple"},"_links":{"self":[{"href":"https:\/\/tododescuento.cl\/web\/wp-json\/wp\/v2\/product\/7208","targetHints":{"allow":["GET"]}}],"collection":[{"href":"https:\/\/tododescuento.cl\/web\/wp-json\/wp\/v2\/product"}],"about":[{"href":"https:\/\/tododescuento.cl\/web\/wp-json\/wp\/v2\/types\/product"}],"replies":[{"embeddable":true,"href":"https:\/\/tododescuento.cl\/web\/wp-json\/wp\/v2\/comments?post=7208"}],"wp:featuredmedia":[{"embeddable":true,"href":"https:\/\/tododescuento.cl\/web\/wp-json\/wp\/v2\/media\/8566"}],"wp:attachment":[{"href":"https:\/\/tododescuento.cl\/web\/wp-json\/wp\/v2\/media?parent=7208"}],"wp:term":[{"taxonomy":"product_brand","embeddable":true,"href":"https:\/\/tododescuento.cl\/web\/wp-json\/wp\/v2\/product_brand?post=7208"},{"taxonomy":"product_cat","embeddable":true,"href":"https:\/\/tododescuento.cl\/web\/wp-json\/wp\/v2\/product_cat?post=7208"},{"taxonomy":"product_tag","embeddable":true,"href":"https:\/\/tododescuento.cl\/web\/wp-json\/wp\/v2\/product_tag?post=7208"}],"curies":[{"name":"wp","href":"https:\/\/api.w.org\/{rel}","templated":true}]}}