{"id":7206,"date":"2023-12-17T14:29:50","date_gmt":"2023-12-17T17:29:50","guid":{"rendered":"https:\/\/tododescuento.cl\/?post_type=product&#038;p=7206"},"modified":"2023-12-17T14:30:02","modified_gmt":"2023-12-17T17:30:02","slug":"soporte-metalico-de-pared-tv-con-brazo-giratorio-32-a-55-pulgadas","status":"publish","type":"product","link":"https:\/\/tododescuento.cl\/web\/producto\/soporte-metalico-de-pared-tv-con-brazo-giratorio-32-a-55-pulgadas\/","title":{"rendered":"SOPORTE METALICO DE PARED TV CON BRAZO GIRATORIO 32 A 55 PULGADAS"},"content":{"rendered":"<p><audio class=\"audio-for-speech\"><\/audio><\/p>\n<div class=\"translate-tooltip-mtz translator-hidden\">\n<div class=\"header\">\n<div class=\"header-controls\">Translator<\/div>\n<div class=\"header-controls\"><\/div>\n<\/div>\n<div class=\"translated-text\">\n<div class=\"words\"><\/div>\n<div class=\"sentences\"><\/div>\n<\/div>\n<\/div>\n<p>&nbsp;<\/p>\n<p>&nbsp;<\/p>\n<div class=\"translate-tooltip-mtz translator-hidden\">\n<div class=\"header\">\n<div class=\"header-controls\">Translator<\/div>\n<div class=\"header-controls\"><\/div>\n<\/div>\n<div class=\"translated-text\">\n<div class=\"words\"><\/div>\n<div class=\"sentences\"><\/div>\n<\/div>\n<\/div>\n<p>&nbsp;<\/p>\n<ul>\n<li>Soporte de pared para televisor\u00a0LED o LCD de 14&#8243; a 55&#8243; pulgadas.<\/li>\n<li>Brazo extensor con rotaci\u00f3n horizontal en 180\u00ba.<\/li>\n<li>Dise\u00f1ado con\u00a0material s\u00f3lido y resistente.<\/li>\n<li>Est\u00e1ndares VESA: Universal.<\/li>\n<li>No es inclinable.<\/li>\n<li>Resiste un peso m\u00e1ximo de\u00a050 Kgs.<\/li>\n<li>Es articulado y giratorio.<\/li>\n<li>Incluye 4 piezas para extender el \u00e1rea de anclaje del televisor.<\/li>\n<li>Soporte fijo que se ajusta con rapidez. Con\u00a0f\u00e1cil inclinaci\u00f3n de \u00b115\u00b0 y con giro de \u00b1120\u00b0, permiti\u00e9ndole\u00a0una mejor visibilidad y comodidad.<\/li>\n<li>Tipos de pantallas soportadas: LCD, LED, Plana y Plasma.<\/li>\n<li>Cantidad de pantallas soportadas: 1.<\/li>\n<li>Incluye kit de instalaci\u00f3n.<\/li>\n<li>Medidas del producto: Se especifican en ficha t\u00e9cnica.<\/li>\n<li>Peso del producto: 1,55 Kgs. (Incluyendo 4 piezas extensoras, tornillos y tarugos para instalaci\u00f3n).<\/li>\n<li>Medidas del empaque: 28 cms. de ancho x 23 cms. de alto x 6,5 cms. de largo.<\/li>\n<li>Peso del empaque:\u00a01,70 Kgs.<\/li>\n<\/ul>\n","protected":false},"excerpt":{"rendered":"<p><audio class=\"audio-for-speech\"><\/audio><\/p>\n<div class=\"translate-tooltip-mtz translator-hidden\">\n<div class=\"header\">\n<div class=\"header-controls\">Translator<\/div>\n<div class=\"header-controls\"><\/div>\n<\/div>\n<div class=\"translated-text\">\n<div class=\"words\"><\/div>\n<div class=\"sentences\"><\/div>\n<\/div>\n<\/div>\n<p>&nbsp;<\/p>\n<p>&nbsp;<\/p>\n<div class=\"translate-tooltip-mtz translator-hidden\">\n<div class=\"header\">\n<div class=\"header-controls\">Translator<\/div>\n<div class=\"header-controls\"><\/div>\n<\/div>\n<div class=\"translated-text\">\n<div class=\"words\"><\/div>\n<div class=\"sentences\"><\/div>\n<\/div>\n<\/div>\n<p>&nbsp;<\/p>\n<p>Soporte de muro para televisores LCD, Plasmas y LED de\u00a0<strong>14\u201d a 55\u201d<\/strong>, soporta hasta 50 Kg. Hecho de acero que ofrece fuerza y durabilidad, de color negro. Ideal para colocar tu televisor de una forma distinta y as\u00ed ahorrar espacio en tu hogar. Dispone de gran Angulo de movilidad gracias a su brazo articulado y as\u00ed hacer m\u00e1s c\u00f3moda y clara la visi\u00f3n del televisor. Incluye barras met\u00e1licas para tv m\u00e1s grande con brazo articulado de 45cm de extensi\u00f3n. Tambi\u00e9n incluye set de tornillos, tuercas y tarugos para su instalaci\u00f3n.<\/p>\n","protected":false},"featured_media":911,"comment_status":"closed","ping_status":"closed","template":"","meta":[],"product_brand":[],"product_cat":[270,413],"product_tag":[442,246],"class_list":{"0":"post-7206","1":"product","2":"type-product","3":"status-publish","4":"has-post-thumbnail","6":"product_cat-muebles","7":"product_cat-rack-tv","8":"product_tag-giratorio","9":"product_tag-negro","11":"first","12":"instock","13":"purchasable","14":"product-type-simple"},"_links":{"self":[{"href":"https:\/\/tododescuento.cl\/web\/wp-json\/wp\/v2\/product\/7206","targetHints":{"allow":["GET"]}}],"collection":[{"href":"https:\/\/tododescuento.cl\/web\/wp-json\/wp\/v2\/product"}],"about":[{"href":"https:\/\/tododescuento.cl\/web\/wp-json\/wp\/v2\/types\/product"}],"replies":[{"embeddable":true,"href":"https:\/\/tododescuento.cl\/web\/wp-json\/wp\/v2\/comments?post=7206"}],"wp:featuredmedia":[{"embeddable":true,"href":"https:\/\/tododescuento.cl\/web\/wp-json\/wp\/v2\/media\/911"}],"wp:attachment":[{"href":"https:\/\/tododescuento.cl\/web\/wp-json\/wp\/v2\/media?parent=7206"}],"wp:term":[{"taxonomy":"product_brand","embeddable":true,"href":"https:\/\/tododescuento.cl\/web\/wp-json\/wp\/v2\/product_brand?post=7206"},{"taxonomy":"product_cat","embeddable":true,"href":"https:\/\/tododescuento.cl\/web\/wp-json\/wp\/v2\/product_cat?post=7206"},{"taxonomy":"product_tag","embeddable":true,"href":"https:\/\/tododescuento.cl\/web\/wp-json\/wp\/v2\/product_tag?post=7206"}],"curies":[{"name":"wp","href":"https:\/\/api.w.org\/{rel}","templated":true}]}}