{"id":7205,"date":"2023-12-17T14:29:50","date_gmt":"2023-12-17T17:29:50","guid":{"rendered":"https:\/\/tododescuento.cl\/?post_type=product&#038;p=7205"},"modified":"2023-12-17T14:30:02","modified_gmt":"2023-12-17T17:30:02","slug":"soporte-metalico-de-pared-tv-con-inclinacion-23-a-55-pulgadas","status":"publish","type":"product","link":"https:\/\/tododescuento.cl\/web\/producto\/soporte-metalico-de-pared-tv-con-inclinacion-23-a-55-pulgadas\/","title":{"rendered":"SOPORTE METALICO DE PARED TV CON INCLINACION 23 A 55 PULGADAS"},"content":{"rendered":"<p><audio class=\"audio-for-speech\"><\/audio><\/p>\n<div class=\"translate-tooltip-mtz translator-hidden\">\n<div class=\"header\">\n<div class=\"header-controls\">Translator<\/div>\n<div class=\"header-controls\"><\/div>\n<\/div>\n<div class=\"translated-text\">\n<div class=\"words\"><\/div>\n<div class=\"sentences\"><\/div>\n<\/div>\n<\/div>\n<p>&nbsp;<\/p>\n<p><strong>SOPORTE DE TV ARTICULADO<\/strong><br \/>\nSoporte para televisores de pantalla plana LCD LED Plasma. Con articulaci\u00f3n vertical que inclinaci\u00f3n de 0 -15\u00ba para que puedas ajustar el \u00e1ngulo de visi\u00f3n a la posici\u00f3n que m\u00e1s te acomode.<\/p>\n<p><strong>COMPATIBLE CON PANTALLAS DE 23 A 55 PULGADAS<\/strong><br \/>\nSirve para instalar televisores con pantallas chicas desde las 23 pulgadas hasta televisores con pantallas medianas hasta las 55 pulgadas.<\/p>\n<p><strong>EST\u00c1NDAR DE FIJACI\u00d3N VESA<\/strong><br \/>\nCompatible con cualquier televisor fabricado con est\u00e1ndar de fijaci\u00f3n VESA<\/p>\n<p><strong>SOPORTA HASTA 75KG<\/strong><br \/>\nFabricado con acero de m\u00e1xima resistencia permite soportar pantallas pesadas de hasta 75 kilogramos de peso<\/p>\n","protected":false},"excerpt":{"rendered":"<p><audio class=\"audio-for-speech\"><\/audio><\/p>\n<div class=\"translate-tooltip-mtz translator-hidden\">\n<div class=\"header\">\n<div class=\"header-controls\">Translator<\/div>\n<div class=\"header-controls\"><\/div>\n<\/div>\n<div class=\"translated-text\">\n<div class=\"words\"><\/div>\n<div class=\"sentences\"><\/div>\n<\/div>\n<\/div>\n<p>&nbsp;<\/p>\n<ul>\n<li>Adecuado para pantalla de 23-55 pulgadas<\/li>\n<li>Universal y amplificador<\/li>\n<li>Alta calidad<\/li>\n<li>Tama\u00f1o Vesa: 400X400 mm<\/li>\n<li>Distancia a la pared: 70 mm<\/li>\n<li>Inclinaci\u00f3n: 0 \u00b0 \u2013 + 15 \u00b0<\/li>\n<li>Capacidad de carga: 7<\/li>\n<li>Color: negro<\/li>\n<\/ul>\n","protected":false},"featured_media":910,"comment_status":"closed","ping_status":"closed","template":"","meta":[],"product_brand":[],"product_cat":[270,413],"product_tag":[440,439],"class_list":{"0":"post-7205","1":"product","2":"type-product","3":"status-publish","4":"has-post-thumbnail","6":"product_cat-muebles","7":"product_cat-rack-tv","8":"product_tag-inclinacion","9":"product_tag-soporte-tv","11":"first","12":"instock","13":"purchasable","14":"product-type-simple"},"_links":{"self":[{"href":"https:\/\/tododescuento.cl\/web\/wp-json\/wp\/v2\/product\/7205","targetHints":{"allow":["GET"]}}],"collection":[{"href":"https:\/\/tododescuento.cl\/web\/wp-json\/wp\/v2\/product"}],"about":[{"href":"https:\/\/tododescuento.cl\/web\/wp-json\/wp\/v2\/types\/product"}],"replies":[{"embeddable":true,"href":"https:\/\/tododescuento.cl\/web\/wp-json\/wp\/v2\/comments?post=7205"}],"wp:featuredmedia":[{"embeddable":true,"href":"https:\/\/tododescuento.cl\/web\/wp-json\/wp\/v2\/media\/910"}],"wp:attachment":[{"href":"https:\/\/tododescuento.cl\/web\/wp-json\/wp\/v2\/media?parent=7205"}],"wp:term":[{"taxonomy":"product_brand","embeddable":true,"href":"https:\/\/tododescuento.cl\/web\/wp-json\/wp\/v2\/product_brand?post=7205"},{"taxonomy":"product_cat","embeddable":true,"href":"https:\/\/tododescuento.cl\/web\/wp-json\/wp\/v2\/product_cat?post=7205"},{"taxonomy":"product_tag","embeddable":true,"href":"https:\/\/tododescuento.cl\/web\/wp-json\/wp\/v2\/product_tag?post=7205"}],"curies":[{"name":"wp","href":"https:\/\/api.w.org\/{rel}","templated":true}]}}