{"id":7204,"date":"2023-12-17T14:29:50","date_gmt":"2023-12-17T17:29:50","guid":{"rendered":"https:\/\/tododescuento.cl\/?post_type=product&#038;p=7204"},"modified":"2023-12-17T14:30:01","modified_gmt":"2023-12-17T17:30:01","slug":"soporte-metalico-de-pared-tv-26-a-63-pulgadas","status":"publish","type":"product","link":"https:\/\/tododescuento.cl\/web\/producto\/soporte-metalico-de-pared-tv-26-a-63-pulgadas\/","title":{"rendered":"SOPORTE METALICO DE PARED TV 26 A 63 PULGADAS"},"content":{"rendered":"<p><audio class=\"audio-for-speech\"><\/audio><\/p>\n<div class=\"translate-tooltip-mtz translator-hidden\">\n<div class=\"header\">\n<div class=\"header-controls\">Translator<\/div>\n<div class=\"header-controls\"><\/div>\n<\/div>\n<div class=\"translated-text\">\n<div class=\"words\"><\/div>\n<div class=\"sentences\"><\/div>\n<\/div>\n<\/div>\n<p>&nbsp;<\/p>\n<p>&nbsp;<\/p>\n<p>Caracter\u00edsticas:<\/p>\n<p>\u00b7 Patr\u00f3n de orificio universal: el patr\u00f3n de orificio aleatorio y el ajuste de lado a lado permiten que el montaje se ajuste a casi todos los televisores de panel plano.<\/p>\n<p>\u00b7 Rendimiento fuerte: la construcci\u00f3n s\u00f3lida de acero de gran calibre y el acabado duradero con revestimiento de potencia garantizan un rendimiento s\u00f3lido de todos los soportes<\/p>\n<p>\u00b7 El tornillo de seguridad garantiza que el televisor est\u00e9 conectado de forma segura a la placa de montaje en la pared, por lo que no tiene que preocuparse por el golpe accidental del televisor.<\/p>\n<p>\u00b7 R\u00e1pido y f\u00e1cil de instalar: el soporte viene completo con un nivel de burbuja integrado y tornillos.<\/p>\n<p>\u00b7 El dise\u00f1o de bajo perfil garantiza que el televisor est\u00e9 cerca de la pared para un acabado elegante. El dise\u00f1o de placa abierta asegura un f\u00e1cil acceso a la parte posterior del televisor y los cables. Especificaci\u00f3n: Material: 2.0 mm Tama\u00f1o de TV de acero laminado en fr\u00edo : 26-63 pulgadas Capacidad de carga m\u00e1xima: 50 kg (110 libras)<\/p>\n<p>Instrucciones de seguridad:<\/p>\n<p>1. Todos los soportes de pared para TV deben instalarse en paredes de concreto, paredes de ladrillo macizo y paredes de madera maciza. No lo instale en paredes huecas y flexibles.<\/p>\n<p>2. Apriete el tornillo de modo que la placa de pared quede firmemente sujeta, pero no lo apriete demasiado. Un apriete excesivo puede da\u00f1ar los tornillos, reduciendo su poder de sujeci\u00f3n.<\/p>\n<p>3. No quite el tornillo ni afloje el tornillo de la pantalla de su televisor hasta que ya no est\u00e9 enganchado con el soporte. Hacerlo puede hacer que la pantalla se caiga.<\/p>\n<p>4. Todos los montajes de TV Wall deben ser instalados por un instalador especializado. Contenido del paquete: 26-63 Soporte de montaje en pared de TV fijo plano delgado Tornillos de montaje de montaje en pared incluidos.<\/p>\n","protected":false},"excerpt":{"rendered":"<p><audio class=\"audio-for-speech\"><\/audio><\/p>\n<div class=\"translate-tooltip-mtz translator-hidden\">\n<div class=\"header\">\n<div class=\"header-controls\">Translator<\/div>\n<div class=\"header-controls\"><\/div>\n<\/div>\n<div class=\"translated-text\">\n<div class=\"words\"><\/div>\n<div class=\"sentences\"><\/div>\n<\/div>\n<\/div>\n<p>&nbsp;<\/p>\n<p>&nbsp;<\/p>\n<div class=\"translate-tooltip-mtz translator-hidden\">\n<div class=\"header\">\n<div class=\"header-controls\">Translator<\/div>\n<div class=\"header-controls\"><\/div>\n<\/div>\n<div class=\"translated-text\">\n<div class=\"words\"><\/div>\n<div class=\"sentences\"><\/div>\n<\/div>\n<\/div>\n<p><audio class=\"audio-for-speech\" data-mce-fragment=\"1\"><\/audio><\/p>\n<div class=\"translate-tooltip-mtz translator-hidden\">\n<div class=\"header\">\n<div class=\"header-controls\">Translator<\/div>\n<div class=\"header-controls\"><\/div>\n<\/div>\n<div class=\"translated-text\">\n<div class=\"words\"><\/div>\n<div class=\"sentences\"><\/div>\n<\/div>\n<\/div>\n<p>&nbsp;<\/p>\n<p>Medida m\u00ednima de soporte 26 pulgadas<br \/>\n. Medida m\u00e1xima de soporte 63 pulgadas<br \/>\n. Capacidad m\u00e1xima de peso 50kg<br \/>\n. Material acero laminado en frio<br \/>\n. Material dise\u00f1ado para larga durabilidad<br \/>\n. Compatible con todas los modelos de 26-63 pulgadas<br \/>\n. Incluye todas las fijaciones necesarias para su instalaci\u00f3n en el muro y para montar pantalla al soporte<\/p>\n<p>Contenido del paquete:<br \/>\n1 x Soporte para televisor de pared para tv 26-63&#8243;<br \/>\n1 x Accesorios de instalaci\u00f3n<\/p>\n<p>&nbsp;<\/p>\n","protected":false},"featured_media":903,"comment_status":"closed","ping_status":"closed","template":"","meta":[],"product_brand":[],"product_cat":[270,413],"product_tag":[439],"class_list":{"0":"post-7204","1":"product","2":"type-product","3":"status-publish","4":"has-post-thumbnail","6":"product_cat-muebles","7":"product_cat-rack-tv","8":"product_tag-soporte-tv","10":"first","11":"instock","12":"purchasable","13":"product-type-simple"},"_links":{"self":[{"href":"https:\/\/tododescuento.cl\/web\/wp-json\/wp\/v2\/product\/7204","targetHints":{"allow":["GET"]}}],"collection":[{"href":"https:\/\/tododescuento.cl\/web\/wp-json\/wp\/v2\/product"}],"about":[{"href":"https:\/\/tododescuento.cl\/web\/wp-json\/wp\/v2\/types\/product"}],"replies":[{"embeddable":true,"href":"https:\/\/tododescuento.cl\/web\/wp-json\/wp\/v2\/comments?post=7204"}],"wp:featuredmedia":[{"embeddable":true,"href":"https:\/\/tododescuento.cl\/web\/wp-json\/wp\/v2\/media\/903"}],"wp:attachment":[{"href":"https:\/\/tododescuento.cl\/web\/wp-json\/wp\/v2\/media?parent=7204"}],"wp:term":[{"taxonomy":"product_brand","embeddable":true,"href":"https:\/\/tododescuento.cl\/web\/wp-json\/wp\/v2\/product_brand?post=7204"},{"taxonomy":"product_cat","embeddable":true,"href":"https:\/\/tododescuento.cl\/web\/wp-json\/wp\/v2\/product_cat?post=7204"},{"taxonomy":"product_tag","embeddable":true,"href":"https:\/\/tododescuento.cl\/web\/wp-json\/wp\/v2\/product_tag?post=7204"}],"curies":[{"name":"wp","href":"https:\/\/api.w.org\/{rel}","templated":true}]}}