{"id":7201,"date":"2023-12-17T14:29:49","date_gmt":"2023-12-17T17:29:49","guid":{"rendered":"https:\/\/tododescuento.cl\/?post_type=product&#038;p=7201"},"modified":"2025-10-06T10:40:40","modified_gmt":"2025-10-06T13:40:40","slug":"pulverizador-de-agua-lavado-auto-y-jardin-plastico","status":"publish","type":"product","link":"https:\/\/tododescuento.cl\/web\/producto\/pulverizador-de-agua-lavado-auto-y-jardin-plastico\/","title":{"rendered":"PULVERIZADOR DE AGUA LAVADO AUTO Y JARDIN PLASTICO"},"content":{"rendered":"<p><audio class=\"audio-for-speech\"><\/audio><\/p>\n<div class=\"translate-tooltip-mtz translator-hidden\">\n<div class=\"header\">\n<div class=\"header-controls\">Translator<\/div>\n<div class=\"header-controls\"><\/div>\n<\/div>\n<div class=\"translated-text\">\n<div class=\"words\"><\/div>\n<div class=\"sentences\"><\/div>\n<\/div>\n<\/div>\n<p>&nbsp;<\/p>\n<p>Elimine el moho y la suciedad de las cubiertas. Limpie las hojas de las canaletas. Perfecto para lavar canaletas, ventanas, exteriores de casas, autom\u00f3viles, botes, aceras, escalones y puertas corredizas. Simplemente con\u00e9ctelo a su manguera con 8 configuraciones diferentes de EZ Jet Spray con solo girar un dial; ninguna tarea es demasiado grande: configuraciones lo suficientemente potentes para alcanzar ventanas altas del segundo piso y tambi\u00e9n lo suficientemente suave para regar plantas y jardines fr\u00e1giles. Cuenta con una c\u00e1mara de detergente que mezcla autom\u00e1ticamente sus jabones l\u00edquidos favoritos. Tambi\u00e9n se puede utilizar para dosificar fertilizantes. \u00a1Ninguna tarea es demasiado dif\u00edcil para el ca\u00f1\u00f3n de agua EZ Jet!<\/p>\n","protected":false},"excerpt":{"rendered":"<p><audio class=\"audio-for-speech\"><\/audio><\/p>\n<div class=\"translate-tooltip-mtz translator-hidden\">\n<div class=\"header\">\n<div class=\"header-controls\">Translator<\/div>\n<div class=\"header-controls\"><\/div>\n<\/div>\n<div class=\"translated-text\">\n<div class=\"words\"><\/div>\n<div class=\"sentences\"><\/div>\n<\/div>\n<\/div>\n<p>&nbsp;<\/p>\n<p>El ca\u00f1\u00f3n de agua EZ Jet combina la potencia de una lavadora a presi\u00f3n con la comodidad de una manguera en una sola herramienta 8 en 1. Elimine la suciedad y la mugre de las aceras, patios y entradas de veh\u00edculos.<\/p>\n","protected":false},"featured_media":894,"comment_status":"closed","ping_status":"closed","template":"","meta":[],"product_brand":[],"product_cat":[288,433],"product_tag":[296,434],"class_list":{"0":"post-7201","1":"product","2":"type-product","3":"status-publish","4":"has-post-thumbnail","6":"product_cat-outdoor","7":"product_cat-pulverizadores-de-agua","8":"product_tag-azul","9":"product_tag-water-jet","11":"first","12":"instock","13":"sale","14":"purchasable","15":"product-type-simple"},"_links":{"self":[{"href":"https:\/\/tododescuento.cl\/web\/wp-json\/wp\/v2\/product\/7201","targetHints":{"allow":["GET"]}}],"collection":[{"href":"https:\/\/tododescuento.cl\/web\/wp-json\/wp\/v2\/product"}],"about":[{"href":"https:\/\/tododescuento.cl\/web\/wp-json\/wp\/v2\/types\/product"}],"replies":[{"embeddable":true,"href":"https:\/\/tododescuento.cl\/web\/wp-json\/wp\/v2\/comments?post=7201"}],"wp:featuredmedia":[{"embeddable":true,"href":"https:\/\/tododescuento.cl\/web\/wp-json\/wp\/v2\/media\/894"}],"wp:attachment":[{"href":"https:\/\/tododescuento.cl\/web\/wp-json\/wp\/v2\/media?parent=7201"}],"wp:term":[{"taxonomy":"product_brand","embeddable":true,"href":"https:\/\/tododescuento.cl\/web\/wp-json\/wp\/v2\/product_brand?post=7201"},{"taxonomy":"product_cat","embeddable":true,"href":"https:\/\/tododescuento.cl\/web\/wp-json\/wp\/v2\/product_cat?post=7201"},{"taxonomy":"product_tag","embeddable":true,"href":"https:\/\/tododescuento.cl\/web\/wp-json\/wp\/v2\/product_tag?post=7201"}],"curies":[{"name":"wp","href":"https:\/\/api.w.org\/{rel}","templated":true}]}}