{"id":7197,"date":"2023-12-17T14:29:49","date_gmt":"2023-12-17T17:29:49","guid":{"rendered":"https:\/\/tododescuento.cl\/?post_type=product&#038;p=7197"},"modified":"2025-11-04T19:21:17","modified_gmt":"2025-11-04T22:21:17","slug":"coler-retro-metalico-negro-con-manilla-y-ruedas-60-litros","status":"publish","type":"product","link":"https:\/\/tododescuento.cl\/web\/producto\/coler-retro-metalico-negro-con-manilla-y-ruedas-60-litros\/","title":{"rendered":"COLER RETRO METALICO NEGRO CON MANILLA Y RUEDAS 60 LITROS"},"content":{"rendered":"<div class=\"translate-tooltip-mtz translator-hidden\">\n<div class=\"translated-text\">\n<div class=\"sentences\">Fabricado completamente en metal, lo que le entrega al Cooler firmeza, resistencia y durabilidad. Podr\u00e1s tenerlo tanto al interior de tu vivienda o bien en exteriores como en tu jard\u00edn, tu terraza o tu quincho. Adem\u00e1s, gracias a sus 4 soportes con ruedas y manillas laterales podr\u00e1s trasladarlo de una zona a otra.<\/div>\n<\/div>\n<\/div>\n<p>&nbsp;<\/p>\n<p>Incluye:<\/p>\n<p>&#8211; 4 ruedas<\/p>\n<p>&#8211; 2 Frenos &#8211; Manilla de tiraje lateral<\/p>\n<p>&#8211; Manillas de tapas.<\/p>\n<p>&#8211; Abridor de tapas de botellas<\/p>\n<p>&#8211; Recipiente para tapas<\/p>\n<p>-Tap\u00f3n.<\/p>\n<p>&#8211; Dimensiones: Nicho: &#8211; 65cm Ancho &#8211; 35cm Prof. &#8211; 32cm Alto<\/p>\n<p>&#8211; Total: &#8211; 65cm ancho &#8211; 35cm prof. &#8211; 78cm Alto<\/p>\n","protected":false},"excerpt":{"rendered":"<p>Pr\u00e1ctico y con un atractivo estilo retro, el Cooler Met\u00e1lico de 60 lt con Rueda te ayudar\u00e1 a ser el mejor anfitri\u00f3n de tus reuniones o eventos con la familia y los amigos. Te permitir\u00e1 guardar alimentos y bebidas con la temperatura precisa y tenerlo a la mano mientras disfrutas de tus reuniones. Con puerta doble y abatible que se abre hacia arriba. Gracias a su altura de 87 cm te ser\u00e1 sencillo acceder, incluso, a aquellos productos que se encuentren en el fondo.<\/p>\n","protected":false},"featured_media":864,"comment_status":"closed","ping_status":"closed","template":"","meta":[],"product_brand":[],"product_cat":[426,288],"product_tag":[427,246],"class_list":{"0":"post-7197","1":"product","2":"type-product","3":"status-publish","4":"has-post-thumbnail","6":"product_cat-cooler","7":"product_cat-outdoor","8":"product_tag-60l","9":"product_tag-negro","11":"first","12":"instock","13":"sale","14":"purchasable","15":"product-type-simple"},"_links":{"self":[{"href":"https:\/\/tododescuento.cl\/web\/wp-json\/wp\/v2\/product\/7197","targetHints":{"allow":["GET"]}}],"collection":[{"href":"https:\/\/tododescuento.cl\/web\/wp-json\/wp\/v2\/product"}],"about":[{"href":"https:\/\/tododescuento.cl\/web\/wp-json\/wp\/v2\/types\/product"}],"replies":[{"embeddable":true,"href":"https:\/\/tododescuento.cl\/web\/wp-json\/wp\/v2\/comments?post=7197"}],"wp:featuredmedia":[{"embeddable":true,"href":"https:\/\/tododescuento.cl\/web\/wp-json\/wp\/v2\/media\/864"}],"wp:attachment":[{"href":"https:\/\/tododescuento.cl\/web\/wp-json\/wp\/v2\/media?parent=7197"}],"wp:term":[{"taxonomy":"product_brand","embeddable":true,"href":"https:\/\/tododescuento.cl\/web\/wp-json\/wp\/v2\/product_brand?post=7197"},{"taxonomy":"product_cat","embeddable":true,"href":"https:\/\/tododescuento.cl\/web\/wp-json\/wp\/v2\/product_cat?post=7197"},{"taxonomy":"product_tag","embeddable":true,"href":"https:\/\/tododescuento.cl\/web\/wp-json\/wp\/v2\/product_tag?post=7197"}],"curies":[{"name":"wp","href":"https:\/\/api.w.org\/{rel}","templated":true}]}}