{"id":7196,"date":"2023-12-17T14:29:49","date_gmt":"2023-12-17T17:29:49","guid":{"rendered":"https:\/\/tododescuento.cl\/?post_type=product&#038;p=7196"},"modified":"2025-12-04T16:11:33","modified_gmt":"2025-12-04T19:11:33","slug":"toldo-plegable-3x3mts","status":"publish","type":"product","link":"https:\/\/tododescuento.cl\/web\/producto\/toldo-plegable-3x3mts\/","title":{"rendered":"TOLDO PLEGABLE 3X3MTS"},"content":{"rendered":"<p>Toldo de estructura met\u00e1lica y lona tipo OXFORD con gramaje de 600D. Estructura f\u00e1cil de armar, alta resistencia al oxido.<\/p>\n<p>\u2022 4 niveles de ajuste de altura.<br \/>\n\u2022 M\u00e1ximo de 2.10 metros<br \/>\n\u2022 3.21 metros en la parte central.<br \/>\n\u2022 Dimensi\u00f3n de 3m largo por 3m de ancho<br \/>\n\u2022 Tubos de 3&#215;3 cm con 0.8 mm de grosor.<\/p>\n<p>RECOMENDACI\u00d3N<br \/>\n\u2022 \u00a1NO USE OBJETOS PUNTIAGUDOS AL ABRIR! Para evitar da\u00f1ar el techo.<br \/>\n\u2022 No colgar ropa en la estructura met\u00e1lica.<\/p>\n","protected":false},"excerpt":{"rendered":"<p>Toldo muy f\u00e1cil de armar y desarmar, ideal para tu jard\u00edn , para cubrir tu autom\u00f3vil, para tu puesto de venta.<\/p>\n","protected":false},"featured_media":861,"comment_status":"closed","ping_status":"closed","template":"","meta":[],"product_brand":[],"product_cat":[288,417],"product_tag":[423,296,289],"class_list":{"0":"post-7196","1":"product","2":"type-product","3":"status-publish","4":"has-post-thumbnail","6":"product_cat-outdoor","7":"product_cat-toldos","8":"product_tag-3x3","9":"product_tag-azul","10":"product_tag-plegable","12":"first","13":"instock","14":"sale","15":"purchasable","16":"product-type-variable"},"_links":{"self":[{"href":"https:\/\/tododescuento.cl\/web\/wp-json\/wp\/v2\/product\/7196","targetHints":{"allow":["GET"]}}],"collection":[{"href":"https:\/\/tododescuento.cl\/web\/wp-json\/wp\/v2\/product"}],"about":[{"href":"https:\/\/tododescuento.cl\/web\/wp-json\/wp\/v2\/types\/product"}],"replies":[{"embeddable":true,"href":"https:\/\/tododescuento.cl\/web\/wp-json\/wp\/v2\/comments?post=7196"}],"wp:featuredmedia":[{"embeddable":true,"href":"https:\/\/tododescuento.cl\/web\/wp-json\/wp\/v2\/media\/861"}],"wp:attachment":[{"href":"https:\/\/tododescuento.cl\/web\/wp-json\/wp\/v2\/media?parent=7196"}],"wp:term":[{"taxonomy":"product_brand","embeddable":true,"href":"https:\/\/tododescuento.cl\/web\/wp-json\/wp\/v2\/product_brand?post=7196"},{"taxonomy":"product_cat","embeddable":true,"href":"https:\/\/tododescuento.cl\/web\/wp-json\/wp\/v2\/product_cat?post=7196"},{"taxonomy":"product_tag","embeddable":true,"href":"https:\/\/tododescuento.cl\/web\/wp-json\/wp\/v2\/product_tag?post=7196"}],"curies":[{"name":"wp","href":"https:\/\/api.w.org\/{rel}","templated":true}]}}