{"id":7195,"date":"2023-12-17T14:29:49","date_gmt":"2023-12-17T17:29:49","guid":{"rendered":"https:\/\/tododescuento.cl\/?post_type=product&#038;p=7195"},"modified":"2025-10-28T09:10:19","modified_gmt":"2025-10-28T12:10:19","slug":"toldo-con-pared-3x3mts-plegable","status":"publish","type":"product","link":"https:\/\/tododescuento.cl\/web\/producto\/toldo-con-pared-3x3mts-plegable\/","title":{"rendered":"TOLDO CON PARED 3X3MTS PLEGABLE"},"content":{"rendered":"<p>Toldo 3&#215;3 metros Azul<br \/>\nEmbalaje: 148x20x20cm &#8211; 18kg<\/p>\n<p>Caracter\u00edsticas:<\/p>\n<p>\u2022 4 niveles de ajuste de altura.<br \/>\n\u2022 M\u00e1ximo de 2.10 metros<br \/>\n\u2022 3.21 metros en la parte central.<br \/>\n\u2022 Dimensi\u00f3n de 3m largo por 3m de ancho<br \/>\n\u2022 Tubos de 3&#215;3 cm con 0.8 mm de grosor.<\/p>\n<p>RECOMENDACI\u00d3N<br \/>\n\u2022 \u00a1NO USE OBJETOS PUNTIAGUDOS AL ABRIR! Para evitar da\u00f1ar el techo.<br \/>\n\u2022 No colgar ropa en la estructura met\u00e1lica.<\/p>\n<p>****ATENCI\u00d3N****<\/p>\n<p>Todo Descuento se acoge al derecho a retracto de cualquier cliente solo si este cumple con las siguientes consideraciones:<\/p>\n<p>El Producto debe devolverse en su empaque original y sellado.<br \/>\nEl producto no debe estar modificado o alterado de su estado original<br \/>\nNo debe presentar da\u00f1o alguno tanto en su empaque como el producto mismo.<br \/>\nNo debe presentar se\u00f1ales de uso.<\/p>\n<p>En caso de que reciba un producto con alg\u00fan detalle o desperfecto de fabrica se aceptaran los cambios o devoluciones solo si se cumplen las siguientes condiciones:<br \/>\nFotograf\u00eda del defecto<br \/>\nEtiquetado Completo<br \/>\nEmbalaje Original con sus protecciones sin da\u00f1os.<br \/>\nEl producto debe estar en buen estado y limpio<\/p>\n<p>En caso de que tu producto no cumpla con las condiciones para aceptar la devoluci\u00f3n. Te informaremos la raz\u00f3n por la cual no procede el cambio y\/o garant\u00eda y el producto ser\u00e1 devuelto a la direcci\u00f3n de env\u00edo inicial.<\/p>\n<p>***Nuestros despachos se coordinar\u00e1n en 48 Hrs. h\u00e1biles desde el momento de la compra***<\/p>\n<p>&#8212;&#8212;&#8212;&#8212;&#8212;&#8212;&#8212;&#8212;&#8212;&#8212;&#8212;&#8212;&#8212;&#8212;&#8212;&#8212;&#8212;&#8212;&#8212;&#8212;&#8212;&#8211;<br \/>\nLos productos son revisados antes de ser despachados, por ende, debes revisarlo al recibir. Cualquier da\u00f1o debe ser informado a la agencia de transportes quienes son los responsables del producto durante el despacho.<br \/>\n&#8212;&#8212;&#8212;&#8212;&#8212;&#8212;&#8212;&#8212;&#8212;&#8212;&#8212;&#8212;&#8212;&#8212;&#8212;&#8212;&#8212;&#8212;&#8212;&#8212;&#8212;&#8211;<\/p>\n<p>REGIONES (EXCEPTO REGION DE MAGALLANES, AYSEN, PUERTO NATALES, COYHAIQUE Y ZONA SUR DE PUERTO MONTT)<\/p>\n<p>R. METROPOLITANA (EXCEPTO COMUNA DE LA PINTANA Y LA GRANJA)<\/p>\n<p>*** Retiros en tienda de lunes a viernes de 10 a 13hrs y de 14 a 17hrs. ***<\/p>\n<p>Tienda establecida en Quinta Normal a 4 cuadras del (Metro Gruta de Lourdes)<\/p>\n<p>&nbsp;<\/p>\n","protected":false},"excerpt":{"rendered":"<p>Toldo de estructura met\u00e1lica, y lona tipo OXFORD con gramaje de 600D. Estructura f\u00e1cil de armar, alta resistencia al oxido.<\/p>\n","protected":false},"featured_media":858,"comment_status":"closed","ping_status":"closed","template":"","meta":[],"product_brand":[],"product_cat":[288,417],"product_tag":[423,421],"class_list":{"0":"post-7195","1":"product","2":"type-product","3":"status-publish","4":"has-post-thumbnail","6":"product_cat-outdoor","7":"product_cat-toldos","8":"product_tag-3x3","9":"product_tag-toldo","11":"first","12":"instock","13":"sale","14":"purchasable","15":"product-type-variable"},"_links":{"self":[{"href":"https:\/\/tododescuento.cl\/web\/wp-json\/wp\/v2\/product\/7195","targetHints":{"allow":["GET"]}}],"collection":[{"href":"https:\/\/tododescuento.cl\/web\/wp-json\/wp\/v2\/product"}],"about":[{"href":"https:\/\/tododescuento.cl\/web\/wp-json\/wp\/v2\/types\/product"}],"replies":[{"embeddable":true,"href":"https:\/\/tododescuento.cl\/web\/wp-json\/wp\/v2\/comments?post=7195"}],"wp:featuredmedia":[{"embeddable":true,"href":"https:\/\/tododescuento.cl\/web\/wp-json\/wp\/v2\/media\/858"}],"wp:attachment":[{"href":"https:\/\/tododescuento.cl\/web\/wp-json\/wp\/v2\/media?parent=7195"}],"wp:term":[{"taxonomy":"product_brand","embeddable":true,"href":"https:\/\/tododescuento.cl\/web\/wp-json\/wp\/v2\/product_brand?post=7195"},{"taxonomy":"product_cat","embeddable":true,"href":"https:\/\/tododescuento.cl\/web\/wp-json\/wp\/v2\/product_cat?post=7195"},{"taxonomy":"product_tag","embeddable":true,"href":"https:\/\/tododescuento.cl\/web\/wp-json\/wp\/v2\/product_tag?post=7195"}],"curies":[{"name":"wp","href":"https:\/\/api.w.org\/{rel}","templated":true}]}}