{"id":7179,"date":"2023-12-17T14:29:48","date_gmt":"2023-12-17T17:29:48","guid":{"rendered":"https:\/\/tododescuento.cl\/?post_type=product&#038;p=7179"},"modified":"2025-01-02T11:02:50","modified_gmt":"2025-01-02T14:02:50","slug":"mesa-comedor-replica-tolix-60x60cm-base-madera","status":"publish","type":"product","link":"https:\/\/tododescuento.cl\/web\/producto\/mesa-comedor-replica-tolix-60x60cm-base-madera\/","title":{"rendered":"Mesa comedor Tolix 60x60x75 cm con Base en Madera (Colores)"},"content":{"rendered":"<p>Nuestra mesa Tolix cuadrada. Resalta una estructura met\u00e1lica en color blanco y complementada con una cubierta de madera de alta densidad, no solo aporta un toque est\u00e9tico, sino que garantiza una robustez incomparable. Con dimensiones de 60x60cm, se adapta a diversos ambientes, desde cocinas hasta \u00e1reas de trabajo.<\/p>\n<p>Y con la capacidad de soportar hasta 200kg, puedes confiar en su resistencia tanto como en su belleza. Un equilibrio perfecto entre funcionalidad y dise\u00f1o para cualquier espacio moderno.<\/p>\n<p>&#8211; Alto: 75 cm<br \/>\n&#8211; Ancho: 60 cm<br \/>\n&#8211; Largo: 60 cm<\/p>\n<p>***ATENCION***<\/p>\n<p>Nuestros despachos se coordinar\u00e1n en 48 Hrs. h\u00e1biles desde el momento de la compra para ofrecerles un mejor y eficaz servicio.<\/p>\n<p>*Realizamos envios a domicilio menos a las siguientes zonas:<\/p>\n<p>REGIONES (EXCEPTO REGION DE MAGALLANES, AYSEN, PUERTO NATALES, COYHAIQUE Y ZONA SUR DE PUERTO MONTT)<\/p>\n<p>R. METROPOLITANA (EXCEPTO COMUNA DE LA PINTANA Y LA GRANJA)<\/p>\n<p>&#8212;&#8212;&#8212;&#8212;&#8212;&#8212;&#8212;&#8212;&#8212;&#8212;&#8212;&#8212;&#8212;&#8212;&#8212;&#8212;&#8212;&#8212;&#8212;&#8212;&#8212;&#8211;<br \/>\nLos productos son revisados antes de ser despachados, por ende debes revisarlo al recibir. Cualquier da\u00f1o debe ser informado a la agencia de transportes quienes son los responsables del producto durante el despacho.<br \/>\n&#8212;&#8212;&#8212;&#8212;&#8212;&#8212;&#8212;&#8212;&#8212;&#8212;&#8212;&#8212;&#8212;&#8212;&#8212;&#8212;&#8212;&#8212;&#8212;&#8212;&#8212;&#8211;<\/p>\n<p>*** Retiros en tienda de lunes a viernes de 10 a 13hrs y de 14 a 17hrs. ***<\/p>\n<p>Tienda establecida en Quinta Normal a 4 cuadras del (Metro Gruta de Lourdes)<\/p>\n<p>. . . : : : T O D O D E S C U E N T O : : : . . .<\/p>\n","protected":false},"excerpt":{"rendered":"<p>Mesa comedor Tolix 60&#215;60 cm<\/p>\n<p>Mesa de comedor Tolix, en madera Cuadrada con patas met\u00e1licas, el estilo Industrial Chic har\u00e1 de tu hogar un lugar mas c\u00e1lido y lleno de estilo.<\/p>\n","protected":false},"featured_media":797,"comment_status":"closed","ping_status":"closed","template":"","meta":[],"product_brand":[],"product_cat":[287,270],"product_tag":[615,616,614,279],"class_list":{"0":"post-7179","1":"product","2":"type-product","3":"status-publish","4":"has-post-thumbnail","6":"product_cat-mesas","7":"product_cat-muebles","8":"product_tag-60x60cm","9":"product_tag-comedor","10":"product_tag-mesa","11":"product_tag-tolix","13":"first","14":"instock","15":"sale","16":"purchasable","17":"product-type-variable"},"_links":{"self":[{"href":"https:\/\/tododescuento.cl\/web\/wp-json\/wp\/v2\/product\/7179","targetHints":{"allow":["GET"]}}],"collection":[{"href":"https:\/\/tododescuento.cl\/web\/wp-json\/wp\/v2\/product"}],"about":[{"href":"https:\/\/tododescuento.cl\/web\/wp-json\/wp\/v2\/types\/product"}],"replies":[{"embeddable":true,"href":"https:\/\/tododescuento.cl\/web\/wp-json\/wp\/v2\/comments?post=7179"}],"wp:featuredmedia":[{"embeddable":true,"href":"https:\/\/tododescuento.cl\/web\/wp-json\/wp\/v2\/media\/797"}],"wp:attachment":[{"href":"https:\/\/tododescuento.cl\/web\/wp-json\/wp\/v2\/media?parent=7179"}],"wp:term":[{"taxonomy":"product_brand","embeddable":true,"href":"https:\/\/tododescuento.cl\/web\/wp-json\/wp\/v2\/product_brand?post=7179"},{"taxonomy":"product_cat","embeddable":true,"href":"https:\/\/tododescuento.cl\/web\/wp-json\/wp\/v2\/product_cat?post=7179"},{"taxonomy":"product_tag","embeddable":true,"href":"https:\/\/tododescuento.cl\/web\/wp-json\/wp\/v2\/product_tag?post=7179"}],"curies":[{"name":"wp","href":"https:\/\/api.w.org\/{rel}","templated":true}]}}