{"id":7176,"date":"2023-12-17T14:29:33","date_gmt":"2023-12-17T17:29:33","guid":{"rendered":"https:\/\/tododescuento.cl\/?post_type=product&#038;p=7176"},"modified":"2025-08-26T08:55:37","modified_gmt":"2025-08-26T12:55:37","slug":"mesa-comedor-replica-tolix-120x60cm-base-madera","status":"publish","type":"product","link":"https:\/\/tododescuento.cl\/web\/producto\/mesa-comedor-replica-tolix-120x60cm-base-madera\/","title":{"rendered":"Mesa Comedor Tolix 120x60x75 Cm Negra con Base en Madera"},"content":{"rendered":"<p>Una mesa imprescindible para bares, restaurantes o si en tu propio hogar deseas incluir una\u00a0TOLIX\u00a0en tu cocina o en tu sal\u00f3n, oficina, comedor o sala de juegos.\u00a0Personaliza tu hogar con el toque\u00a0TOLIX.<\/p>\n<p>Mayormente se utiliza en restauraci\u00f3n\u00a0pero tambi\u00e9n en\u00a0hogares. Se considera una mesa de alta resistencia y durabilidad.<\/p>\n<p>Su reposapi\u00e9s prestar\u00e1 m\u00e1s comodidad, ya sea de pi\u00e9 o sentado en un taburete alto de la misma colecci\u00f3n. Est\u00e1 disponible en color negro, la mesa Tolix 120\u00d760 combina a la perfecci\u00f3n con las sillas de la misma colecci\u00f3n.<\/p>\n<p>Dispone de gomas anti deslizamiento en sus patas.<\/p>\n<p>Medidas: 120&#215;60 cm &#8211; Alto 75 cm<\/p>\n<p>***El producto requiere armado***<\/p>\n<p>***ATENCION***<\/p>\n<p>Nuestros despachos se coordinar\u00e1n en 48 Hrs. h\u00e1biles desde el momento de la compra para ofrecerles un mejor y eficaz servicio.<\/p>\n<p>*Realizamos envios a domicilio menos a las siguientes zonas:<\/p>\n<p>REGIONES (EXCEPTO REGION DE MAGALLANES, AYSEN, PUERTO NATALES, COYHAIQUE Y ZONA SUR DE PUERTO MONTT)<\/p>\n<p>R. METROPOLITANA (EXCEPTO COMUNA DE LA PINTANA Y LA GRANJA)<\/p>\n<p>&#8212;&#8212;&#8212;&#8212;&#8212;&#8212;&#8212;&#8212;&#8212;&#8212;&#8212;&#8212;&#8212;&#8212;&#8212;&#8212;&#8212;&#8212;&#8212;&#8212;&#8212;&#8211;<br \/>\nLos productos son revisados antes de ser despachados, por ende debes revisarlo al recibir. Cualquier da\u00f1o debe ser informado a la agencia de transportes quienes son los responsables del producto durante el despacho.<br \/>\n&#8212;&#8212;&#8212;&#8212;&#8212;&#8212;&#8212;&#8212;&#8212;&#8212;&#8212;&#8212;&#8212;&#8212;&#8212;&#8212;&#8212;&#8212;&#8212;&#8212;&#8212;&#8211;<\/p>\n<p>*** Retiros en tienda de lunes a viernes de 10 a 13hrs y de 14 a 17hrs. ***<\/p>\n<p>Tienda establecida en Quinta Normal a 4 cuadras del (Metro Gruta de Lourdes)<\/p>\n<p>. . . : : : T O D O D E S C U E N T O : : : . . .<\/p>\n","protected":false},"excerpt":{"rendered":"<p>Mesa Bar Alta replica Tolix, en madera Cuadrada con patas met\u00e1licas, el estilo Industrial Chic har\u00e1 de tu hogar un lugar mas c\u00e1lido y lleno de estilo.<\/p>\n","protected":false},"featured_media":8595,"comment_status":"closed","ping_status":"closed","template":"","meta":[],"product_brand":[],"product_cat":[287,270],"product_tag":[403,279],"class_list":{"0":"post-7176","1":"product","2":"type-product","3":"status-publish","4":"has-post-thumbnail","6":"product_cat-mesas","7":"product_cat-muebles","8":"product_tag-negro-mate","9":"product_tag-tolix","11":"first","12":"instock","13":"sale","14":"purchasable","15":"product-type-variable"},"_links":{"self":[{"href":"https:\/\/tododescuento.cl\/web\/wp-json\/wp\/v2\/product\/7176","targetHints":{"allow":["GET"]}}],"collection":[{"href":"https:\/\/tododescuento.cl\/web\/wp-json\/wp\/v2\/product"}],"about":[{"href":"https:\/\/tododescuento.cl\/web\/wp-json\/wp\/v2\/types\/product"}],"replies":[{"embeddable":true,"href":"https:\/\/tododescuento.cl\/web\/wp-json\/wp\/v2\/comments?post=7176"}],"wp:featuredmedia":[{"embeddable":true,"href":"https:\/\/tododescuento.cl\/web\/wp-json\/wp\/v2\/media\/8595"}],"wp:attachment":[{"href":"https:\/\/tododescuento.cl\/web\/wp-json\/wp\/v2\/media?parent=7176"}],"wp:term":[{"taxonomy":"product_brand","embeddable":true,"href":"https:\/\/tododescuento.cl\/web\/wp-json\/wp\/v2\/product_brand?post=7176"},{"taxonomy":"product_cat","embeddable":true,"href":"https:\/\/tododescuento.cl\/web\/wp-json\/wp\/v2\/product_cat?post=7176"},{"taxonomy":"product_tag","embeddable":true,"href":"https:\/\/tododescuento.cl\/web\/wp-json\/wp\/v2\/product_tag?post=7176"}],"curies":[{"name":"wp","href":"https:\/\/api.w.org\/{rel}","templated":true}]}}