{"id":7173,"date":"2023-12-17T14:29:33","date_gmt":"2023-12-17T17:29:33","guid":{"rendered":"https:\/\/tododescuento.cl\/?post_type=product&#038;p=7173"},"modified":"2023-12-17T14:29:44","modified_gmt":"2023-12-17T17:29:44","slug":"velador-gibson","status":"publish","type":"product","link":"https:\/\/tododescuento.cl\/web\/producto\/velador-gibson\/","title":{"rendered":"VELADOR GIBSON"},"content":{"rendered":"<div class=\"elementWrapper\">\n<div class=\"elementsLib topLine\">\n<div class=\"titleBlock\">\n<div class=\"featured-label-title-wrapper\">\n<h3 class=\"featured-label-title\">Dimensiones<\/h3>\n<\/div>\n<\/div>\n<\/div>\n<\/div>\n<div class=\"elementWrapper\">\n<div class=\"elementsLib\">\n<div class=\"list_elem \"><b>Altura:<\/b>\u00a048 cm<\/div>\n<\/div>\n<\/div>\n<div class=\"elementWrapper\">\n<div class=\"elementsLib\">\n<div class=\"list_elem \"><b>Ancho:<\/b>\u00a045 cm<\/div>\n<\/div>\n<\/div>\n<div class=\"elementWrapper\">\n<div class=\"elementsLib\">\n<div class=\"list_elem \"><b>Profundidad:<\/b>\u00a039 cm<\/div>\n<\/div>\n<\/div>\n<div class=\"elementWrapper\">\n<div class=\"elementsLib\">\n<div class=\"list_elem \"><b>Altura de la pata:<\/b>\u00a015 cm<\/div>\n<\/div>\n<\/div>\n","protected":false},"excerpt":{"rendered":"<p>A\u00f1ade a tu dormitorio este velador pr\u00e1ctico y funcional. Est\u00e1 fabricado con material de alta calidad. Incluye 2 cajones espaciosos. Las patas finas aportan un toque industrial a cualquier interior.<\/p>\n","protected":false},"featured_media":772,"comment_status":"closed","ping_status":"closed","template":"","meta":[],"product_brand":[],"product_cat":[270,398],"product_tag":[399],"class_list":{"0":"post-7173","1":"product","2":"type-product","3":"status-publish","4":"has-post-thumbnail","6":"product_cat-muebles","7":"product_cat-veladores","8":"product_tag-gibson","10":"first","11":"instock","12":"sale","13":"purchasable","14":"product-type-simple"},"_links":{"self":[{"href":"https:\/\/tododescuento.cl\/web\/wp-json\/wp\/v2\/product\/7173","targetHints":{"allow":["GET"]}}],"collection":[{"href":"https:\/\/tododescuento.cl\/web\/wp-json\/wp\/v2\/product"}],"about":[{"href":"https:\/\/tododescuento.cl\/web\/wp-json\/wp\/v2\/types\/product"}],"replies":[{"embeddable":true,"href":"https:\/\/tododescuento.cl\/web\/wp-json\/wp\/v2\/comments?post=7173"}],"wp:featuredmedia":[{"embeddable":true,"href":"https:\/\/tododescuento.cl\/web\/wp-json\/wp\/v2\/media\/772"}],"wp:attachment":[{"href":"https:\/\/tododescuento.cl\/web\/wp-json\/wp\/v2\/media?parent=7173"}],"wp:term":[{"taxonomy":"product_brand","embeddable":true,"href":"https:\/\/tododescuento.cl\/web\/wp-json\/wp\/v2\/product_brand?post=7173"},{"taxonomy":"product_cat","embeddable":true,"href":"https:\/\/tododescuento.cl\/web\/wp-json\/wp\/v2\/product_cat?post=7173"},{"taxonomy":"product_tag","embeddable":true,"href":"https:\/\/tododescuento.cl\/web\/wp-json\/wp\/v2\/product_tag?post=7173"}],"curies":[{"name":"wp","href":"https:\/\/api.w.org\/{rel}","templated":true}]}}