{"id":7171,"date":"2023-12-17T14:29:32","date_gmt":"2023-12-17T17:29:32","guid":{"rendered":"https:\/\/tododescuento.cl\/?post_type=product&#038;p=7171"},"modified":"2025-03-18T18:28:07","modified_gmt":"2025-03-18T21:28:07","slug":"escritorio-simple-metalico-estilo-industrial","status":"publish","type":"product","link":"https:\/\/tododescuento.cl\/web\/producto\/escritorio-simple-metalico-estilo-industrial\/","title":{"rendered":"ESCRITORIO SIMPLE METALICO ESTILO INDUSTRIAL"},"content":{"rendered":"<p>Medidas: 100x40x72 cm<\/p>\n","protected":false},"excerpt":{"rendered":"<p>Los muebles son sumamente importantes en una casa, habitaci\u00f3n u oficina, y es que su forma dicta el estilo de su due\u00f1o y hasta sus formas y colores establecen el car\u00e1cter de su due\u00f1o, la escogencia del mobiliario es tan importante que solo colocar algunas piezas puede dar la sensaci\u00f3n de hogar y comodidad que tanto nos importa, es justamente por esa raz\u00f3n y como siempre tray\u00e9ndoles lo mejor de lo mejor es que en esta oportunidad traemos ante usted este hermoso\u00a0<strong>escritorio<\/strong>\u00a0con<strong>\u00a0estructura de metal<\/strong>\u00a0minimalista y vanguardista en un sofisticado color blanco.<\/p>\n","protected":false},"featured_media":763,"comment_status":"closed","ping_status":"closed","template":"","meta":[],"product_brand":[],"product_cat":[291,270],"product_tag":[395],"class_list":{"0":"post-7171","1":"product","2":"type-product","3":"status-publish","4":"has-post-thumbnail","6":"product_cat-escritorios","7":"product_cat-muebles","8":"product_tag-simple","10":"first","11":"instock","12":"sale","13":"purchasable","14":"product-type-variable"},"_links":{"self":[{"href":"https:\/\/tododescuento.cl\/web\/wp-json\/wp\/v2\/product\/7171","targetHints":{"allow":["GET"]}}],"collection":[{"href":"https:\/\/tododescuento.cl\/web\/wp-json\/wp\/v2\/product"}],"about":[{"href":"https:\/\/tododescuento.cl\/web\/wp-json\/wp\/v2\/types\/product"}],"replies":[{"embeddable":true,"href":"https:\/\/tododescuento.cl\/web\/wp-json\/wp\/v2\/comments?post=7171"}],"wp:featuredmedia":[{"embeddable":true,"href":"https:\/\/tododescuento.cl\/web\/wp-json\/wp\/v2\/media\/763"}],"wp:attachment":[{"href":"https:\/\/tododescuento.cl\/web\/wp-json\/wp\/v2\/media?parent=7171"}],"wp:term":[{"taxonomy":"product_brand","embeddable":true,"href":"https:\/\/tododescuento.cl\/web\/wp-json\/wp\/v2\/product_brand?post=7171"},{"taxonomy":"product_cat","embeddable":true,"href":"https:\/\/tododescuento.cl\/web\/wp-json\/wp\/v2\/product_cat?post=7171"},{"taxonomy":"product_tag","embeddable":true,"href":"https:\/\/tododescuento.cl\/web\/wp-json\/wp\/v2\/product_tag?post=7171"}],"curies":[{"name":"wp","href":"https:\/\/api.w.org\/{rel}","templated":true}]}}