{"id":7151,"date":"2023-12-17T14:29:31","date_gmt":"2023-12-17T17:29:31","guid":{"rendered":"https:\/\/tododescuento.cl\/?post_type=product&#038;p=7151"},"modified":"2024-11-19T17:05:56","modified_gmt":"2024-11-19T20:05:56","slug":"olla-arrocera-6lts-negocio","status":"publish","type":"product","link":"https:\/\/tododescuento.cl\/web\/producto\/olla-arrocera-6lts-negocio\/","title":{"rendered":"OLLA ARROCERA 6LTS, NEGOCIO,"},"content":{"rendered":"<p>&#8216;- Indicador de Encendido<br \/>\n&#8211; Asas para mayor seguridad<br \/>\n&#8211; Tapa acero inoxidable<br \/>\n&#8211; Gran durabilidad<br \/>\n&#8211; 6 Lts de Agua\/ 3 Kg de arroz<\/p>\n","protected":false},"excerpt":{"rendered":"<p>Arrocera 6 Lts<br \/>\nexterior y tapa de acero inoxidable resistente Asas fr\u00edas al tacto Olla de cocci\u00f3n antiadherente, indicadoras para calentar y cocinar Ciclo para mantener los alimentos Calientes Cuchar\u00f3n para servir<br \/>\nTaza para medir el arroz<\/p>\n","protected":false},"featured_media":702,"comment_status":"closed","ping_status":"closed","template":"","meta":[],"product_brand":[],"product_cat":[228,363],"product_tag":[364,231],"class_list":{"0":"post-7151","1":"product","2":"type-product","3":"status-publish","4":"has-post-thumbnail","6":"product_cat-comercio","7":"product_cat-ollas","8":"product_tag-arrocera","9":"product_tag-blanco","11":"first","12":"instock","13":"sale","14":"purchasable","15":"product-type-simple"},"_links":{"self":[{"href":"https:\/\/tododescuento.cl\/web\/wp-json\/wp\/v2\/product\/7151","targetHints":{"allow":["GET"]}}],"collection":[{"href":"https:\/\/tododescuento.cl\/web\/wp-json\/wp\/v2\/product"}],"about":[{"href":"https:\/\/tododescuento.cl\/web\/wp-json\/wp\/v2\/types\/product"}],"replies":[{"embeddable":true,"href":"https:\/\/tododescuento.cl\/web\/wp-json\/wp\/v2\/comments?post=7151"}],"wp:featuredmedia":[{"embeddable":true,"href":"https:\/\/tododescuento.cl\/web\/wp-json\/wp\/v2\/media\/702"}],"wp:attachment":[{"href":"https:\/\/tododescuento.cl\/web\/wp-json\/wp\/v2\/media?parent=7151"}],"wp:term":[{"taxonomy":"product_brand","embeddable":true,"href":"https:\/\/tododescuento.cl\/web\/wp-json\/wp\/v2\/product_brand?post=7151"},{"taxonomy":"product_cat","embeddable":true,"href":"https:\/\/tododescuento.cl\/web\/wp-json\/wp\/v2\/product_cat?post=7151"},{"taxonomy":"product_tag","embeddable":true,"href":"https:\/\/tododescuento.cl\/web\/wp-json\/wp\/v2\/product_tag?post=7151"}],"curies":[{"name":"wp","href":"https:\/\/api.w.org\/{rel}","templated":true}]}}