{"id":7147,"date":"2023-12-17T14:29:30","date_gmt":"2023-12-17T17:29:30","guid":{"rendered":"https:\/\/tododescuento.cl\/?post_type=product&#038;p=7147"},"modified":"2025-08-22T18:06:14","modified_gmt":"2025-08-22T22:06:14","slug":"mantel-forro-en-spandex-para-mesa-plegable-1-80-mts","status":"publish","type":"product","link":"https:\/\/tododescuento.cl\/web\/producto\/mantel-forro-en-spandex-para-mesa-plegable-1-80-mts\/","title":{"rendered":"MANTEL SPANDEX PARA MESA PLEGABLE 1.80 MTS"},"content":{"rendered":"<div>\n<ul class=\"a-unordered-list a-vertical a-spacing-mini\">\n<li><span class=\"a-list-item\">Material duradero y resistente a las arrugas: m\u00e1s grueso y pesado que la tela de uso normal, duradero para m\u00faltiples lavados a m\u00e1quina y no necesita planchado<\/span><\/li>\n<li><span class=\"a-list-item\">F\u00e1cil de instalar: este mantel es notablemente flexible con material el\u00e1stico en 4 direcciones. Es f\u00e1cil de poner en la mesa y bien ajustado para una mesa de 180 mts.<\/span><\/li>\n<\/ul>\n<div>\n<ul class=\"a-unordered-list a-vertical a-spacing-mini\">\n<li><span class=\"a-list-item\">F\u00e1cil de limpiar: lavar a m\u00e1quina en agua fr\u00eda, secar en secadora a baja temperatura, detergente dom\u00e9stico, no usar blanqueador<\/span><\/li>\n<\/ul>\n<\/div>\n<\/div>\n<div><\/div>\n<div><\/div>\n<div>* Para mesa de 180x74x75cm<\/div>\n<div><\/div>\n<div>* Color disponible: negro<\/div>\n<div><\/div>\n<div>* funda especial para eventos<\/div>\n<div><\/div>\n<div>* F\u00c1CIL limpieza<\/div>\n","protected":false},"excerpt":{"rendered":"<p>\u00a1No dejes que el viento sople su cubierta de mesa nunca m\u00e1s!<\/p>\n","protected":false},"featured_media":9222,"comment_status":"closed","ping_status":"closed","template":"","meta":[],"product_brand":[],"product_cat":[358,288],"product_tag":[231,675,359],"class_list":{"0":"post-7147","1":"product","2":"type-product","3":"status-publish","4":"has-post-thumbnail","6":"product_cat-manteles","7":"product_cat-outdoor","8":"product_tag-blanco","9":"product_tag-mantel","10":"product_tag-spandex","12":"first","13":"instock","14":"sale","15":"purchasable","16":"product-type-simple"},"_links":{"self":[{"href":"https:\/\/tododescuento.cl\/web\/wp-json\/wp\/v2\/product\/7147","targetHints":{"allow":["GET"]}}],"collection":[{"href":"https:\/\/tododescuento.cl\/web\/wp-json\/wp\/v2\/product"}],"about":[{"href":"https:\/\/tododescuento.cl\/web\/wp-json\/wp\/v2\/types\/product"}],"replies":[{"embeddable":true,"href":"https:\/\/tododescuento.cl\/web\/wp-json\/wp\/v2\/comments?post=7147"}],"wp:featuredmedia":[{"embeddable":true,"href":"https:\/\/tododescuento.cl\/web\/wp-json\/wp\/v2\/media\/9222"}],"wp:attachment":[{"href":"https:\/\/tododescuento.cl\/web\/wp-json\/wp\/v2\/media?parent=7147"}],"wp:term":[{"taxonomy":"product_brand","embeddable":true,"href":"https:\/\/tododescuento.cl\/web\/wp-json\/wp\/v2\/product_brand?post=7147"},{"taxonomy":"product_cat","embeddable":true,"href":"https:\/\/tododescuento.cl\/web\/wp-json\/wp\/v2\/product_cat?post=7147"},{"taxonomy":"product_tag","embeddable":true,"href":"https:\/\/tododescuento.cl\/web\/wp-json\/wp\/v2\/product_tag?post=7147"}],"curies":[{"name":"wp","href":"https:\/\/api.w.org\/{rel}","templated":true}]}}