{"id":7145,"date":"2023-12-17T14:29:15","date_gmt":"2023-12-17T17:29:15","guid":{"rendered":"https:\/\/tododescuento.cl\/?post_type=product&#038;p=7145"},"modified":"2024-10-03T17:25:45","modified_gmt":"2024-10-03T20:25:45","slug":"silla-peluqueria-salon-profesional-vintage","status":"publish","type":"product","link":"https:\/\/tododescuento.cl\/web\/producto\/silla-peluqueria-salon-profesional-vintage\/","title":{"rendered":"Silla Peluquer\u00eda Vintage Negra y Dorada"},"content":{"rendered":"<p>El dise\u00f1o ergon\u00f3mico se adapta a la forma natural de la espalda humana y proporciona comodidad y apoyo a la zona lumbar<\/p>\n<p>Material del producto: cuero, relleno de esponja de alta elasticidad, acero inoxidable<\/p>\n<p>Funci\u00f3n: Aumentar la comodidad, aliviar la fatiga y ser duradero.<\/p>\n<p>Caracter\u00edsticas: dise\u00f1o de pedal ensanchado antideslizante.<\/p>\n<p>Peso m\u00e1ximo soportado 150Kg.<\/p>\n<p>La silla de peluquer\u00eda admite rotaci\u00f3n de 360 \u00b0, sistema de soporte de respaldo duradero, reposapi\u00e9s ensanchado incorporado y alfombrilla antideslizante, la silla de barbero no solo tiene muchas funciones innovadoras, sino que tambi\u00e9n tiene un dise\u00f1o elegante.<\/p>\n<p><span class=\"a-list-item\">La altura se puede ajustar f\u00e1cilmente (74~83CM), y est\u00e1 equipado con cojines c\u00f3modos, proporcionando versatilidad y comodidad, adecuado para personas de diferentes alturas.<\/span><\/p>\n<p><span class=\"a-list-item\">El sill\u00f3n es f\u00e1cil de limpiar; el lujoso sill\u00f3n de sal\u00f3n totalmente amueblado puede proporcionar la m\u00e1xima comodidad. La base chapada est\u00e1 disponible en plata.<\/span><\/p>\n<p><span class=\"a-list-item\">Adecuado para peluquer\u00edas, salones de belleza, tiendas de tatuajes, etc., con elementos modernos, larga vida \u00fatil, mano de obra fina, alta fiabilidad, dise\u00f1o cl\u00e1sico, y el respaldo se ajusta a la ergonom\u00eda.<\/span><\/p>\n<p>MEDIDAS: 65x63x88 CM<\/p>\n<p>Peso del producto: 25 kg<\/p>\n<p>&nbsp;<\/p>\n","protected":false},"excerpt":{"rendered":"<p>Esta elegante silla de peluquer\u00eda puede proporcionar a los clientes una postura c\u00f3moda, adecuada para peluquer\u00edas, salones de u\u00f1as, etc (estilo moderno).<\/p>\n","protected":false},"featured_media":9332,"comment_status":"closed","ping_status":"closed","template":"","meta":[],"product_brand":[],"product_cat":[345],"product_tag":[637,682,351],"class_list":{"0":"post-7145","1":"product","2":"type-product","3":"status-publish","4":"has-post-thumbnail","6":"product_cat-peluqueria-y-barberia","7":"product_tag-barberia","8":"product_tag-silla-peluqueria","9":"product_tag-vintage","11":"first","12":"instock","13":"sale","14":"purchasable","15":"product-type-simple"},"_links":{"self":[{"href":"https:\/\/tododescuento.cl\/web\/wp-json\/wp\/v2\/product\/7145","targetHints":{"allow":["GET"]}}],"collection":[{"href":"https:\/\/tododescuento.cl\/web\/wp-json\/wp\/v2\/product"}],"about":[{"href":"https:\/\/tododescuento.cl\/web\/wp-json\/wp\/v2\/types\/product"}],"replies":[{"embeddable":true,"href":"https:\/\/tododescuento.cl\/web\/wp-json\/wp\/v2\/comments?post=7145"}],"wp:featuredmedia":[{"embeddable":true,"href":"https:\/\/tododescuento.cl\/web\/wp-json\/wp\/v2\/media\/9332"}],"wp:attachment":[{"href":"https:\/\/tododescuento.cl\/web\/wp-json\/wp\/v2\/media?parent=7145"}],"wp:term":[{"taxonomy":"product_brand","embeddable":true,"href":"https:\/\/tododescuento.cl\/web\/wp-json\/wp\/v2\/product_brand?post=7145"},{"taxonomy":"product_cat","embeddable":true,"href":"https:\/\/tododescuento.cl\/web\/wp-json\/wp\/v2\/product_cat?post=7145"},{"taxonomy":"product_tag","embeddable":true,"href":"https:\/\/tododescuento.cl\/web\/wp-json\/wp\/v2\/product_tag?post=7145"}],"curies":[{"name":"wp","href":"https:\/\/api.w.org\/{rel}","templated":true}]}}