{"id":7138,"date":"2023-12-17T14:29:15","date_gmt":"2023-12-17T17:29:15","guid":{"rendered":"https:\/\/tododescuento.cl\/?post_type=product&#038;p=7138"},"modified":"2024-12-10T10:16:28","modified_gmt":"2024-12-10T13:16:28","slug":"set-herramientas-3-en-1-banco-de-trabajo","status":"publish","type":"product","link":"https:\/\/tododescuento.cl\/web\/producto\/set-herramientas-3-en-1-banco-de-trabajo\/","title":{"rendered":"Banco de Herramientas 3 en 1- Verde"},"content":{"rendered":"<p>Contiene 25 piezas de accesorios de herramientas como martillo, tuercas, destornillador, sierra y mucho mas.<\/p>\n<p>Estas herramientas de mano multifuncionales permiten que los ni\u00f1os tengan un juego de rol como mec\u00e1nico o ingeniero que cuentan con estuche de herramientas de juguete embalado es ideal para los ni\u00f1os que aman las manos en el tiempo de juego en interiores o exteriores. F\u00e1cil de montar y completar con montones de herramientas, este gran juguete ser\u00eda el regalo ideal para cualquier ocasi\u00f3n especial.<br \/>\nIncluye tuercas de tornillo y piezas peque\u00f1as<br \/>\nA partir de 3 a\u00f1os.<\/p>\n<p>Medidas 66 cm X 50 cm X 21 cm<\/p>\n","protected":false},"excerpt":{"rendered":"<p>Fomenta horas de juego creativo e imaginativo con este Set Herramientas, 3 en 1<\/p>\n","protected":false},"featured_media":9928,"comment_status":"closed","ping_status":"closed","template":"","meta":[],"product_brand":[],"product_cat":[295,294,561],"product_tag":[340,578,716,689,341],"class_list":{"0":"post-7138","1":"product","2":"type-product","3":"status-publish","4":"has-post-thumbnail","6":"product_cat-juguetes-didacticos","7":"product_cat-ninos","8":"product_cat-tododescuento","9":"product_tag-3-en-1","10":"product_tag-herramientas","11":"product_tag-juego-de-herramientas","12":"product_tag-nino","13":"product_tag-verde","15":"first","16":"instock","17":"sale","18":"purchasable","19":"product-type-simple"},"_links":{"self":[{"href":"https:\/\/tododescuento.cl\/web\/wp-json\/wp\/v2\/product\/7138","targetHints":{"allow":["GET"]}}],"collection":[{"href":"https:\/\/tododescuento.cl\/web\/wp-json\/wp\/v2\/product"}],"about":[{"href":"https:\/\/tododescuento.cl\/web\/wp-json\/wp\/v2\/types\/product"}],"replies":[{"embeddable":true,"href":"https:\/\/tododescuento.cl\/web\/wp-json\/wp\/v2\/comments?post=7138"}],"wp:featuredmedia":[{"embeddable":true,"href":"https:\/\/tododescuento.cl\/web\/wp-json\/wp\/v2\/media\/9928"}],"wp:attachment":[{"href":"https:\/\/tododescuento.cl\/web\/wp-json\/wp\/v2\/media?parent=7138"}],"wp:term":[{"taxonomy":"product_brand","embeddable":true,"href":"https:\/\/tododescuento.cl\/web\/wp-json\/wp\/v2\/product_brand?post=7138"},{"taxonomy":"product_cat","embeddable":true,"href":"https:\/\/tododescuento.cl\/web\/wp-json\/wp\/v2\/product_cat?post=7138"},{"taxonomy":"product_tag","embeddable":true,"href":"https:\/\/tododescuento.cl\/web\/wp-json\/wp\/v2\/product_tag?post=7138"}],"curies":[{"name":"wp","href":"https:\/\/api.w.org\/{rel}","templated":true}]}}