{"id":7136,"date":"2023-12-17T14:29:14","date_gmt":"2023-12-17T17:29:14","guid":{"rendered":"https:\/\/tododescuento.cl\/?post_type=product&#038;p=7136"},"modified":"2025-12-18T12:01:35","modified_gmt":"2025-12-18T15:01:35","slug":"casa-de-munecas-madera-3-pisos","status":"publish","type":"product","link":"https:\/\/tododescuento.cl\/web\/producto\/casa-de-munecas-madera-3-pisos\/","title":{"rendered":"Casa de Mu\u00f1ecas de 3 pisos de Madera"},"content":{"rendered":"<ul class=\"a-unordered-list a-vertical a-spacing-mini\">\n<li class=\"a-spacing-mini\"><span class=\"a-list-item\">Casa de mu\u00f1ecas de 3 niveles: la casa de mu\u00f1ecas de madera de 3 pisos proporciona a los ni\u00f1os 6 habitaciones tem\u00e1ticas diferentes (dormitorio, comedor, cocina, sala de estar, ba\u00f1o, balc\u00f3n), y les permite tener un juego de rol inmersivo y disfrutar de una diversi\u00f3n sin fin.<\/span><\/li>\n<li class=\"a-spacing-mini\"><span class=\"a-list-item\">Accesorios y muebles ricos: la casa de juegos de simulaci\u00f3n viene con 15 accesorios de muebles que incluyen sof\u00e1, mesa de tocador, silla, litera, mesa de comedor, escalera, etc., animando a los ni\u00f1os a usar su capacidad pr\u00e1ctica, creatividad e imaginaci\u00f3n para establecer un hogar creativo.<\/span><\/li>\n<li class=\"a-spacing-mini\"><span class=\"a-list-item\">Materiales seguros y duraderos: hecho de materiales seleccionados, el juego de casa de mu\u00f1ecas no contiene BPA y es seguro para los ni\u00f1os. Adem\u00e1s, la ASTM y la CPSIA garantizan una excelente seguridad, y los bordes redondos a\u00f1aden protecci\u00f3n adicional. Y el material de madera natural mejora la estructura.<\/span><\/li>\n<li class=\"a-spacing-mini\"><span class=\"a-list-item\">Estilo lujoso y moderno: cada habitaci\u00f3n est\u00e1 dise\u00f1ada con papel tapiz a medida, lo que a\u00f1ade belleza y transforma esta casa de mu\u00f1ecas de madera en un mundo de cuento de hadas. Adem\u00e1s, el patr\u00f3n v\u00edvido, las vallas protectoras, las bonitas ventanas y m\u00e1s aportan un toque exquisito.<\/span><\/li>\n<\/ul>\n","protected":false},"excerpt":{"rendered":"<p>Ser\u00e1 el mejor regalo para todas las chicas que tengan una princesa en su coraz\u00f3n.<\/p>\n<div id=\"gtx-trans\" style=\"position: absolute;left: 6px;top: -5px\">\n<div class=\"gtx-trans-icon\"><\/div>\n<\/div>\n","protected":false},"featured_media":9723,"comment_status":"closed","ping_status":"closed","template":"","meta":[],"product_brand":[],"product_cat":[295,294,712],"product_tag":[338,703,310],"class_list":{"0":"post-7136","1":"product","2":"type-product","3":"status-publish","4":"has-post-thumbnail","6":"product_cat-juguetes-didacticos","7":"product_cat-ninos","8":"product_cat-ofertas","9":"product_tag-3-pisos","10":"product_tag-casa-de-munecas","11":"product_tag-rosado","13":"first","14":"instock","15":"sale","16":"purchasable","17":"product-type-simple"},"_links":{"self":[{"href":"https:\/\/tododescuento.cl\/web\/wp-json\/wp\/v2\/product\/7136","targetHints":{"allow":["GET"]}}],"collection":[{"href":"https:\/\/tododescuento.cl\/web\/wp-json\/wp\/v2\/product"}],"about":[{"href":"https:\/\/tododescuento.cl\/web\/wp-json\/wp\/v2\/types\/product"}],"replies":[{"embeddable":true,"href":"https:\/\/tododescuento.cl\/web\/wp-json\/wp\/v2\/comments?post=7136"}],"wp:featuredmedia":[{"embeddable":true,"href":"https:\/\/tododescuento.cl\/web\/wp-json\/wp\/v2\/media\/9723"}],"wp:attachment":[{"href":"https:\/\/tododescuento.cl\/web\/wp-json\/wp\/v2\/media?parent=7136"}],"wp:term":[{"taxonomy":"product_brand","embeddable":true,"href":"https:\/\/tododescuento.cl\/web\/wp-json\/wp\/v2\/product_brand?post=7136"},{"taxonomy":"product_cat","embeddable":true,"href":"https:\/\/tododescuento.cl\/web\/wp-json\/wp\/v2\/product_cat?post=7136"},{"taxonomy":"product_tag","embeddable":true,"href":"https:\/\/tododescuento.cl\/web\/wp-json\/wp\/v2\/product_tag?post=7136"}],"curies":[{"name":"wp","href":"https:\/\/api.w.org\/{rel}","templated":true}]}}