{"id":7132,"date":"2023-12-17T14:29:14","date_gmt":"2023-12-17T17:29:14","guid":{"rendered":"https:\/\/tododescuento.cl\/?post_type=product&#038;p=7132"},"modified":"2023-12-17T14:29:22","modified_gmt":"2023-12-17T17:29:22","slug":"juego-set-de-maquillaje-18-piezas","status":"publish","type":"product","link":"https:\/\/tododescuento.cl\/web\/producto\/juego-set-de-maquillaje-18-piezas\/","title":{"rendered":"JUEGO SET DE MAQUILLAJE 18 PIEZAS"},"content":{"rendered":"<p>Es todo lo que tu peque\u00f1a diva puede necesitar para prepararse para una fiesta con sus amigos. El set de belleza de maquillaje para ni\u00f1as que incluye todos los pasos para ponerse muy bella como pintalabios, perfume, peine, cepillo, secador, cintillo, sombra de ojos, trabas a presi\u00f3n con forma de mariposa, brocha, espejo y estuche para guardar todos los cosm\u00e9ticos. Consigue el set de maquillaje, que es hermoso y est\u00e1 dise\u00f1ado para las ni\u00f1as peque\u00f1as. El set de maquillaje para ni\u00f1as puede ayudar a tu hija a desarrollar habilidades motoras finas y gruesas. Tambi\u00e9n promueve la creatividad, el desarrollo cognitivo e incluso las habilidades sociales cuando un coartista se une. Recomendado para ni\u00f1as mayores de 3 a\u00f1os.<\/p>\n","protected":false},"excerpt":{"rendered":"<p>Juego Set De Maquillaje maquillaje<\/p>\n","protected":false},"featured_media":630,"comment_status":"closed","ping_status":"closed","template":"","meta":[],"product_brand":[],"product_cat":[295,294],"product_tag":[333,310],"class_list":{"0":"post-7132","1":"product","2":"type-product","3":"status-publish","4":"has-post-thumbnail","6":"product_cat-juguetes-didacticos","7":"product_cat-ninos","8":"product_tag-maquillaje","9":"product_tag-rosado","11":"first","12":"instock","13":"sale","14":"purchasable","15":"product-type-simple"},"_links":{"self":[{"href":"https:\/\/tododescuento.cl\/web\/wp-json\/wp\/v2\/product\/7132","targetHints":{"allow":["GET"]}}],"collection":[{"href":"https:\/\/tododescuento.cl\/web\/wp-json\/wp\/v2\/product"}],"about":[{"href":"https:\/\/tododescuento.cl\/web\/wp-json\/wp\/v2\/types\/product"}],"replies":[{"embeddable":true,"href":"https:\/\/tododescuento.cl\/web\/wp-json\/wp\/v2\/comments?post=7132"}],"wp:featuredmedia":[{"embeddable":true,"href":"https:\/\/tododescuento.cl\/web\/wp-json\/wp\/v2\/media\/630"}],"wp:attachment":[{"href":"https:\/\/tododescuento.cl\/web\/wp-json\/wp\/v2\/media?parent=7132"}],"wp:term":[{"taxonomy":"product_brand","embeddable":true,"href":"https:\/\/tododescuento.cl\/web\/wp-json\/wp\/v2\/product_brand?post=7132"},{"taxonomy":"product_cat","embeddable":true,"href":"https:\/\/tododescuento.cl\/web\/wp-json\/wp\/v2\/product_cat?post=7132"},{"taxonomy":"product_tag","embeddable":true,"href":"https:\/\/tododescuento.cl\/web\/wp-json\/wp\/v2\/product_tag?post=7132"}],"curies":[{"name":"wp","href":"https:\/\/api.w.org\/{rel}","templated":true}]}}