{"id":7127,"date":"2023-12-17T14:29:14","date_gmt":"2023-12-17T17:29:14","guid":{"rendered":"https:\/\/tododescuento.cl\/?post_type=product&#038;p=7127"},"modified":"2023-12-17T14:29:20","modified_gmt":"2023-12-17T17:29:20","slug":"bano-para-cachorros-alfombra-pasto-sintetico","status":"publish","type":"product","link":"https:\/\/tododescuento.cl\/web\/producto\/bano-para-cachorros-alfombra-pasto-sintetico\/","title":{"rendered":"BA\u00d1O PARA CACHORROS, ALFOMBRA PASTO SINTETICO,"},"content":{"rendered":"<p>MEDIDAS: 44 x 37 X 6 cm.<\/p>\n<p>&#8211; Capa 1: Pasto sint\u00e9tico<br \/>\n&#8211; Capa 2: Rejilla Pl\u00e1stica<br \/>\n&#8211; Capa 3: Bandeja Principal (base)<\/p>\n","protected":false},"excerpt":{"rendered":"<p>Nueva forma de ense\u00f1ar a tu mascota a ir al ba\u00f1o y hacer sus necesidades de forma c\u00f3moda. Ub\u00edcalo en cualquier lugar de tu casa, ideal para departamentos. Sistema de limpieza f\u00e1cil e higi\u00e9nica, posee 3 capas desmontables para su lavado.<\/p>\n","protected":false},"featured_media":618,"comment_status":"closed","ping_status":"closed","template":"","meta":[],"product_brand":[],"product_cat":[323,324],"product_tag":[327],"class_list":{"0":"post-7127","1":"product","2":"type-product","3":"status-publish","4":"has-post-thumbnail","6":"product_cat-hogar","7":"product_cat-mascotas","8":"product_tag-cachorro","10":"first","11":"instock","12":"sale","13":"purchasable","14":"product-type-simple"},"_links":{"self":[{"href":"https:\/\/tododescuento.cl\/web\/wp-json\/wp\/v2\/product\/7127","targetHints":{"allow":["GET"]}}],"collection":[{"href":"https:\/\/tododescuento.cl\/web\/wp-json\/wp\/v2\/product"}],"about":[{"href":"https:\/\/tododescuento.cl\/web\/wp-json\/wp\/v2\/types\/product"}],"replies":[{"embeddable":true,"href":"https:\/\/tododescuento.cl\/web\/wp-json\/wp\/v2\/comments?post=7127"}],"wp:featuredmedia":[{"embeddable":true,"href":"https:\/\/tododescuento.cl\/web\/wp-json\/wp\/v2\/media\/618"}],"wp:attachment":[{"href":"https:\/\/tododescuento.cl\/web\/wp-json\/wp\/v2\/media?parent=7127"}],"wp:term":[{"taxonomy":"product_brand","embeddable":true,"href":"https:\/\/tododescuento.cl\/web\/wp-json\/wp\/v2\/product_brand?post=7127"},{"taxonomy":"product_cat","embeddable":true,"href":"https:\/\/tododescuento.cl\/web\/wp-json\/wp\/v2\/product_cat?post=7127"},{"taxonomy":"product_tag","embeddable":true,"href":"https:\/\/tododescuento.cl\/web\/wp-json\/wp\/v2\/product_tag?post=7127"}],"curies":[{"name":"wp","href":"https:\/\/api.w.org\/{rel}","templated":true}]}}