{"id":7110,"date":"2023-12-17T14:28:57","date_gmt":"2023-12-17T17:28:57","guid":{"rendered":"https:\/\/tododescuento.cl\/?post_type=product&#038;p=7110"},"modified":"2023-12-20T12:46:03","modified_gmt":"2023-12-20T15:46:03","slug":"auto-electrico-audi-modelo-tt-rs-licencia-original","status":"publish","type":"product","link":"https:\/\/tododescuento.cl\/web\/producto\/auto-electrico-audi-modelo-tt-rs-licencia-original\/","title":{"rendered":"AUTO ELECTRICO AUDI MODELO TT RS, LICENCIA ORIGINAL"},"content":{"rendered":"<div class=\"translate-tooltip-mtz translator-hidden\">\n<div class=\"translated-text\">\n<div class=\"sentences\">\n<p>* Luces delanteras y traseras.<\/p>\n<p>* Asiento c\u00f3modo con cintur\u00f3n de seguridad.<\/p>\n<p>* Velocidades ajustables.<\/p>\n<p>* Volante multifuncional con bocina y sonido de arranque.<\/p>\n<p>* Funci\u00f3n de m\u00fasica, con entrada de audio MP3, control de volumen, alta y baja velocidad.<\/p>\n<p>* Funciones: hacia adelante, hacia atr\u00e1s, girar a la izquierda, girar a la derecha y detener.<\/p>\n<p>* Incluye indicador de bater\u00eda, tablero con luz.<\/p>\n<p>* Control Remoto para Padres<\/p>\n<p>* Motor de 12 volt<\/p>\n<p>* 2 Bater\u00edas de 6 volt recargable<\/p>\n<p>* Puertas funcionales<\/p>\n<p>* Carga completa de Bater\u00eda en 8 hrs. (Autonom\u00eda 1 hr)<\/p>\n<p>* Dimensiones: 103x62x44 cm<\/p>\n<\/div>\n<div><\/div>\n<div class=\"sentences\">\n<p>*** TENCI\u00d3N ***<\/p>\n<p>Nuestros despachos se coordinar\u00e1n en 48 Hrs. h\u00e1biles desde el momento de la compra para ofrecerles un mejor y eficaz servicio.<\/p>\n<p>*Realizamos envios a domicilio menos a las siguientes zonas:<\/p>\n<p>&nbsp;<\/p>\n<p>A Nivel Nacional:<\/p>\n<p>Regi\u00f3n de Magallanes, Aysen, Puerto Natales, Coyhaique y Zona Sur de Puerto Montt.<\/p>\n<p>Comuna de Ca\u00f1ete, Lebu, Andalloco, Illapel, Diego De Almagro, Las Cabras,\u00a0Tiltoco.<\/p>\n<p>&nbsp;<\/p>\n<p>En la Regi\u00f3n Metropolitana:<\/p>\n<p>Comuna de la Pintana y la Granja.<\/p>\n<p>&#8212;&#8212;&#8212;&#8212;&#8212;&#8212;&#8212;&#8212;&#8212;&#8212;&#8212;&#8212;&#8212;&#8212;&#8212;&#8212;&#8212;&#8212;&#8212;&#8212;&#8212;&#8211;<br \/>\nLos productos son revisados antes de ser despachados, por ende, debes revisarlo al recibir. Cualquier da\u00f1o debe ser informado a la agencia de transportes quienes son los responsables del producto durante el despacho.<br \/>\n&#8212;&#8212;&#8212;&#8212;&#8212;&#8212;&#8212;&#8212;&#8212;&#8212;&#8212;&#8212;&#8212;&#8212;&#8212;&#8212;&#8212;&#8212;&#8212;&#8212;&#8212;&#8211;<\/p>\n<\/div>\n<\/div>\n<\/div>\n","protected":false},"excerpt":{"rendered":"<p>Este es nuestro fant\u00e1stico y funcional paseo de beb\u00e9 en coche para tus encantadores hijos. El modo de mando a distancia para padres (distancia de hasta 10 Mts) puede permitirle controlar este coche para disfrutar de la felicidad de estar junto con su beb\u00e9.<\/p>\n<p>Cuando este coche est\u00e1 completamente cargado, tu beb\u00e9 puede jugar continuamente durante 40 minutos, lo que garantiza que tu beb\u00e9 pueda disfrutar abundantemente. Equipado con luces delanteras y traseras, funci\u00f3n de m\u00fasica, entrada de audio MP3, control de volumen. Puede elegir la velocidad adecuada: 2.5 Km\/h o 3.8 Km\/h para satisfacer las necesidades de tu beb\u00e9. El tablero tiene luz para mantenerlo real. \u00a1Ve hacia adelante\/atr\u00e1s, gire a la izquierda\/derecha libremente!<\/p>\n","protected":false},"featured_media":521,"comment_status":"closed","ping_status":"closed","template":"","meta":[],"product_brand":[],"product_cat":[305,294],"product_tag":[306,307],"class_list":{"0":"post-7110","1":"product","2":"type-product","3":"status-publish","4":"has-post-thumbnail","6":"product_cat-juguetes-electricos","7":"product_cat-ninos","8":"product_tag-audi","9":"product_tag-tt-rs","11":"first","12":"instock","13":"purchasable","14":"product-type-variable","15":"has-default-attributes"},"_links":{"self":[{"href":"https:\/\/tododescuento.cl\/web\/wp-json\/wp\/v2\/product\/7110","targetHints":{"allow":["GET"]}}],"collection":[{"href":"https:\/\/tododescuento.cl\/web\/wp-json\/wp\/v2\/product"}],"about":[{"href":"https:\/\/tododescuento.cl\/web\/wp-json\/wp\/v2\/types\/product"}],"replies":[{"embeddable":true,"href":"https:\/\/tododescuento.cl\/web\/wp-json\/wp\/v2\/comments?post=7110"}],"wp:featuredmedia":[{"embeddable":true,"href":"https:\/\/tododescuento.cl\/web\/wp-json\/wp\/v2\/media\/521"}],"wp:attachment":[{"href":"https:\/\/tododescuento.cl\/web\/wp-json\/wp\/v2\/media?parent=7110"}],"wp:term":[{"taxonomy":"product_brand","embeddable":true,"href":"https:\/\/tododescuento.cl\/web\/wp-json\/wp\/v2\/product_brand?post=7110"},{"taxonomy":"product_cat","embeddable":true,"href":"https:\/\/tododescuento.cl\/web\/wp-json\/wp\/v2\/product_cat?post=7110"},{"taxonomy":"product_tag","embeddable":true,"href":"https:\/\/tododescuento.cl\/web\/wp-json\/wp\/v2\/product_tag?post=7110"}],"curies":[{"name":"wp","href":"https:\/\/api.w.org\/{rel}","templated":true}]}}