{"id":7105,"date":"2023-12-17T14:28:56","date_gmt":"2023-12-17T17:28:56","guid":{"rendered":"https:\/\/tododescuento.cl\/?post_type=product&#038;p=7105"},"modified":"2025-06-17T09:24:28","modified_gmt":"2025-06-17T13:24:28","slug":"tampolin-8-ft-2-44-mts-con-malla-protectora-y-escalera","status":"publish","type":"product","link":"https:\/\/tododescuento.cl\/web\/producto\/tampolin-8-ft-2-44-mts-con-malla-protectora-y-escalera\/","title":{"rendered":"Trampol\u00edn 2.44 Mts con Protecci\u00f3n"},"content":{"rendered":"<p>Su estructura de\u00a0acero galvanizado, la convierte en una cama\u00a0estable, segura y de calidad, al mismo tiempo incentiva el ejercicio y la\u00a0diversi\u00f3n.<\/p>\n<p>Es de\u00a0f\u00e1cil\u00a0armado\u00a0para todo tipo de persona. Cuenta con\u00a0malla de seguridad\u00a0para no permitir las ca\u00eddas fuera de la cama el\u00e1stica.<\/p>\n<p>Se\u00a0recomienda\u00a0utilizar bajo la supervisi\u00f3n de un adulto;\u00a0incluye\u00a0cobertor de seguridad acolchado y herramientas para su montaje.<\/p>\n<p>Tiene una di\u00e1metro de 2,44 m y soporta un peso m\u00e1ximo de 150 Kg.<\/p>\n<p>&#8211; Altura del suelo a parte superior: 2.28 m.<br \/>\n&#8211; Di\u00e1metro: 2.44 m.<br \/>\n&#8211; Altura del suelo al trampol\u00edn: 65 cm.<\/p>\n<p>*Foto de Referencial<\/p>\n","protected":false},"excerpt":{"rendered":"<p>Cama El\u00e1stica de 8 pies con malla y coj\u00edn protector, escalera y cierre con protecci\u00f3n.<\/p>\n","protected":false},"featured_media":509,"comment_status":"closed","ping_status":"closed","template":"","meta":[],"product_brand":[],"product_cat":[712,288,299],"product_tag":[300,296,702,689],"class_list":{"0":"post-7105","1":"product","2":"type-product","3":"status-publish","4":"has-post-thumbnail","6":"product_cat-ofertas","7":"product_cat-outdoor","8":"product_cat-trampolines","9":"product_tag-8ft","10":"product_tag-azul","11":"product_tag-cama-elastica","12":"product_tag-nino","14":"first","15":"instock","16":"sale","17":"purchasable","18":"product-type-simple"},"_links":{"self":[{"href":"https:\/\/tododescuento.cl\/web\/wp-json\/wp\/v2\/product\/7105","targetHints":{"allow":["GET"]}}],"collection":[{"href":"https:\/\/tododescuento.cl\/web\/wp-json\/wp\/v2\/product"}],"about":[{"href":"https:\/\/tododescuento.cl\/web\/wp-json\/wp\/v2\/types\/product"}],"replies":[{"embeddable":true,"href":"https:\/\/tododescuento.cl\/web\/wp-json\/wp\/v2\/comments?post=7105"}],"wp:featuredmedia":[{"embeddable":true,"href":"https:\/\/tododescuento.cl\/web\/wp-json\/wp\/v2\/media\/509"}],"wp:attachment":[{"href":"https:\/\/tododescuento.cl\/web\/wp-json\/wp\/v2\/media?parent=7105"}],"wp:term":[{"taxonomy":"product_brand","embeddable":true,"href":"https:\/\/tododescuento.cl\/web\/wp-json\/wp\/v2\/product_brand?post=7105"},{"taxonomy":"product_cat","embeddable":true,"href":"https:\/\/tododescuento.cl\/web\/wp-json\/wp\/v2\/product_cat?post=7105"},{"taxonomy":"product_tag","embeddable":true,"href":"https:\/\/tododescuento.cl\/web\/wp-json\/wp\/v2\/product_tag?post=7105"}],"curies":[{"name":"wp","href":"https:\/\/api.w.org\/{rel}","templated":true}]}}