{"id":7102,"date":"2023-12-17T14:28:56","date_gmt":"2023-12-17T17:28:56","guid":{"rendered":"https:\/\/tododescuento.cl\/?post_type=product&#038;p=7102"},"modified":"2025-02-10T10:35:29","modified_gmt":"2025-02-10T13:35:29","slug":"escritorio-gamer-profesional-modelo-z","status":"publish","type":"product","link":"https:\/\/tododescuento.cl\/web\/producto\/escritorio-gamer-profesional-modelo-z\/","title":{"rendered":"ESCRITORIO GAMER PROFESIONAL MODELO Z"},"content":{"rendered":"<p>La elegante superficie de escritorio laminada de MDF ofrece un amplio espacio para su monitor, teclado, computadora port\u00e1til y sus suministros. El escritorio gamer est\u00e1 dise\u00f1ado espec\u00edficamente con una construcci\u00f3n en forma de Z s\u00f3lida como una roca para mejorar la estabilidad y durabilidad.<\/p>\n<p>Especialmente, nuestra mesa de juegos viene con muchas funciones convenientes adicionales para ayudarlo a tener una mejor experiencia de juego.<\/p>\n<p>Por ejemplo, la taza debajo de la mesa y los soportes de la regleta de enchufes traseros para ahorrar espacio de juego.<\/p>\n<p>Se requiere un montaje muy f\u00e1cil de limpiar y conveniente. No dudes en agregarlo a tu carrito.<\/p>\n<p>Material de las bases: Acero reforzado<br \/>\nSuperficie de la tabla: Laminada con fibra de carbono PVC<br \/>\nPeso aproximado: 18 KGS<\/p>\n<p>Carga M\u00e1xima: 100KGS<\/p>\n<p>Incluye portavasos<br \/>\nIncluye porta aud\u00edfonos<br \/>\nAltura: 75 cm<br \/>\nLargo de la superficie: 120 cm<br \/>\nAnchura superficie: 60 cm<br \/>\nEspesor tabla: 2 cm<br \/>\nEtiquetas para Rotulado (Base Met\u00e1lica)<\/p>\n","protected":false},"excerpt":{"rendered":"<p>Nuestro escritorio gamer est\u00e1 dise\u00f1ado espec\u00edficamente para su equipo de juego y su placer para que pueda concentrarse en su batalla de juegos.<\/p>\n","protected":false},"featured_media":501,"comment_status":"closed","ping_status":"closed","template":"","meta":[],"product_brand":[],"product_cat":[349,270],"product_tag":[293],"class_list":{"0":"post-7102","1":"product","2":"type-product","3":"status-publish","4":"has-post-thumbnail","6":"product_cat-gamer","7":"product_cat-muebles","8":"product_tag-gamer-z","10":"first","11":"instock","12":"sale","13":"purchasable","14":"product-type-variable"},"_links":{"self":[{"href":"https:\/\/tododescuento.cl\/web\/wp-json\/wp\/v2\/product\/7102","targetHints":{"allow":["GET"]}}],"collection":[{"href":"https:\/\/tododescuento.cl\/web\/wp-json\/wp\/v2\/product"}],"about":[{"href":"https:\/\/tododescuento.cl\/web\/wp-json\/wp\/v2\/types\/product"}],"replies":[{"embeddable":true,"href":"https:\/\/tododescuento.cl\/web\/wp-json\/wp\/v2\/comments?post=7102"}],"wp:featuredmedia":[{"embeddable":true,"href":"https:\/\/tododescuento.cl\/web\/wp-json\/wp\/v2\/media\/501"}],"wp:attachment":[{"href":"https:\/\/tododescuento.cl\/web\/wp-json\/wp\/v2\/media?parent=7102"}],"wp:term":[{"taxonomy":"product_brand","embeddable":true,"href":"https:\/\/tododescuento.cl\/web\/wp-json\/wp\/v2\/product_brand?post=7102"},{"taxonomy":"product_cat","embeddable":true,"href":"https:\/\/tododescuento.cl\/web\/wp-json\/wp\/v2\/product_cat?post=7102"},{"taxonomy":"product_tag","embeddable":true,"href":"https:\/\/tododescuento.cl\/web\/wp-json\/wp\/v2\/product_tag?post=7102"}],"curies":[{"name":"wp","href":"https:\/\/api.w.org\/{rel}","templated":true}]}}