{"id":7094,"date":"2023-12-17T14:28:55","date_gmt":"2023-12-17T17:28:55","guid":{"rendered":"https:\/\/tododescuento.cl\/?post_type=product&#038;p=7094"},"modified":"2025-03-17T14:21:29","modified_gmt":"2025-03-17T17:21:29","slug":"pack-4-taburetes-pisos-replica-tolix-respaldo-bajo","status":"publish","type":"product","link":"https:\/\/tododescuento.cl\/web\/producto\/pack-4-taburetes-pisos-replica-tolix-respaldo-bajo\/","title":{"rendered":"Pack 4 Taburetes Tolix 77 cm Respaldo Bajo"},"content":{"rendered":"<p>Posee goma antideslizante en sus patas para proteger el suelo. Est\u00e1 protegido por pintura de alta calidad que forma una pel\u00edcula protectora en la superficie, es resistente a ara\u00f1azos, f\u00e1cil de limpiar proporcionando comodidad en su transporte y simplificando su almacenamiento en espacios compactos.<\/p>\n<p>El \u00e1ngulo del respaldo del taburete est\u00e1 formado con un dise\u00f1o ergon\u00f3mico.<\/p>\n<p>\u2022 Medidas del taburete:<\/p>\n<p>Alto: 77 cm<br \/>\nAncho de la banqueta: 33 cm<br \/>\nAncho del asiento: 30 cm<br \/>\nProfundidad: 33 cm<\/p>\n<p>Este taburete de estilo industrial est\u00e1 fabricado en metal galvanizado, es perfecto para restaurantes o para el hogar<\/p>\n","protected":false},"excerpt":{"rendered":"<p>El taburete Tolix ofrece durabilidad de grado comercial y un estilo moderno y robusto.<\/p>\n<p>&nbsp;<\/p>\n","protected":false},"featured_media":461,"comment_status":"closed","ping_status":"closed","template":"","meta":[],"product_brand":[],"product_cat":[270,278],"product_tag":[254,279],"class_list":{"0":"post-7094","1":"product","2":"type-product","3":"status-publish","4":"has-post-thumbnail","6":"product_cat-muebles","7":"product_cat-taburetes","8":"product_tag-plata","9":"product_tag-tolix","11":"first","12":"instock","13":"sale","14":"purchasable","15":"product-type-variable"},"_links":{"self":[{"href":"https:\/\/tododescuento.cl\/web\/wp-json\/wp\/v2\/product\/7094","targetHints":{"allow":["GET"]}}],"collection":[{"href":"https:\/\/tododescuento.cl\/web\/wp-json\/wp\/v2\/product"}],"about":[{"href":"https:\/\/tododescuento.cl\/web\/wp-json\/wp\/v2\/types\/product"}],"replies":[{"embeddable":true,"href":"https:\/\/tododescuento.cl\/web\/wp-json\/wp\/v2\/comments?post=7094"}],"wp:featuredmedia":[{"embeddable":true,"href":"https:\/\/tododescuento.cl\/web\/wp-json\/wp\/v2\/media\/461"}],"wp:attachment":[{"href":"https:\/\/tododescuento.cl\/web\/wp-json\/wp\/v2\/media?parent=7094"}],"wp:term":[{"taxonomy":"product_brand","embeddable":true,"href":"https:\/\/tododescuento.cl\/web\/wp-json\/wp\/v2\/product_brand?post=7094"},{"taxonomy":"product_cat","embeddable":true,"href":"https:\/\/tododescuento.cl\/web\/wp-json\/wp\/v2\/product_cat?post=7094"},{"taxonomy":"product_tag","embeddable":true,"href":"https:\/\/tododescuento.cl\/web\/wp-json\/wp\/v2\/product_tag?post=7094"}],"curies":[{"name":"wp","href":"https:\/\/api.w.org\/{rel}","templated":true}]}}